{"id":621,"date":"2021-05-07T10:44:53","date_gmt":"2021-05-07T08:44:53","guid":{"rendered":"http:\/\/www.hbrasilia.it\/?page_id=621"},"modified":"2022-07-06T16:43:27","modified_gmt":"2022-07-06T14:43:27","slug":"territorio","status":"publish","type":"page","link":"https:\/\/www.hbrasilia.it\/fr\/territorio\/","title":{"rendered":"Territoire"},"content":{"rendered":"<section class=\"container-fluid js--lazy-load wao-blocks-gallery-slider-flickity gallery-flickity-47084\" >\n    <article class=\"row\">\n        <div class=\"col-sm-12 p-0 position-relative\">\n            <section class=\"container-fluid js--lazy-load\">\n                <article class=\"row\">\n                    <div class=\"col-sm-12 p-0 position-relative\">\n                        <div class=\"js--flickity l--vh-50-md\" data-cellalign=\"left\" data-bglazyload=\"1\" data-freescroll=\"true\" data-wraparound=\"true\" data-autoplay=\"2000\" data-pauseautoplayonhover =\"true\" data-prevnextbuttons=\"false\" data-contain=\"true\" data-pagedots=\"false\" data-draggable=\"false\" data-groupcells=\"110%\" data-fade=\"true\">\n                                                            <div>\n                                    <div style=\"background: url('http:\/\/www.hbrasilia.it\/wp-content\/uploads\/2021\/05\/san-marino.jpg') center center \/ cover no-repeat rgb(250, 250, 250); display: block; width: 100vw;\" class=\"l--vh-50-md\"><\/div>\n                                <\/div>\n                                                            <div>\n                                    <div style=\"background: url('http:\/\/www.hbrasilia.it\/wp-content\/uploads\/2021\/05\/milano-marittima.jpg') center center \/ cover no-repeat rgb(250, 250, 250); display: block; width: 100vw;\" class=\"l--vh-50-md\"><\/div>\n                                <\/div>\n                                                            <div>\n                                    <div style=\"background: url('http:\/\/www.hbrasilia.it\/wp-content\/uploads\/2021\/05\/cervia.jpg') center center \/ cover no-repeat rgb(250, 250, 250); display: block; width: 100vw;\" class=\"l--vh-50-md\"><\/div>\n                                <\/div>\n                                                            <div>\n                                    <div style=\"background: url('http:\/\/www.hbrasilia.it\/wp-content\/uploads\/2021\/05\/cesena.jpg') center center \/ cover no-repeat rgb(250, 250, 250); display: block; width: 100vw;\" class=\"l--vh-50-md\"><\/div>\n                                <\/div>\n                                                            <div>\n                                    <div style=\"background: url('http:\/\/www.hbrasilia.it\/wp-content\/uploads\/2021\/05\/san-leo.jpg') center center \/ cover no-repeat rgb(250, 250, 250); display: block; width: 100vw;\" class=\"l--vh-50-md\"><\/div>\n                                <\/div>\n                                                            <div>\n                                    <div style=\"background: url('http:\/\/www.hbrasilia.it\/wp-content\/uploads\/2021\/05\/ravenna.jpg') center center \/ cover no-repeat rgb(250, 250, 250); display: block; width: 100vw;\" class=\"l--vh-50-md\"><\/div>\n                                <\/div>\n                            \n                        <\/div>\n                        <div class=\"position-absolute l--top l--bottom mx-auto l--align-middle-vertical\">\n                            <div class=\"text-over-slider h1 text-quaternary text-center animated zoomIn\" data-anim=\"zoomIn\" data-cof=\"true\" data-cof-rule=\"font-size, 2rem, 2.5rem, 2.5rem, 3rem, 3rem\">\n                                notre territoire !                            <\/div>\n                                                    <\/div>\n                    <\/div>\n                <\/article>\n            <\/section>\n        <\/div>\n    <\/article>\n<\/section>\n\n<section class=\"wao-blocks-container container mb-2\"\n\t\t>\n    \n<div class=\"wao-blocks-row row\" >\n    \n\n<div class=\"col-12 col-md-12 text-center py-5\"\n     \n\t \n\t>\n        \n\n<h1 class=\"wp-block-heading\">Cesenatico et pas seulement ! Un territoire \u00e0 d\u00e9couvrir<\/h1>\n\n\n\n<div class=\"wao-blocks-immagine-src js--hideme\" \n    data-anim='rubberBand' >\n                    <img decoding=\"async\" src=\"http:\/\/www.hbrasilia.it\/wp-content\/uploads\/2021\/04\/divider-2.png\"  class=\"my-3\"  alt=\"diviseur-2\">\n    <\/div>\n\n\n<p><strong>Cesenatico <\/strong>est l'une des villes les plus caract\u00e9ristiques de la Riviera Romagnola. Avec son <strong>des chalets de p\u00eacheurs color\u00e9s<\/strong>son <strong>Le port du canal de L\u00e9onard de Vinci<\/strong> et son <strong>Piazzetta delle Conserve<\/strong>Vous pouvez facilement le visiter en une journ\u00e9e. Parmi les lieux \u00e0 visiter absolument, il y a le <strong>Mus\u00e9e maritime<\/strong>pour mieux comprendre l'histoire de Cesenatico, mais aussi de cette partie de la Riviera si d\u00e9di\u00e9e \u00e0 la p\u00eache et \u00e0 la vie marine. \u00c0 Cesenatico, vous trouverez \u00e9galement les services suivants <strong>Mus\u00e9e Pantani<\/strong>recherch\u00e9e apr\u00e8s la disparition du jeune cycliste ; les belles plages dor\u00e9es et les gratte-ciel de la ville. La visite de Cesenatico est sans aucun doute l'une des activit\u00e9s \u00e0 ne pas manquer lors d'un s\u00e9jour \u00e0 l'h\u00f4tel Brasilia. Pendant la journ\u00e9e, nous vous recommandons \u00e9galement de vous arr\u00eater dans l'un des restaurants du Porto Canale ou dans un kiosque \u00e0 piadina sur le front de mer.<\/p>\n\n    <\/div>\n<\/div>\n<\/section>\n\n<section class=\"wao-blocks-container container-fluid mb-0 g--bkg-dark-04\"\n\t\t>\n    \n<div class=\"wao-blocks-row row pb-5\" >\n    \n\n<div class=\"col-12 col-lg-6 p-4 d-flex align-items-center  order-lg-1 order-last\"\n     \n\t \n\t>\n        \n<div class=\"box-sx-over\">\n\n\n<h3 class=\"pb-3 text-uppercase wp-block-heading\">Ravenna<\/h3>\n\n\n\n<p><strong>\u00c0 seulement 30 km de Cesenatico<\/strong>Ravenne est l'une des villes les plus importantes de Romagne, gr\u00e2ce \u00e0 son riche patrimoine artistique, avec 8 monuments dans la liste des monuments les plus importants de la r\u00e9gion. <strong>Site du patrimoine mondial de l'UNESCO<\/strong>. Vous pouvez visiter de belles basiliques, d'anciens mausol\u00e9es, <strong>mosa\u00efques spectaculaires<\/strong> et des curiosit\u00e9s fascinantes, dont la tombe de Dante Alighieri \u00e0 la basilique de San Francesco, dans le centre de la ville.<\/p>\n\n\n<\/div>\n    <\/div>\n\n\n<div class=\"col-12 col-lg-6 p-0 order-lg-3 order-1\"\n     \n\t \n\t>\n        \n    <figure\n        class=\"wao-blocks-immagine-bkg js--hideme\"\n        style=\"background: url('http:\/\/www.hbrasilia.it\/wp-content\/uploads\/2021\/05\/ravenna.jpg') center center \/ cover no-repeat;\"\n        data-anim=\"bounceInRight\" data-cof=\"true\" data-cof-rule=\"min-height, 350px, 350px, 400px, 100%, 100%\" >\n            <\/figure>\n\n    <\/div>\n<\/div>\n\n<div class=\"wao-blocks-row row pb-5\" >\n    \n\n<div class=\"col-12 col-lg-6 p-0 order-1\"\n     \n\t \n\t>\n        \n    <figure\n        class=\"wao-blocks-immagine-bkg js--hideme\"\n        style=\"background: url('http:\/\/www.hbrasilia.it\/wp-content\/uploads\/2021\/05\/san-leo.jpg') center center \/ cover no-repeat;\"\n        data-anim=\"bounceInLeft\" data-cof=\"true\" data-cof-rule=\"min-height, 350px, 350px, 400px, 100%, 100%\" >\n            <\/figure>\n\n    <\/div>\n\n\n<div class=\"col-12 col-lg-6 p-4 d-flex align-items-center  order-lg-1 order-last\"\n     \n\t \n\t>\n        \n<div class=\"box-dx-over\">\n\n\n<h3 class=\"pb-3 text-uppercase wp-block-heading\">Saint L\u00e9o<\/h3>\n\n\n\n<p>Un lieu fascinant et riche en histoire, San Leo est <strong>un village perch\u00e9 sur une montagne<\/strong> surplombant les vall\u00e9es de Valmarecchia dans l'arri\u00e8re-pays de la Romagne. Au sommet du village se dresse la Forteresse, qui servait autrefois de forteresse militaire, mais qui est aujourd'hui le si\u00e8ge du Mus\u00e9e de San Leo. Depuis la forteresse, vous pouvez admirer un <strong>vue imprenable <\/strong>avec une vue jusqu'\u00e0 la mer, pour une vue de l'arri\u00e8re-pays de la Romagne que tout le monde ne conna\u00eet pas. Les autres lieux d'int\u00e9r\u00eat sont le clocher et la cath\u00e9drale, qui sont riches en charme ancien.<\/p>\n\n\n<\/div>\n    <\/div>\n<\/div>\n\n<div class=\"wao-blocks-row row pb-5\" >\n    \n\n<div class=\"col-12 col-lg-6 p-4 d-flex align-items-center  order-lg-1 order-last\"\n     \n\t \n\t>\n        \n<div class=\"box-sx-over\">\n\n\n<h3 class=\"pb-3 text-uppercase wp-block-heading\">Saint-Marin<\/h3>\n\n\n\n<p>Consid\u00e9r\u00e9 comme <strong>la plus ancienne r\u00e9publique du monde<\/strong>Saint-Marin est une destination \u00e0 ne pas manquer compte tenu de la particularit\u00e9 du lieu : un \u00c9tat ind\u00e9pendant perch\u00e9 sur le mont Titano, riche en histoire et en culture. Depuis 2008, la vieille ville et le mont Titano sont inscrits sur la liste du patrimoine mondial de l'UNESCO. <strong>Sites du patrimoine mondial<\/strong>. Outre l'histoire et les monuments anciens que vous pouvez visiter, Saint-Marin est \u00e9galement c\u00e9l\u00e8bre pour son shopping, gr\u00e2ce \u00e0 ses nombreux points de vente, <strong>centres commerciaux et magasins d'artisanat<\/strong> pour tous les go\u00fbts.<\/p>\n\n\n<\/div>\n    <\/div>\n\n\n<div class=\"col-12 col-lg-6 p-0 order-lg-3 order-1\"\n     \n\t \n\t>\n        \n    <figure\n        class=\"wao-blocks-immagine-bkg js--hideme\"\n        style=\"background: url('http:\/\/www.hbrasilia.it\/wp-content\/uploads\/2021\/05\/san-marino.jpg') center center \/ cover no-repeat;\"\n        data-anim=\"bounceInRight\" data-cof=\"true\" data-cof-rule=\"min-height, 350px, 350px, 400px, 100%, 100%\" >\n            <\/figure>\n\n    <\/div>\n<\/div>\n\n<div class=\"wao-blocks-row row pb-5\" >\n    \n\n<div class=\"col-12 col-lg-6 p-0 order-1\"\n     \n\t \n\t>\n        \n    <figure\n        class=\"wao-blocks-immagine-bkg js--hideme\"\n        style=\"background: url('http:\/\/www.hbrasilia.it\/wp-content\/uploads\/2021\/05\/cesena.jpg') center center \/ cover no-repeat;\"\n        data-anim=\"bounceInLeft\" data-cof=\"true\" data-cof-rule=\"min-height, 350px, 350px, 400px, 100%, 100%\" >\n            <\/figure>\n\n    <\/div>\n\n\n<div class=\"col-12 col-lg-6 p-4 d-flex align-items-center  order-lg-1 order-last\"\n     \n\t \n\t>\n        \n<div class=\"box-dx-over\">\n\n\n<h3 class=\"pb-3 text-uppercase wp-block-heading\">Cesena<\/h3>\n\n\n\n<p>Cesena est une<strong>importante ville d'art <\/strong>avec une vieille ville anim\u00e9e entour\u00e9e de murs anciens, encore presque intacts. Parmi les principales attractions, citons le <strong>Biblioth\u00e8que Malatesta<\/strong>la premi\u00e8re biblioth\u00e8que municipale europ\u00e9enne, et la <strong>Th\u00e9\u00e2tre Bonci<\/strong>l'un des plus appr\u00e9ci\u00e9s d'Italie. Autrefois ville centrale de la domination de la dynastie des Malatesta, elle comprend de nombreuses <strong>\u00e9glises et palais <\/strong>d'un int\u00e9r\u00eat historique et artistique consid\u00e9rable, dont la Rocca Malatestiana. \u00c0 proximit\u00e9, nous vous recommandons de visiter le<strong>Abbaye b\u00e9n\u00e9dictine de Monte<\/strong>.<\/p>\n\n\n<\/div>\n    <\/div>\n<\/div>\n\n<div class=\"wao-blocks-row row pb-5\" >\n    \n\n<div class=\"col-12 col-lg-6 p-4 d-flex align-items-center  order-lg-1 order-last\"\n     \n\t \n\t>\n        \n<div class=\"box-sx-over\">\n\n\n<h3 class=\"pb-3 text-uppercase wp-block-heading\">Milano Marittima<\/h3>\n\n\n\n<p>Connu comme le plus <strong>une station baln\u00e9aire \u00e9l\u00e9gante et exclusive<\/strong> de la Riviera Romagnola, mis en lumi\u00e8re par les c\u00e9l\u00e8bres bo\u00eetes de nuit fr\u00e9quent\u00e9es par des c\u00e9l\u00e9brit\u00e9s et pas seulement, qui animent les chaudes nuits d'\u00e9t\u00e9 de la Riviera. Dans le centre ville, vous trouverez de nombreux excellents restaurants, <strong>d'innombrables boutiques <\/strong>qui propose des marques de haute couture et bien plus encore. Milano Marittima, cependant, ne se limite pas \u00e0 la vie nocturne, mais offre \u00e9galement un grand nombre de <strong>services pour les familles avec enfants<\/strong>y compris des plages \u00e9quip\u00e9es et des parcs d'attractions pour tous les besoins.<\/p>\n\n\n<\/div>\n    <\/div>\n\n\n<div class=\"col-12 col-lg-6 p-0 order-lg-3 order-1\"\n     \n\t \n\t>\n        \n    <figure\n        class=\"wao-blocks-immagine-bkg js--hideme\"\n        style=\"background: url('http:\/\/www.hbrasilia.it\/wp-content\/uploads\/2021\/05\/milano-marittima.jpg') center center \/ cover no-repeat;\"\n        data-anim=\"bounceInRight\" data-cof=\"true\" data-cof-rule=\"min-height, 350px, 350px, 400px, 100%, 100%\" >\n            <\/figure>\n\n    <\/div>\n<\/div>\n\n<div class=\"wao-blocks-row row\" >\n    \n\n<div class=\"col-12 col-lg-6 p-0 order-1\"\n     \n\t \n\t>\n        \n    <figure\n        class=\"wao-blocks-immagine-bkg js--hideme\"\n        style=\"background: url('http:\/\/www.hbrasilia.it\/wp-content\/uploads\/2021\/05\/cervia.jpg') center center \/ cover no-repeat;\"\n        data-anim=\"bounceInLeft\" data-cof=\"true\" data-cof-rule=\"min-height, 350px, 350px, 400px, 100%, 100%\" >\n            <\/figure>\n\n    <\/div>\n\n\n<div class=\"col-12 col-lg-6 p-4 d-flex align-items-center  order-lg-1 order-last\"\n     \n\t \n\t>\n        \n<div class=\"box-dx-over\">\n\n\n<h3 class=\"pb-3 text-uppercase wp-block-heading\">Cervia et les salines<\/h3>\n\n\n\n<p>Cervia est une ville connue avant tout pour la production de sel. Une visite des entrep\u00f4ts de sel s'impose, car ils abritent l'industrie du sel. <strong>Mus\u00e9e du sel<\/strong>dans un cadre suggestif. Au centre de la ville se trouvent la tour San Michele, la cath\u00e9drale, l'h\u00f4tel de ville et la Piazza Garibaldi. Le site <strong>le centre historique de la ville est anim\u00e9 <\/strong>et souvent anim\u00e9e par des march\u00e9s, des concerts et des \u00e9v\u00e9nements c\u00e9l\u00e8bres tels que les Noces de la mer, le Festival de San Lorenzo et la F\u00eate du sel. A proximit\u00e9 se trouve <strong>la pin\u00e8de mill\u00e9naire et les ther ther thermes<\/strong>un \u00e9tablissement moderne particuli\u00e8rement connu pour ses traitements \u00e0 base de boue de lagon et pour le<strong>Eau curative des salines de Cervia<\/strong>.<\/p>\n\n\n<\/div>\n    <\/div>\n<\/div>\n<\/section>\n\n<section class=\"wao-blocks-container container mb-2\"\n\t\t>\n    \n<div class=\"wao-blocks-row row mw-800 mx-auto\" >\n    \n\n<div class=\"col-12 col-md-12 text-center pt-5\"\n     \n\t \n\t>\n        \n\n<h2 class=\"wp-block-heading\">S'abonner \u00e0 la newsletter<\/h2>\n\n\n\n<div class=\"wao-blocks-immagine-src js--hideme\" \n    data-anim='rubberBand' >\n                    <img decoding=\"async\" src=\"http:\/\/www.hbrasilia.it\/wp-content\/uploads\/2021\/04\/divider-2.png\"  class=\"my-3\"  alt=\"diviseur-2\">\n    <\/div>\n    <\/div>\n\n\n<div class=\"col-12 pb-5\"\n     \n\t \n\t>\n        \n<script src=\"https:\/\/www.google.com\/recaptcha\/enterprise.js?render=6LdKs-6Lc3xMIcAAAAAO2K3CkgGUYb6BcsBOk289jP7NUP\"><\/script>\n<div class=\"l--box-newsletter wao-blocks-nav-tab py-4\" >\n    <form class=\"custom\" name=\"iscrizione_newsletter\" id=\"iscrizione_newsletter\" method=\"post\" autocomplete=\"OFF\" action=\"\">\n        <fieldset>\n            <div class=\"form-group row\">\n                <div id=\"newsletter\" class=\"col-12 col-lg-12 mx-auto\">\n<input value=\"on\" type=\"checkbox\" name=\"news_privacy\" id=\"news_privacy\">\n<label for=\"news_privacy\">*\n    <small>\n        <a href=\"javascript:void(0)\" title=\"confidentialit\u00e9\"\n            class=\"privacy link-privacy-policy\" style=\"cursor: pointer;\">\n            J'accepte la confidentialit\u00e9\n        <\/a>\n    <\/small>\n<\/label>\n<\/div>                <div class=\"col-12 col-lg-4 mx-auto\">\n                    <input type=\"text\" class=\"form-control\" id=\"news_nome\" name=\"nome\" placeholder=\"Nom*\">\n                <\/div>\n                <div class=\"col-12 col-lg-4 mx-auto\">\n                    <input type=\"text\" class=\"form-control\" id=\"news_email\" name=\"email\" value=\"\" placeholder=\"Courriel*\">\n                <\/div>\n                                <div class=\"col-12 col-lg-4 mx-auto\">\n                    <button class=\"btn btn-outline-secondary\"type=\"submit\" id=\"iscrizioneNewsletter\">\n                        S'inscrire\n                    <\/button>\n                    <input name=\"dominio\" type=\"hidden\" value=\"https:\/\/www.hbrasilia.it\/fr\/\">\n                    <input name=\"idHotel\" type=\"hidden\" value=\"517\">\n                    <input name=\"lingua\" type=\"hidden\" value=\"it\">\n                <\/div>\n            <\/div>\n        <\/fieldset>\n    <input type=\"hidden\" name=\"trp-form-language\" value=\"fr\"\/><\/form>\n<\/div>\n<div id=\"divAlert\" class=\"h-50 w-50 m-auto alert-info d-none\" style=\"position: fixed; top: 10px; left: 10px; right: 10px; bottom: 10px; z-index: 2000; overflow: auto\">\n\t<div class=\"text-right\">\n\t\t<a class=\"btn btn-primary btn_chiudi\" href=\"javascript:void(0)\" onclick=\"location.reload(true);\" title=\"Fermer\"><i class=\"fa fa-times\" aria-hidden=\"true\"><\/i><\/a>\n\t<\/div>\n\t<div class=\"text-center alert-info l--align-middle-vertical\" style=\"height: calc(100% - 50px);\">\n\t\t<div class=\"logo\"><\/div>\n\t\t<div class=\"text-center h-50 w-50\">\n\t\t\t<span class=\"display-3\"><i class=\"fa fa-paper-plane\" aria-hidden=\"true\"><\/i><\/span>\n\t\t\t<h4>L'abonnement \u00e0 la newsletter a \u00e9t\u00e9 effectu\u00e9 avec succ\u00e8s<\/h4>\n\t\t<\/div>\n\t<\/div>\n<\/div>\n\n    <\/div>\n<\/div>\n<\/section>\n\n<section class=\"wao-blocks-container container-fluid mb-0\"\n\t\t>\n    \n<div class=\"wao-blocks-row row\" >\n    \n\n<div class=\"col-12 col-md-6 py-3 g--bkg-dark-04 px-4\"\n     \n\t \n\t>\n        \n\n<h2 class=\"has-text-align-center py-4 wp-block-heading\">Ce qu'ils disent de nous<\/h2>\n\n\n\n<div class=\"mx-auto text-center wao-blocks-recensioni-flickity recensioni-trip recensioni-flickity-16465\"\n        style=\"margin-bottom: 35px\">\n        <blockquote>\n        <div class=\"js--flickity\" data-cellalign=\"center\" data-bglazyload=\"1\" data-freescroll=\"true\" data-wraparound=\"true\" data-autoplay=\"5000\" data-pauseautoplayonhover =\"true\" data-prevnextbuttons=\"false\" data-contain=\"true\" data-pagedots=\"true\" data-draggable=\"false\" data-groupcells=\"1\" data-fade=\"true\" role=\"toolbar\">\n                        <div style=\"width: 100%;\">\n                                        <div>\n                                <img decoding=\"async\" src=\"http:\/\/www.hbrasilia.it\/wp-content\/uploads\/2021\/05\/tripadvisor.svg\" class=\"img-fluid mx-auto pb-3\" alt=\"tripadvisor\">\n                            <\/div>\n                                                <h4><\/h4>\n                        <p>J'ai pass\u00e9 des jours fantastiques dans cet h\u00f4tel. Les propri\u00e9taires et le personnel sont chaleureux et amicaux. Excellente nourriture. Service et entretien excellents. Bon service et propret\u00e9. Je le recommande vivement \u00e0 ceux qui souhaitent passer des vacances paisibles dans un environnement familial et avec leurs amis \u00e0 quatre pattes.<\/p>\n                        <strong>\n                            <i>Tatiana<\/i>\n                        <\/strong>\n                    <\/div>\n                        <div style=\"width: 100%;\">\n                                        <div>\n                                <img decoding=\"async\" src=\"http:\/\/www.hbrasilia.it\/wp-content\/uploads\/2021\/05\/tripadvisor.svg\" class=\"img-fluid mx-auto pb-3\" alt=\"tripadvisor\">\n                            <\/div>\n                                                <h4><\/h4>\n                        <p>H\u00f4tel consigliatissimo !!!! Aujourd'hui est malheureusement le dernier jour ... La propri\u00e9taire Cynthia tr\u00e8s gentille et attentive \u00e0 tout ! !! Propret\u00e9 impeccable, tout le personnel gentil Excellente nourriture et abondante !!! Nous avons pass\u00e9 un excellent moment et avons \u00e9galement accueilli notre chien Angel !!! Le seul point n\u00e9gatif : \u00e0 la fin des vacances, vous aurez quelques kilos en trop ! Que dire ? Allez-y, allez-y ! Nous y reviendrons certainement<\/p>\n                        <strong>\n                            <i>Barbara et Tito<\/i>\n                        <\/strong>\n                    <\/div>\n                        <div style=\"width: 100%;\">\n                                        <div>\n                                <img decoding=\"async\" src=\"http:\/\/www.hbrasilia.it\/wp-content\/uploads\/2021\/05\/tripadvisor.svg\" class=\"img-fluid mx-auto pb-3\" alt=\"tripadvisor\">\n                            <\/div>\n                                                <h4><\/h4>\n                        <p>S\u00e9journ\u00e9 en juillet, pour la deuxi\u00e8me ann\u00e9e nous avons choisi le Brasilia pour nos vacances. Excellente cuisine, environnement propre et accueillant. Le personnel est disponible, amical et jamais intrusif. H\u00f4tel situ\u00e9 pr\u00e8s de la plage et de la promenade, \u00e0 proximit\u00e9 de tous les services ... Je ne peux pas trouver un d\u00e9faut. Recommand\u00e9 !<\/p>\n                        <strong>\n                            <i>Claudia<\/i>\n                        <\/strong>\n                    <\/div>\n                        <div style=\"width: 100%;\">\n                                        <div>\n                                <img decoding=\"async\" src=\"http:\/\/www.hbrasilia.it\/wp-content\/uploads\/2021\/05\/tripadvisor.svg\" class=\"img-fluid mx-auto pb-3\" alt=\"tripadvisor\">\n                            <\/div>\n                                                <h4><\/h4>\n                        <p>Nous avons pass\u00e9 une semaine dans cette structure \u00e0 la fronti\u00e8re avec Gatteo Mare. Nous avons pass\u00e9 un excellent moment, avec un personnel sympathique et surtout avec la propri\u00e9taire, Mme Cynthia. Bonne nourriture simple mais avec beaucoup de choix du petit-d\u00e9jeuner au d\u00eener. Excellent rapport qualit\u00e9-prix ... Nous y reviendrons certainement<\/p>\n                        <strong>\n                            <i>Barbara<\/i>\n                        <\/strong>\n                    <\/div>\n                        <div style=\"width: 100%;\">\n                                        <div>\n                                <img decoding=\"async\" src=\"http:\/\/www.hbrasilia.it\/wp-content\/uploads\/2021\/05\/tripadvisor.svg\" class=\"img-fluid mx-auto pb-3\" alt=\"tripadvisor\">\n                            <\/div>\n                                                <h4><\/h4>\n                        <p>4 jours de pure convivialit\u00e9. A deux pas de la mer, dans la r\u00e9gion du \"tout est possible\" et du \"nous faisons tout pour vous rendre heureux\", ici tout est \u00e0 l'enseigne de ce que vous souhaitez apr\u00e8s une ann\u00e9e de travail. Merci Cinzia et tout le personnel de Brasilia !<\/p>\n                        <strong>\n                            <i>Luca<\/i>\n                        <\/strong>\n                    <\/div>\n                    <\/div>\n    <\/blockquote>\n<\/div>\n    <\/div>\n\n\n<div class=\"col-12 col-md-6 px-0 pt-3 g--bkg-dark-02\"\n     \n\t \n\t>\n        \n\n<h2 class=\"has-text-align-center pt-4 pb-5 text-white wp-block-heading\">O\u00f9 nous sommes<\/h2>\n\n\n\n<iframe class=\"js--lazy-load\" data-src=\"https:\/\/www.google.com\/maps\/embed?pb=!1m14!1m8!1m3!1d11446.495543840614!2d12.4305556!3d44.1736111!3m2!1i1024!2i768!4f13.1!3m3!1m2!1s0x0%3A0x1d0515c4a2e9d7e4!2sHotel%20Brasilia!5e0!3m2!1sit!2sit!4v1620216279004!5m2!1sit!2sit\" width=\"100%\" frameborder=\"0\" style=\"border:0; min-height: 350px; margin-bottom: -9px;\" allowfullscreen=\"\" aria-hidden=\"false\" tabindex=\"0\"><\/iframe>\n    <\/div>\n<\/div>\n<\/section>","protected":false},"excerpt":{"rendered":"","protected":false},"author":1,"featured_media":0,"parent":0,"menu_order":0,"comment_status":"closed","ping_status":"closed","template":"","meta":{"footnotes":""},"class_list":["post-621","page","type-page","status-publish","hentry"],"_links":{"self":[{"href":"https:\/\/www.hbrasilia.it\/fr\/wp-json\/wp\/v2\/pages\/621","targetHints":{"allow":["GET"]}}],"collection":[{"href":"https:\/\/www.hbrasilia.it\/fr\/wp-json\/wp\/v2\/pages"}],"about":[{"href":"https:\/\/www.hbrasilia.it\/fr\/wp-json\/wp\/v2\/types\/page"}],"author":[{"embeddable":true,"href":"https:\/\/www.hbrasilia.it\/fr\/wp-json\/wp\/v2\/users\/1"}],"replies":[{"embeddable":true,"href":"https:\/\/www.hbrasilia.it\/fr\/wp-json\/wp\/v2\/comments?post=621"}],"version-history":[{"count":14,"href":"https:\/\/www.hbrasilia.it\/fr\/wp-json\/wp\/v2\/pages\/621\/revisions"}],"predecessor-version":[{"id":941,"href":"https:\/\/www.hbrasilia.it\/fr\/wp-json\/wp\/v2\/pages\/621\/revisions\/941"}],"wp:attachment":[{"href":"https:\/\/www.hbrasilia.it\/fr\/wp-json\/wp\/v2\/media?parent=621"}],"curies":[{"name":"wp","href":"https:\/\/api.w.org\/{rel}","templated":true}]}}