{"id":605,"date":"2021-05-07T10:35:45","date_gmt":"2021-05-07T08:35:45","guid":{"rendered":"http:\/\/www.hbrasilia.it\/?page_id=605"},"modified":"2025-12-11T17:33:32","modified_gmt":"2025-12-11T16:33:32","slug":"gallery","status":"publish","type":"page","link":"https:\/\/www.hbrasilia.it\/fr\/gallery\/","title":{"rendered":"Galerie"},"content":{"rendered":"<section class=\"wao-blocks-container container mb-2\"\n\t\t>\n    \n<div class=\"wao-blocks-row row\" >\n    \n\n<div class=\"col-12 col-md-12 text-center py-5\"\n     \n\t \n\t>\n        \n\n<h1 class=\"wp-block-heading\">Galerie<\/h1>\n\n\n\n<div class=\"wao-blocks-immagine-src js--hideme\" \n    data-anim='rubberBand' >\n                    <img decoding=\"async\" src=\"http:\/\/www.hbrasilia.it\/wp-content\/uploads\/2021\/04\/divider-2.png\"  class=\"my-3\"  alt=\"diviseur-2\">\n    <\/div>\n\n\n<p>Vous pouvez voir ici des photos de notre h\u00f4tel, des espaces ext\u00e9rieurs aux chambres, en passant par le restaurant et la salle de b\u00e9b\u00e9 pour l'animation !<\/p>\n\n    <\/div>\n<\/div>\n<\/section>\n\n<div class=\"py-5 g--bkg-dark-04\">\n\n<section class=\"wao-blocks-container container mb-0\"\n\t\t>\n    \n<div class=\"wao-blocks-row row\" >\n    \n\n<div class=\"col-12 col-md-12\"\n     \n\t \n\t>\n        \n<div class=\"wao-blocks-gallery-v1\">\n\t<div class=\"row p-0 m-0 l--gallery-grid\"><div class=\"col-6 l--height-3 l--p-gall\"><div style=\"height: 100%; background-image: url(http:\/\/www.hbrasilia.it\/wp-content\/uploads\/2021\/05\/facciata-1024x682.jpg)\">\n\t\t\t<a href=\"http:\/\/www.hbrasilia.it\/wp-content\/uploads\/2021\/05\/facciata.jpg\" rel=\"ilightBox\" class=\"d-block h-100\" title=\"Galerie ouverte\"><\/a><\/div><\/div><div class=\"col-6 p-x-0\"><div class=\"row\"><div class=\"col-6 l--height-1 l--p-gall\"><div style=\"height: 100%; background-image: url(http:\/\/www.hbrasilia.it\/wp-content\/uploads\/2024\/11\/brasilia-007-683x1024.jpg)\">\n\t\t\t<a href=\"http:\/\/www.hbrasilia.it\/wp-content\/uploads\/2024\/11\/brasilia-007.jpg\" rel=\"ilightBox\" class=\"d-block h-100\" title=\"Galerie ouverte\"><\/a><\/div><\/div><div class=\"col-6 l--height-1 l--p-gall\"><div style=\"height: 100%; background-image: url(http:\/\/www.hbrasilia.it\/wp-content\/uploads\/2024\/11\/brasilia-005-644x1024.jpg)\">\n\t\t\t<a href=\"http:\/\/www.hbrasilia.it\/wp-content\/uploads\/2024\/11\/brasilia-005.jpg\" rel=\"ilightBox\" class=\"d-block h-100\" title=\"Galerie ouverte\"><\/a><\/div><\/div><div class=\"col-6 l--height-1 l--p-gall\"><div style=\"height: 100%; background-image: url(http:\/\/www.hbrasilia.it\/wp-content\/uploads\/2024\/11\/servizi-in-hotel-647x1024.jpg)\">\n\t\t\t<a href=\"http:\/\/www.hbrasilia.it\/wp-content\/uploads\/2024\/11\/servizi-in-hotel.jpg\" rel=\"ilightBox\" class=\"d-block h-100\" title=\"Galerie ouverte\"><\/a><\/div><\/div><div class=\"col-6 l--height-1 l--p-gall\"><div style=\"height: 100%; background-image: url(http:\/\/www.hbrasilia.it\/wp-content\/uploads\/2024\/11\/top-servizi-2-1024x683.jpg)\">\n\t\t\t<a href=\"http:\/\/www.hbrasilia.it\/wp-content\/uploads\/2024\/11\/top-servizi-2.jpg\" rel=\"ilightBox\" class=\"d-block h-100\" title=\"Galerie ouverte\"><\/a><\/div><\/div><\/div><\/div><div class=\"col-6 p-x-0\"><div class=\"row\"><div class=\"col-6 l--height-1 l--p-gall\"><div style=\"height: 100%; background-image: url(http:\/\/www.hbrasilia.it\/wp-content\/uploads\/2024\/11\/giochi-bambini-04-683x1024.jpg)\">\n\t\t\t<a href=\"http:\/\/www.hbrasilia.it\/wp-content\/uploads\/2024\/11\/giochi-bambini-04.jpg\" rel=\"ilightBox\" class=\"d-block h-100\" title=\"Galerie ouverte\"><\/a><\/div><\/div><div class=\"col-6 l--height-1 l--p-gall\"><div style=\"height: 100%; background-image: url(http:\/\/www.hbrasilia.it\/wp-content\/uploads\/2024\/11\/giochi-bambini-02-1024x819.jpg)\">\n\t\t\t<a href=\"http:\/\/www.hbrasilia.it\/wp-content\/uploads\/2024\/11\/giochi-bambini-02.jpg\" rel=\"ilightBox\" class=\"d-block h-100\" title=\"Galerie ouverte\"><\/a><\/div><\/div><div class=\"col-6 l--height-1 l--p-gall\"><div style=\"height: 100%; background-image: url(http:\/\/www.hbrasilia.it\/wp-content\/uploads\/2024\/11\/top-animazione-1024x683.jpg)\">\n\t\t\t<a href=\"http:\/\/www.hbrasilia.it\/wp-content\/uploads\/2024\/11\/top-animazione.jpg\" rel=\"ilightBox\" class=\"d-block h-100\" title=\"Galerie ouverte\"><\/a><\/div><\/div><div class=\"col-6 l--height-1 l--p-gall\"><div style=\"height: 100%; background-image: url(http:\/\/www.hbrasilia.it\/wp-content\/uploads\/2024\/11\/giochi-bambini-05-683x1024.jpg)\">\n\t\t\t<a href=\"http:\/\/www.hbrasilia.it\/wp-content\/uploads\/2024\/11\/giochi-bambini-05.jpg\" rel=\"ilightBox\" class=\"d-block h-100\" title=\"Galerie ouverte\"><\/a><\/div><\/div><\/div><\/div><div class=\"col-6 l--height-3 l--p-gall\"><div style=\"height: 100%; background-image: url(http:\/\/www.hbrasilia.it\/wp-content\/uploads\/2024\/11\/giochi-bambini-03-1024x683.jpg)\">\n\t\t\t<a href=\"http:\/\/www.hbrasilia.it\/wp-content\/uploads\/2024\/11\/giochi-bambini-03.jpg\" rel=\"ilightBox\" class=\"d-block h-100\" title=\"Galerie ouverte\"><\/a><\/div><\/div><div class=\"col-6 l--height-3 l--p-gall\"><div style=\"height: 100%; background-image: url(http:\/\/www.hbrasilia.it\/wp-content\/uploads\/2024\/11\/risto-04-683x1024.jpg)\">\n\t\t\t<a href=\"http:\/\/www.hbrasilia.it\/wp-content\/uploads\/2024\/11\/risto-04.jpg\" rel=\"ilightBox\" class=\"d-block h-100\" title=\"Galerie ouverte\"><\/a><\/div><\/div><div class=\"col-6 p-x-0\"><div class=\"row\"><div class=\"col-6 l--height-1 l--p-gall\"><div style=\"height: 100%; background-image: url(http:\/\/www.hbrasilia.it\/wp-content\/uploads\/2024\/11\/risto-02-576x1024.jpg)\">\n\t\t\t<a href=\"http:\/\/www.hbrasilia.it\/wp-content\/uploads\/2024\/11\/risto-02.jpg\" rel=\"ilightBox\" class=\"d-block h-100\" title=\"Galerie ouverte\"><\/a><\/div><\/div><div class=\"col-6 l--height-1 l--p-gall\"><div style=\"height: 100%; background-image: url(http:\/\/www.hbrasilia.it\/wp-content\/uploads\/2025\/12\/risto-brasilia-07-683x1024.jpg)\">\n\t\t\t<a href=\"http:\/\/www.hbrasilia.it\/wp-content\/uploads\/2025\/12\/risto-brasilia-07.jpg\" rel=\"ilightBox\" class=\"d-block h-100\" title=\"Galerie ouverte\"><\/a><\/div><\/div><div class=\"col-6 l--height-1 l--p-gall\"><div style=\"height: 100%; background-image: url(http:\/\/www.hbrasilia.it\/wp-content\/uploads\/2024\/11\/risto-03-576x1024.jpg)\">\n\t\t\t<a href=\"http:\/\/www.hbrasilia.it\/wp-content\/uploads\/2024\/11\/risto-03.jpg\" rel=\"ilightBox\" class=\"d-block h-100\" title=\"Galerie ouverte\"><\/a><\/div><\/div><div class=\"col-6 l--height-1 l--p-gall\"><div style=\"height: 100%; background-image: url(http:\/\/www.hbrasilia.it\/wp-content\/uploads\/2024\/11\/risto-05-576x1024.jpg)\">\n\t\t\t<a href=\"http:\/\/www.hbrasilia.it\/wp-content\/uploads\/2024\/11\/risto-05.jpg\" rel=\"ilightBox\" class=\"d-block h-100\" title=\"Galerie ouverte\"><\/a><\/div><\/div><\/div><\/div><div class=\"col-6 p-x-0\"><div class=\"row\"><div class=\"col-6 l--height-1 l--p-gall\"><div style=\"height: 100%; background-image: url(http:\/\/www.hbrasilia.it\/wp-content\/uploads\/2025\/12\/risto-brasilia-06-683x1024.jpg)\">\n\t\t\t<a href=\"http:\/\/www.hbrasilia.it\/wp-content\/uploads\/2025\/12\/risto-brasilia-06.jpg\" rel=\"ilightBox\" class=\"d-block h-100\" title=\"Galerie ouverte\"><\/a><\/div><\/div><div class=\"col-6 l--height-1 l--p-gall\"><div style=\"height: 100%; background-image: url(http:\/\/www.hbrasilia.it\/wp-content\/uploads\/2025\/12\/risto-brasilia-01-683x1024.jpg)\">\n\t\t\t<a href=\"http:\/\/www.hbrasilia.it\/wp-content\/uploads\/2025\/12\/risto-brasilia-01.jpg\" rel=\"ilightBox\" class=\"d-block h-100\" title=\"Galerie ouverte\"><\/a><\/div><\/div><div class=\"col-6 l--height-1 l--p-gall\"><div style=\"height: 100%; background-image: url(http:\/\/www.hbrasilia.it\/wp-content\/uploads\/2024\/11\/ristorante-brasilia-02-721x1024.jpg)\">\n\t\t\t<a href=\"http:\/\/www.hbrasilia.it\/wp-content\/uploads\/2024\/11\/ristorante-brasilia-02.jpg\" rel=\"ilightBox\" class=\"d-block h-100\" title=\"Galerie ouverte\"><\/a><\/div><\/div><div class=\"col-6 l--height-1 l--p-gall\"><div style=\"height: 100%; background-image: url(http:\/\/www.hbrasilia.it\/wp-content\/uploads\/2024\/11\/brasilia-003-571x1024.jpg)\">\n\t\t\t<a href=\"http:\/\/www.hbrasilia.it\/wp-content\/uploads\/2024\/11\/brasilia-003.jpg\" rel=\"ilightBox\" class=\"d-block h-100\" title=\"Galerie ouverte\"><\/a><\/div><\/div><\/div><\/div><div class=\"col-6 l--height-3 l--p-gall\"><div style=\"height: 100%; background-image: url(http:\/\/www.hbrasilia.it\/wp-content\/uploads\/2025\/12\/top-risto-2025-1024x683.jpg)\">\n\t\t\t<a href=\"http:\/\/www.hbrasilia.it\/wp-content\/uploads\/2025\/12\/top-risto-2025.jpg\" rel=\"ilightBox\" class=\"d-block h-100\" title=\"Galerie ouverte\"><\/a><\/div><\/div><div class=\"col-6 l--height-3 l--p-gall\"><div style=\"height: 100%; background-image: url(http:\/\/www.hbrasilia.it\/wp-content\/uploads\/2024\/11\/brasilia-008-683x1024.jpg)\">\n\t\t\t<a href=\"http:\/\/www.hbrasilia.it\/wp-content\/uploads\/2024\/11\/brasilia-008.jpg\" rel=\"ilightBox\" class=\"d-block h-100\" title=\"Galerie ouverte\"><\/a><\/div><\/div><div class=\"col-6 p-x-0\"><div class=\"row\"><div class=\"col-6 l--height-1 l--p-gall\"><div style=\"height: 100%; background-image: url(http:\/\/www.hbrasilia.it\/wp-content\/uploads\/2024\/11\/brasilia-002-683x1024.jpg)\">\n\t\t\t<a href=\"http:\/\/www.hbrasilia.it\/wp-content\/uploads\/2024\/11\/brasilia-002.jpg\" rel=\"ilightBox\" class=\"d-block h-100\" title=\"Galerie ouverte\"><\/a><\/div><\/div><div class=\"col-6 l--height-1 l--p-gall\"><div style=\"height: 100%; background-image: url(http:\/\/www.hbrasilia.it\/wp-content\/uploads\/2024\/11\/brasilia-004-683x1024.jpg)\">\n\t\t\t<a href=\"http:\/\/www.hbrasilia.it\/wp-content\/uploads\/2024\/11\/brasilia-004.jpg\" rel=\"ilightBox\" class=\"d-block h-100\" title=\"Galerie ouverte\"><\/a><\/div><\/div><div class=\"col-6 l--height-1 l--p-gall\"><div style=\"height: 100%; background-image: url(http:\/\/www.hbrasilia.it\/wp-content\/uploads\/2024\/11\/brasilia-006-683x1024.jpg)\">\n\t\t\t<a href=\"http:\/\/www.hbrasilia.it\/wp-content\/uploads\/2024\/11\/brasilia-006.jpg\" rel=\"ilightBox\" class=\"d-block h-100\" title=\"Galerie ouverte\"><\/a><\/div><\/div><div class=\"col-6 l--height-1 l--p-gall\"><div style=\"height: 100%; background-image: url(http:\/\/www.hbrasilia.it\/wp-content\/uploads\/2024\/11\/top-camere-1024x683.jpg)\">\n\t\t\t<a href=\"http:\/\/www.hbrasilia.it\/wp-content\/uploads\/2024\/11\/top-camere.jpg\" rel=\"ilightBox\" class=\"d-block h-100\" title=\"Galerie ouverte\"><\/a><\/div><\/div><\/div><\/div><div class=\"col-6 p-x-0\"><div class=\"row\"><div class=\"col-6 l--height-1 l--p-gall\"><div style=\"height: 100%; background-image: url(http:\/\/www.hbrasilia.it\/wp-content\/uploads\/2021\/05\/camera-3-1024x576.jpg)\">\n\t\t\t<a href=\"http:\/\/www.hbrasilia.it\/wp-content\/uploads\/2021\/05\/camera-3.jpg\" rel=\"ilightBox\" class=\"d-block h-100\" title=\"Galerie ouverte\"><\/a><\/div><\/div><div class=\"col-6 l--height-1 l--p-gall\"><div style=\"height: 100%; background-image: url(http:\/\/www.hbrasilia.it\/wp-content\/uploads\/2021\/05\/camera-6.jpg)\">\n\t\t\t<a href=\"http:\/\/www.hbrasilia.it\/wp-content\/uploads\/2021\/05\/camera-6.jpg\" rel=\"ilightBox\" class=\"d-block h-100\" title=\"Galerie ouverte\"><\/a><\/div><\/div><div class=\"col-6 l--height-1 l--p-gall\"><div style=\"height: 100%; background-image: url(http:\/\/www.hbrasilia.it\/wp-content\/uploads\/2024\/11\/camera-005-1024x682.jpg)\">\n\t\t\t<a href=\"http:\/\/www.hbrasilia.it\/wp-content\/uploads\/2024\/11\/camera-005.jpg\" rel=\"ilightBox\" class=\"d-block h-100\" title=\"Galerie ouverte\"><\/a><\/div><\/div><div class=\"col-6 l--height-1 l--p-gall\"><div style=\"height: 100%; background-image: url(http:\/\/www.hbrasilia.it\/wp-content\/uploads\/2024\/11\/camera-004-683x1024.jpg)\">\n\t\t\t<a href=\"http:\/\/www.hbrasilia.it\/wp-content\/uploads\/2024\/11\/camera-004.jpg\" rel=\"ilightBox\" class=\"d-block h-100\" title=\"Galerie ouverte\"><\/a><\/div><\/div><\/div><\/div><div class=\"col-6 l--height-3 l--p-gall\"><div style=\"height: 100%; background-image: url(http:\/\/www.hbrasilia.it\/wp-content\/uploads\/2024\/11\/camera-006-683x1024.jpg)\">\n\t\t\t<a href=\"http:\/\/www.hbrasilia.it\/wp-content\/uploads\/2024\/11\/camera-006.jpg\" rel=\"ilightBox\" class=\"d-block h-100\" title=\"Galerie ouverte\"><\/a><\/div><\/div><div class=\"col-6 l--height-3 l--p-gall\"><div style=\"height: 100%; background-image: url(http:\/\/www.hbrasilia.it\/wp-content\/uploads\/2024\/11\/camera-002-683x1024.jpg)\">\n\t\t\t<a href=\"http:\/\/www.hbrasilia.it\/wp-content\/uploads\/2024\/11\/camera-002.jpg\" rel=\"ilightBox\" class=\"d-block h-100\" title=\"Galerie ouverte\"><\/a><\/div><\/div><div class=\"col-6 p-x-0\"><div class=\"row\"><div class=\"col-6 l--height-1 l--p-gall\"><div style=\"height: 100%; background-image: url(http:\/\/www.hbrasilia.it\/wp-content\/uploads\/2024\/11\/camera-003-768x1024.jpg)\">\n\t\t\t<a href=\"http:\/\/www.hbrasilia.it\/wp-content\/uploads\/2024\/11\/camera-003.jpg\" rel=\"ilightBox\" class=\"d-block h-100\" title=\"Galerie ouverte\"><\/a><\/div><\/div><div class=\"col-6 l--height-1 l--p-gall\"><div style=\"height: 100%; background-image: url(http:\/\/www.hbrasilia.it\/wp-content\/uploads\/2024\/11\/camera-001-683x1024.jpg)\">\n\t\t\t<a href=\"http:\/\/www.hbrasilia.it\/wp-content\/uploads\/2024\/11\/camera-001.jpg\" rel=\"ilightBox\" class=\"d-block h-100\" title=\"Galerie ouverte\"><\/a><\/div><\/div><div class=\"col-6 l--height-1 l--p-gall\"><div style=\"height: 100%; background-image: url(http:\/\/www.hbrasilia.it\/wp-content\/uploads\/2024\/11\/top-servizi-3-1024x683.jpg)\">\n\t\t\t<a href=\"http:\/\/www.hbrasilia.it\/wp-content\/uploads\/2024\/11\/top-servizi-3.jpg\" rel=\"ilightBox\" class=\"d-block h-100\" title=\"Galerie ouverte\"><\/a><\/div><\/div><div class=\"col-6 l--height-1 l--p-gall\"><div style=\"height: 100%; background-image: url(http:\/\/www.hbrasilia.it\/wp-content\/uploads\/2024\/11\/brasilia-001-683x1024.jpg)\">\n\t\t\t<a href=\"http:\/\/www.hbrasilia.it\/wp-content\/uploads\/2024\/11\/brasilia-001.jpg\" rel=\"ilightBox\" class=\"d-block h-100\" title=\"Galerie ouverte\"><\/a><\/div><\/div><\/div><\/div><div class=\"col-6 p-x-0\"><div class=\"row\"><div class=\"col-6 l--height-1 l--p-gall\"><div style=\"height: 100%; background-image: url(http:\/\/www.hbrasilia.it\/wp-content\/uploads\/2025\/12\/servizi-brasilia-02-683x1024.jpg)\">\n\t\t\t<a href=\"http:\/\/www.hbrasilia.it\/wp-content\/uploads\/2025\/12\/servizi-brasilia-02.jpg\" rel=\"ilightBox\" class=\"d-block h-100\" title=\"Galerie ouverte\"><\/a><\/div><\/div><div class=\"col-6 l--height-1 l--p-gall\"><div style=\"height: 100%; background-image: url(http:\/\/www.hbrasilia.it\/wp-content\/uploads\/2025\/12\/servizi-brasilia-03-683x1024.jpg)\">\n\t\t\t<a href=\"http:\/\/www.hbrasilia.it\/wp-content\/uploads\/2025\/12\/servizi-brasilia-03.jpg\" rel=\"ilightBox\" class=\"d-block h-100\" title=\"Galerie ouverte\"><\/a><\/div><\/div><div class=\"col-6 l--height-1 l--p-gall\"><div style=\"height: 100%; background-image: url(http:\/\/www.hbrasilia.it\/wp-content\/uploads\/2025\/12\/servizi-brasilia-04-683x1024.jpg)\">\n\t\t\t<a href=\"http:\/\/www.hbrasilia.it\/wp-content\/uploads\/2025\/12\/servizi-brasilia-04.jpg\" rel=\"ilightBox\" class=\"d-block h-100\" title=\"Galerie ouverte\"><\/a><\/div><\/div><div class=\"col-6 l--height-1 l--p-gall\"><div style=\"height: 100%; background-image: url(http:\/\/www.hbrasilia.it\/wp-content\/uploads\/2025\/12\/servizi-brasilia-01-683x1024.jpg)\">\n\t\t\t<a href=\"http:\/\/www.hbrasilia.it\/wp-content\/uploads\/2025\/12\/servizi-brasilia-01.jpg\" rel=\"ilightBox\" class=\"d-block h-100\" title=\"Galerie ouverte\"><\/a><\/div><\/div><\/div><\/div><div class=\"col-6 l--height-3 l--p-gall\"><div style=\"height: 100%; background-image: url(http:\/\/www.hbrasilia.it\/wp-content\/uploads\/2025\/12\/servizi-brasilia-05-683x1024.jpg)\">\n\t\t\t<a href=\"http:\/\/www.hbrasilia.it\/wp-content\/uploads\/2025\/12\/servizi-brasilia-05.jpg\" rel=\"ilightBox\" class=\"d-block h-100\" title=\"Galerie ouverte\"><\/a><\/div><\/div><div class=\"col-6 l--height-3 l--p-gall\"><div style=\"height: 100%; background-image: url(http:\/\/www.hbrasilia.it\/wp-content\/uploads\/2025\/12\/cesenatico-brasilia-0-1024x732.jpg)\">\n\t\t\t<a href=\"http:\/\/www.hbrasilia.it\/wp-content\/uploads\/2025\/12\/cesenatico-brasilia-0.jpg\" rel=\"ilightBox\" class=\"d-block h-100\" title=\"Galerie ouverte\"><\/a><\/div><\/div><div class=\"col-6 p-x-0\"><div class=\"row\"><div class=\"col-6 l--height-1 l--p-gall\"><div style=\"height: 100%; background-image: url(http:\/\/www.hbrasilia.it\/wp-content\/uploads\/2025\/12\/cesenatico-brasilia-03-683x1024.jpg)\">\n\t\t\t<a href=\"http:\/\/www.hbrasilia.it\/wp-content\/uploads\/2025\/12\/cesenatico-brasilia-03.jpg\" rel=\"ilightBox\" class=\"d-block h-100\" title=\"Galerie ouverte\"><\/a><\/div><\/div><div class=\"col-6 l--height-1 l--p-gall\"><div style=\"height: 100%; background-image: url(http:\/\/www.hbrasilia.it\/wp-content\/uploads\/2025\/12\/cesenatico-brasilia-04-683x1024.jpg)\">\n\t\t\t<a href=\"http:\/\/www.hbrasilia.it\/wp-content\/uploads\/2025\/12\/cesenatico-brasilia-04.jpg\" rel=\"ilightBox\" class=\"d-block h-100\" title=\"Galerie ouverte\"><\/a><\/div><\/div><div class=\"col-6 l--height-1 l--p-gall\"><div style=\"height: 100%; background-image: url(http:\/\/www.hbrasilia.it\/wp-content\/uploads\/2025\/12\/cesenatico-brasilia-05-683x1024.jpg)\">\n\t\t\t<a href=\"http:\/\/www.hbrasilia.it\/wp-content\/uploads\/2025\/12\/cesenatico-brasilia-05.jpg\" rel=\"ilightBox\" class=\"d-block h-100\" title=\"Galerie ouverte\"><\/a><\/div><\/div><div class=\"col-6 l--height-1 l--p-gall\"><div style=\"height: 100%; background-image: url(http:\/\/www.hbrasilia.it\/wp-content\/uploads\/2025\/12\/cesenatico-brasilia-02-683x1024.jpg)\">\n\t\t\t<a href=\"http:\/\/www.hbrasilia.it\/wp-content\/uploads\/2025\/12\/cesenatico-brasilia-02.jpg\" rel=\"ilightBox\" class=\"d-block h-100\" title=\"Galerie ouverte\"><\/a><\/div><\/div><\/div><\/div><\/div>\n  <\/div>\n    <\/div>\n<\/div>\n<\/section>","protected":false},"excerpt":{"rendered":"","protected":false},"author":1,"featured_media":0,"parent":0,"menu_order":0,"comment_status":"closed","ping_status":"closed","template":"","meta":{"footnotes":""},"class_list":["post-605","page","type-page","status-publish","hentry"],"_links":{"self":[{"href":"https:\/\/www.hbrasilia.it\/fr\/wp-json\/wp\/v2\/pages\/605","targetHints":{"allow":["GET"]}}],"collection":[{"href":"https:\/\/www.hbrasilia.it\/fr\/wp-json\/wp\/v2\/pages"}],"about":[{"href":"https:\/\/www.hbrasilia.it\/fr\/wp-json\/wp\/v2\/types\/page"}],"author":[{"embeddable":true,"href":"https:\/\/www.hbrasilia.it\/fr\/wp-json\/wp\/v2\/users\/1"}],"replies":[{"embeddable":true,"href":"https:\/\/www.hbrasilia.it\/fr\/wp-json\/wp\/v2\/comments?post=605"}],"version-history":[{"count":22,"href":"https:\/\/www.hbrasilia.it\/fr\/wp-json\/wp\/v2\/pages\/605\/revisions"}],"predecessor-version":[{"id":1178,"href":"https:\/\/www.hbrasilia.it\/fr\/wp-json\/wp\/v2\/pages\/605\/revisions\/1178"}],"wp:attachment":[{"href":"https:\/\/www.hbrasilia.it\/fr\/wp-json\/wp\/v2\/media?parent=605"}],"curies":[{"name":"wp","href":"https:\/\/api.w.org\/{rel}","templated":true}]}}