{"id":59,"date":"2021-04-28T09:53:34","date_gmt":"2021-04-28T07:53:34","guid":{"rendered":"http:\/\/www.hbrasilia.it\/?page_id=59"},"modified":"2025-12-11T17:17:27","modified_gmt":"2025-12-11T16:17:27","slug":"ristorante","status":"publish","type":"page","link":"https:\/\/www.hbrasilia.it\/fr\/ristorante\/","title":{"rendered":"Restaurant"},"content":{"rendered":"<section class=\"container-fluid js--lazy-load wao-blocks-gallery-slider-flickity gallery-flickity-3873\" >\n    <article class=\"row\">\n        <div class=\"col-sm-12 p-0 position-relative\">\n            <section class=\"container-fluid js--lazy-load\">\n                <article class=\"row\">\n                    <div class=\"col-sm-12 p-0 position-relative\">\n                        <div class=\"js--flickity l--vh-75-md\" data-cellalign=\"left\" data-bglazyload=\"1\" data-freescroll=\"true\" data-wraparound=\"true\" data-autoplay=\"3000\" data-pauseautoplayonhover =\"true\" data-prevnextbuttons=\"false\" data-contain=\"true\" data-pagedots=\"false\" data-draggable=\"false\" data-groupcells=\"110%\" data-fade=\"true\">\n                                                            <div>\n                                    <div style=\"background: url('http:\/\/www.hbrasilia.it\/wp-content\/uploads\/2025\/12\/top-risto-2025.jpg') center center \/ cover no-repeat rgb(250, 250, 250); display: block; width: 100vw;\" class=\"l--vh-75-md\"><\/div>\n                                <\/div>\n                                                            <div>\n                                    <div style=\"background: url('http:\/\/www.hbrasilia.it\/wp-content\/uploads\/2024\/11\/top-risto-02.jpg') center center \/ cover no-repeat rgb(250, 250, 250); display: block; width: 100vw;\" class=\"l--vh-75-md\"><\/div>\n                                <\/div>\n                                                            <div>\n                                    <div style=\"background: url('http:\/\/www.hbrasilia.it\/wp-content\/uploads\/2024\/11\/top-risto.jpg') center center \/ cover no-repeat rgb(250, 250, 250); display: block; width: 100vw;\" class=\"l--vh-75-md\"><\/div>\n                                <\/div>\n                                                            <div>\n                                    <div style=\"background: url('http:\/\/www.hbrasilia.it\/wp-content\/uploads\/2024\/11\/cucina-top.jpg') center center \/ cover no-repeat rgb(250, 250, 250); display: block; width: 100vw;\" class=\"l--vh-75-md\"><\/div>\n                                <\/div>\n                            \n                        <\/div>\n                        <div class=\"position-absolute l--top l--bottom mx-auto l--align-middle-vertical\">\n                            <div class=\"text-over-slider h1 text-quaternary text-center animated zoomIn\" data-anim=\"zoomIn\" data-cof=\"true\" data-cof-rule=\"font-size, 2rem, 2.5rem, 2.5rem, 3rem, 3rem\">\n                                Restaurant                            <\/div>\n                                                    <\/div>\n                    <\/div>\n                <\/article>\n            <\/section>\n        <\/div>\n    <\/article>\n<\/section>\n\n<section class=\"wao-blocks-container container mb-2\"\n\t\t>\n    \n<div class=\"wao-blocks-row row\" >\n    \n\n<div class=\"col-12 col-md-12 text-center py-5\"\n     \n\t \n\t>\n        \n\n<h1 class=\"wp-block-heading\">Une mer de go\u00fbt et de tradition<\/h1>\n\n\n\n<div class=\"wao-blocks-immagine-src\" \n    >\n                    <img decoding=\"async\" src=\"http:\/\/www.hbrasilia.it\/wp-content\/uploads\/2021\/04\/divider-2.png\"  class=\"my-3\"  alt=\"diviseur-2\">\n    <\/div>\n\n\n<p>Le restaurant climatis\u00e9 est l'un des joyaux de la couronne de notre h\u00f4tel. Chaque jour, nos h\u00f4tes peuvent d\u00e9guster de d\u00e9licieux plats traditionnels, soigneusement pr\u00e9par\u00e9s par notre chef. <strong>notre chef Michele.<\/strong><\/p>\n\n    <\/div>\n<\/div>\n<\/section>\n\n<section class=\"wao-blocks-container container-fluid mb-0 g--bkg-dark-04\"\n\t\t>\n    \n<div class=\"wao-blocks-row row pb-5\" >\n    \n\n<div class=\"col-12 col-lg-6 p-4 d-flex align-items-center  order-lg-1 order-last\"\n     \n\t \n\t>\n        \n<div class=\"box-sx-over my-4\">\n\n\n<h3 class=\"wp-block-heading pb-3 text-uppercase\">De nouvelles propositions du chef chaque jour<\/h3>\n\n\n\n<h4 class=\"wp-block-heading text-secondary pb-3\">La saveur de la Romagne dans chaque plat<\/h4>\n\n\n\n<p>Notre chef Michele propose chaque jour<strong> choix du menu entre viande et poisson<\/strong>. Tous les plats sont pr\u00e9par\u00e9s avec des produits frais et de premi\u00e8re qualit\u00e9.<\/p>\n\n\n\n<p>Dans le restaurant, vous trouverez \u00e9galement un <strong>riche buffet de l\u00e9gumes et d'amuse-gueules<\/strong>si invitant que m\u00eame les plus jeunes seront intrigu\u00e9s !<\/p>\n\n\n\n<p>En outre, notre chef est pr\u00eat \u00e0 pr\u00e9parer des menus alternatifs pour <strong>toute forme d'intol\u00e9rance<\/strong> (\u00e0 communiquer au moment de la r\u00e9servation).<\/p>\n\n\n\n<p>Le restaurant est ouvert pour le petit-d\u00e9jeuner de 8h00 \u00e0 10h00 ; pour le d\u00e9jeuner \u00e0 partir de 12h30 et pour le d\u00eener l'entr\u00e9e est \u00e0 19h30.<\/p>\n\n\n<\/div>\n    <\/div>\n\n\n<div class=\"col-12 col-lg-6 p-0 order-lg-3 order-1\"\n     \n\t \n\t>\n        \n\n\t  \t<div class=\"container p-0 l--h-100\">\n\t\t\t<div class=\"row l--gallery-grid l--h-100\">\n\t\t\t\t<div class=\"col-md-6 col-sm-12 l--h-50 l--p-gall\"><div style=\"background-image: url('http:\/\/www.hbrasilia.it\/wp-content\/uploads\/2025\/12\/risto-brasilia-02-400x600.jpg?w=100&h=100&q=80&fit=crop);\" class=\"l--w-100 l--h-100 gallery-camere\">\n\t\t\t\t\t<a href=\"http:\/\/www.hbrasilia.it\/wp-content\/uploads\/2025\/12\/risto-brasilia-02.jpg\" \n\t\t\t\t\t\trel=\"ilightBox\" \n\t\t\t\t\t\tclass=\"d-block l--h-100 text-right min-h-100\" title=\"Galerie ouverte\"><img decoding=\"async\" src=\"https:\/\/www.hbrasilia.it\/wp-content\/themes\/wao-theme\/inc\/img\/ico-plus.png\" class=\"img-fluid p-2\"><\/a> \t\t\t\t\t<\/div><\/div><div class=\"col-md-6 col-sm-12 l--h-50 l--p-gall\"><div style=\"background-image: url('http:\/\/www.hbrasilia.it\/wp-content\/uploads\/2025\/12\/risto-brasilia-03-400x600.jpg?w=100&h=100&q=80&fit=crop);\" class=\"l--w-100 l--h-100 hidden-sm-down  gallery-camere\">\n\t\t\t\t\t<a href=\"http:\/\/www.hbrasilia.it\/wp-content\/uploads\/2025\/12\/risto-brasilia-03.jpg\" \n\t\t\t\t\t\trel=\"ilightBox\" \n\t\t\t\t\t\tclass=\"d-block l--h-100 text-right min-h-100\" title=\"Galerie ouverte\"><img decoding=\"async\" src=\"https:\/\/www.hbrasilia.it\/wp-content\/themes\/wao-theme\/inc\/img\/ico-plus.png\" class=\"img-fluid p-2\"><\/a> \t\t\t\t\t<\/div><\/div><div class=\"col-md-6 col-sm-12 l--h-50 l--p-gall\"><div style=\"background-image: url('http:\/\/www.hbrasilia.it\/wp-content\/uploads\/2024\/11\/cucina-02-338x600.jpg?w=100&h=100&q=80&fit=crop);\" class=\"l--w-100 l--h-100 hidden-sm-down  gallery-camere\">\n\t\t\t\t\t<a href=\"http:\/\/www.hbrasilia.it\/wp-content\/uploads\/2024\/11\/cucina-02.jpg\" \n\t\t\t\t\t\trel=\"ilightBox\" \n\t\t\t\t\t\tclass=\"d-block l--h-100 text-right min-h-100\" title=\"Galerie ouverte\"><img decoding=\"async\" src=\"https:\/\/www.hbrasilia.it\/wp-content\/themes\/wao-theme\/inc\/img\/ico-plus.png\" class=\"img-fluid p-2\"><\/a> \t\t\t\t\t<\/div><\/div><div class=\"col-md-6 col-sm-12 l--h-50 l--p-gall\"><div style=\"background-image: url('http:\/\/www.hbrasilia.it\/wp-content\/uploads\/2024\/11\/ristorante-brasilia-01-362x600.jpg?w=100&h=100&q=80&fit=crop);\" class=\"l--w-100 l--h-100 hidden-sm-down  gallery-camere\">\n\t\t\t\t\t<a href=\"http:\/\/www.hbrasilia.it\/wp-content\/uploads\/2024\/11\/ristorante-brasilia-01.jpg\" \n\t\t\t\t\t\trel=\"ilightBox\" \n\t\t\t\t\t\tclass=\"d-block l--h-100 text-right min-h-100\" title=\"Galerie ouverte\"><img decoding=\"async\" src=\"https:\/\/www.hbrasilia.it\/wp-content\/themes\/wao-theme\/inc\/img\/ico-plus.png\" class=\"img-fluid p-2\"><\/a> \t\t\t\t\t<\/div>      \n        \t\t<\/div>\n        \t<\/div>\n    \t<\/div>\n    <\/div>\n<\/div>\n\n<div class=\"wao-blocks-row row\" >\n    \n\n<div class=\"col-12 col-lg-6 p-0 order-1\"\n     \n\t \n\t>\n        \n    <figure\n        class=\"wao-blocks-immagine-bkg js--hideme\"\n        style=\"background: url('http:\/\/www.hbrasilia.it\/wp-content\/uploads\/2024\/11\/colazione-brasilia-683x1024.jpg') center center \/ cover no-repeat;\"\n        data-anim=\"bounceInLeft\" data-cof=\"true\" data-cof-rule=\"min-height, 350px, 350px, 400px, 100%, 100%\" >\n            <\/figure>\n\n    <\/div>\n\n\n<div class=\"col-12 col-lg-6 p-4 d-flex align-items-center  order-lg-1 order-last\"\n     \n\t \n\t>\n        \n<div class=\"box-dx-over my-4\">\n\n\n<h3 class=\"wp-block-heading pb-3 text-uppercase\">Beaucoup de soins pour les enfants !<\/h3>\n\n\n\n<h4 class=\"wp-block-heading text-secondary pb-3\">Nous aimons g\u00e2ter nos petits invit\u00e9s<\/h4>\n\n\n\n<p>Les enfants trouveront dans le restaurant <strong>couverts et assiettes en plastique de couleur<\/strong>Des bavoirs avec de jolis motifs et des chaises hautes pour \u00eatre \u00e0 l'aise pendant les repas en famille !<\/p>\n\n\n<\/div>\n    <\/div>\n<\/div>\n<\/section>","protected":false},"excerpt":{"rendered":"","protected":false},"author":1,"featured_media":0,"parent":0,"menu_order":0,"comment_status":"closed","ping_status":"closed","template":"","meta":{"footnotes":""},"class_list":["post-59","page","type-page","status-publish","hentry"],"_links":{"self":[{"href":"https:\/\/www.hbrasilia.it\/fr\/wp-json\/wp\/v2\/pages\/59","targetHints":{"allow":["GET"]}}],"collection":[{"href":"https:\/\/www.hbrasilia.it\/fr\/wp-json\/wp\/v2\/pages"}],"about":[{"href":"https:\/\/www.hbrasilia.it\/fr\/wp-json\/wp\/v2\/types\/page"}],"author":[{"embeddable":true,"href":"https:\/\/www.hbrasilia.it\/fr\/wp-json\/wp\/v2\/users\/1"}],"replies":[{"embeddable":true,"href":"https:\/\/www.hbrasilia.it\/fr\/wp-json\/wp\/v2\/comments?post=59"}],"version-history":[{"count":16,"href":"https:\/\/www.hbrasilia.it\/fr\/wp-json\/wp\/v2\/pages\/59\/revisions"}],"predecessor-version":[{"id":1163,"href":"https:\/\/www.hbrasilia.it\/fr\/wp-json\/wp\/v2\/pages\/59\/revisions\/1163"}],"wp:attachment":[{"href":"https:\/\/www.hbrasilia.it\/fr\/wp-json\/wp\/v2\/media?parent=59"}],"curies":[{"name":"wp","href":"https:\/\/api.w.org\/{rel}","templated":true}]}}