{"id":560,"date":"2021-05-07T09:53:05","date_gmt":"2021-05-07T07:53:05","guid":{"rendered":"http:\/\/www.hbrasilia.it\/?page_id=560"},"modified":"2022-07-06T16:42:11","modified_gmt":"2022-07-06T14:42:11","slug":"spiagge","status":"publish","type":"page","link":"https:\/\/www.hbrasilia.it\/fr\/spiagge\/","title":{"rendered":"Plages"},"content":{"rendered":"<section class=\"container-fluid js--lazy-load wao-blocks-gallery-slider-flickity gallery-flickity-95628\" >\n    <article class=\"row\">\n        <div class=\"col-sm-12 p-0 position-relative\">\n            <section class=\"container-fluid js--lazy-load\">\n                <article class=\"row\">\n                    <div class=\"col-sm-12 p-0 position-relative\">\n                        <div class=\"js--flickity l--vh-50-md\" data-cellalign=\"left\" data-bglazyload=\"1\" data-freescroll=\"true\" data-wraparound=\"true\" data-autoplay=\"2000\" data-pauseautoplayonhover =\"true\" data-prevnextbuttons=\"false\" data-contain=\"true\" data-pagedots=\"false\" data-draggable=\"true\" data-groupcells=\"110%\" data-fade=\"true\">\n                                                            <div>\n                                    <div style=\"background: url('http:\/\/www.hbrasilia.it\/wp-content\/uploads\/2021\/05\/z-1-q-ev-ul.jpg') center center \/ cover no-repeat rgb(250, 250, 250); display: block; width: 100vw;\" class=\"l--vh-50-md\"><\/div>\n                                <\/div>\n                            \n                        <\/div>\n                        <div class=\"position-absolute l--top l--bottom mx-auto l--align-middle-vertical\">\n                            <div class=\"text-over-slider h1 text-quaternary text-center animated zoomIn\" data-anim=\"zoomIn\" data-cof=\"true\" data-cof-rule=\"font-size, 2rem, 2.5rem, 2.5rem, 3rem, 3rem\">\n                                                            <\/div>\n                                                    <\/div>\n                    <\/div>\n                <\/article>\n            <\/section>\n        <\/div>\n    <\/article>\n<\/section>\n\n<section class=\"wao-blocks-container container mb-2\"\n\t\t>\n    \n<div class=\"wao-blocks-row row\" >\n    \n\n<div class=\"col-12 col-md-12 text-center py-5\"\n     \n\t \n\t>\n        \n\n<h1 class=\"wp-block-heading\">Nos plages partenaires<\/h1>\n\n\n\n<div class=\"wao-blocks-immagine-src js--hideme\" \n    data-anim='rubberBand' >\n                    <img decoding=\"async\" src=\"http:\/\/www.hbrasilia.it\/wp-content\/uploads\/2021\/04\/divider-2.png\"  class=\"my-3\"  alt=\"diviseur-2\">\n    <\/div>\n\n\n<p>Notre h\u00f4tel est <strong>en accord avec quatre lidos <\/strong>et les clients peuvent choisir celle qu'ils pr\u00e9f\u00e8rent, en fonction de leurs besoins. Toutes les plages sont \u00e9quip\u00e9es de tout le confort n\u00e9cessaire pour assurer une d\u00e9tente maximale et dans chacune d'elles, il y a des animations pour les adultes et les enfants !<\/p>\n\n    <\/div>\n<\/div>\n<\/section>\n\n<section class=\"wao-blocks-container container-fluid mb-0 g--bkg-dark-04\"\n\t\t>\n    \n<div class=\"wao-blocks-row row pb-5\" >\n    \n\n<div class=\"col-12 col-lg-6 p-4 d-flex align-items-center  order-lg-1 order-last\"\n     \n\t \n\t>\n        \n<div class=\"box-sx-over\">\n\n\n<h3 class=\"pb-3 text-uppercase wp-block-heading\">Salle de bains Milan<\/h3>\n\n\n\n<p>L'un des bains affili\u00e9s \u00e0 notre h\u00f4tel est le <strong>Salle de bain Milan num\u00e9ro 46<\/strong>. La plage regorge de services int\u00e9ressants comme le coin lecture, avec des livres \u00e0 lire directement sur la plage ou \u00e0 apporter de chez soi, <strong>Table \u00e0 langer pour les petits invit\u00e9s<\/strong>L'espace pour enfants, le wifi gratuit, l'aire de f\u00eate avec un gazebo pour se mettre \u00e0 l'ombre pendant les heures les plus chaudes de la journ\u00e9e, la possibilit\u00e9 de prendre des douches avec de l'eau chaude et froide et beaucoup d'autres choses. <strong>jeux et terrains de tennis et de basket-ball sur la plage<\/strong>. En outre, Bagno Milano propose des divertissements pour les adultes et les enfants avec un mini club toute la journ\u00e9e, un r\u00e9veil musculaire sur le sable, des danses de groupe et de l'aquagym.<\/p>\n\n\n<\/div>\n    <\/div>\n\n\n<div class=\"col-12 col-lg-6 p-0 order-lg-3 order-1\"\n     \n\t \n\t>\n        \n    <figure\n        class=\"wao-blocks-immagine-bkg js--hideme\"\n        style=\"background: url('http:\/\/www.hbrasilia.it\/wp-content\/uploads\/2021\/05\/brasilia-bagno-milano.jpg') center center \/ cover no-repeat;\"\n        data-anim=\"bounceInRight\" data-cof=\"true\" data-cof-rule=\"min-height, 350px, 350px, 400px, 100%, 100%\" >\n            <\/figure>\n\n    <\/div>\n<\/div>\n\n<div class=\"wao-blocks-row row pb-5\" >\n    \n\n<div class=\"col-12 col-lg-6 p-0 order-1\"\n     \n\t \n\t>\n        \n    <figure\n        class=\"wao-blocks-immagine-bkg js--hideme\"\n        style=\"background: url('http:\/\/www.hbrasilia.it\/wp-content\/uploads\/2021\/05\/spiaggia-corallo-cesenatico-1.jpg') center center \/ cover no-repeat;\"\n        data-anim=\"bounceInLeft\" data-cof=\"true\" data-cof-rule=\"min-height, 350px, 350px, 400px, 100%, 100%\" >\n            <\/figure>\n\n    <\/div>\n\n\n<div class=\"col-12 col-lg-6 p-4 d-flex align-items-center  order-last\"\n     \n\t \n\t>\n        \n<div class=\"box-dx-over\">\n\n\n<h3 class=\"pb-3 text-uppercase wp-block-heading\">Bain de corail<\/h3>\n\n\n\n<p>Bagno Corallo est \u00e9galement situ\u00e9 sur Viale Carducci et est <strong>au num\u00e9ro 45<\/strong>. L'une des grandes caract\u00e9ristiques de cette salle de bains est l'acc\u00e8s et les nombreuses installations pour ceux qui souhaitent apporter leur propre mat\u00e9riel. <strong>Chien sur la plage<\/strong>.<\/p>\n\n\n\n<p>Bagno Corallo, en effet, dispose d'une<strong>zone exclusive r\u00e9serv\u00e9e<\/strong> aux clients de l'\u00e9tablissement qui aiment se d\u00e9tendre sous le parasol en compagnie de leur compagnon \u00e0 quatre pattes, il suffit de respecter quelques r\u00e8gles simples.<\/p>\n\n\n<\/div>\n    <\/div>\n<\/div>\n\n<div class=\"wao-blocks-row row pb-5\" >\n    \n\n<div class=\"col-12 col-lg-6 p-4 d-flex align-items-center  order-lg-1 order-last\"\n     \n\t \n\t>\n        \n<div class=\"box-sx-over\">\n\n\n<h3 class=\"pb-3 text-uppercase wp-block-heading\">Salle de bains id\u00e9ale<\/h3>\n\n\n\n<p>Bagno Ideal, est l'\u00e9tablissement de bains.<strong> num\u00e9ro 47 <\/strong>\u00e0 Viale Carducci, \u00e9galement \u00e0 Villamarina di Cesenatico. Bagno Ideal est connu pour son <strong>une plage \u00e9l\u00e9gante avec des parasols blancs<\/strong> et une belle terrasse panoramique sur laquelle vous pourrez profiter d'un bon <strong>cocktails \u00e0 l'heure du coucher du soleil<\/strong>. Ce lido dispose d'un joli jardin o\u00f9 vous pourrez d\u00e9guster de d\u00e9licieux snacks ou partager des photos gr\u00e2ce au wifi gratuit.<\/p>\n\n\n<\/div>\n    <\/div>\n\n\n<div class=\"col-12 col-lg-6 p-0 order-lg-3 order-1\"\n     \n\t \n\t>\n        \n    <figure\n        class=\"wao-blocks-immagine-bkg js--hideme\"\n        style=\"background: url('http:\/\/www.hbrasilia.it\/wp-content\/uploads\/2021\/05\/spiaggia-ideal-cesenatico.jpg') center center \/ cover no-repeat;\"\n        data-anim=\"bounceInRight\" data-cof=\"true\" data-cof-rule=\"min-height, 350px, 350px, 400px, 100%, 100%\" >\n            <\/figure>\n\n    <\/div>\n<\/div>\n\n<div class=\"wao-blocks-row row pb-5\" >\n    \n\n<div class=\"col-12 col-lg-6 p-0 order-1\"\n     \n\t \n\t>\n        \n    <figure\n        class=\"wao-blocks-immagine-bkg js--hideme\"\n        style=\"background: url('http:\/\/www.hbrasilia.it\/wp-content\/uploads\/2021\/05\/brasilia-bagno-roberto.jpg') center center \/ cover no-repeat;\"\n        data-anim=\"bounceInLeft\" data-cof=\"true\" data-cof-rule=\"min-height, 350px, 350px, 400px, 100%, 100%\" >\n            <\/figure>\n\n    <\/div>\n\n\n<div class=\"col-12 col-lg-6 p-4 d-flex align-items-center  order-last\"\n     \n\t \n\t>\n        \n<div class=\"box-dx-over\">\n\n\n<h3 class=\"pb-3 text-uppercase wp-block-heading\">Salle de bain Roberto<\/h3>\n\n\n\n<p>Bagno Roberto est le quatri\u00e8me \u00e9tablissement de bains qui a un accord avec nous et <strong>est le num\u00e9ro 43<\/strong>. <strong>Convient aux familles<\/strong> pour ses services, tels que la salle pour b\u00e9b\u00e9s avec douche chaude pour les petits, le parc cl\u00f4tur\u00e9 pour b\u00e9b\u00e9s et les jeux pour les plus grands avec table de ping-pong et baby-foot. Bagno Roberto est un \u00e9tablissement de bains o\u00f9 vous pouvez \u00e9galement d\u00e9jeuner ou d\u00eener sur la plage.<strong> la terrasse panoramique ou la salle du bar<\/strong>. Les produits qu'ils utilisent sont toujours frais et la cuisine est r\u00e9put\u00e9e pour utiliser des mati\u00e8res premi\u00e8res de qualit\u00e9.<\/p>\n\n\n<\/div>\n    <\/div>\n<\/div>\n<\/section>\n\n<section class=\"wao-blocks-container container mb-2\"\n\t\t>\n    \n<div class=\"wao-blocks-row row mw-800 mx-auto\" >\n    \n\n<div class=\"col-12 col-md-12 text-center pt-5\"\n     \n\t \n\t>\n        \n\n<h2 class=\"wp-block-heading\">S'abonner \u00e0 la newsletter<\/h2>\n\n\n\n<div class=\"wao-blocks-immagine-src js--hideme\" \n    data-anim='rubberBand' >\n                    <img decoding=\"async\" src=\"http:\/\/www.hbrasilia.it\/wp-content\/uploads\/2021\/04\/divider-2.png\"  class=\"my-3\"  alt=\"diviseur-2\">\n    <\/div>\n    <\/div>\n\n\n<div class=\"col-12 pb-5\"\n     \n\t \n\t>\n        \n<script src=\"https:\/\/www.google.com\/recaptcha\/enterprise.js?render=6LdKs-6Lc3xMIcAAAAAO2K3CkgGUYb6BcsBOk289jP7NUP\"><\/script>\n<div class=\"l--box-newsletter wao-blocks-nav-tab py-4\" >\n    <form class=\"custom\" name=\"iscrizione_newsletter\" id=\"iscrizione_newsletter\" method=\"post\" autocomplete=\"OFF\" action=\"\">\n        <fieldset>\n            <div class=\"form-group row\">\n                <div id=\"newsletter\" class=\"col-12 col-lg-12 mx-auto\">\n<input value=\"on\" type=\"checkbox\" name=\"news_privacy\" id=\"news_privacy\">\n<label for=\"news_privacy\">*\n    <small>\n        <a href=\"javascript:void(0)\" title=\"confidentialit\u00e9\"\n            class=\"privacy link-privacy-policy\" style=\"cursor: pointer;\">\n            J'accepte la confidentialit\u00e9\n        <\/a>\n    <\/small>\n<\/label>\n<\/div>                <div class=\"col-12 col-lg-4 mx-auto\">\n                    <input type=\"text\" class=\"form-control\" id=\"news_nome\" name=\"nome\" placeholder=\"Nom*\">\n                <\/div>\n                <div class=\"col-12 col-lg-4 mx-auto\">\n                    <input type=\"text\" class=\"form-control\" id=\"news_email\" name=\"email\" value=\"\" placeholder=\"Courriel*\">\n                <\/div>\n                                <div class=\"col-12 col-lg-4 mx-auto\">\n                    <button class=\"btn btn-outline-secondary\"type=\"submit\" id=\"iscrizioneNewsletter\">\n                        S'inscrire\n                    <\/button>\n                    <input name=\"dominio\" type=\"hidden\" value=\"https:\/\/www.hbrasilia.it\/fr\/\">\n                    <input name=\"idHotel\" type=\"hidden\" value=\"517\">\n                    <input name=\"lingua\" type=\"hidden\" value=\"it\">\n                <\/div>\n            <\/div>\n        <\/fieldset>\n    <input type=\"hidden\" name=\"trp-form-language\" value=\"fr\"\/><\/form>\n<\/div>\n<div id=\"divAlert\" class=\"h-50 w-50 m-auto alert-info d-none\" style=\"position: fixed; top: 10px; left: 10px; right: 10px; bottom: 10px; z-index: 2000; overflow: auto\">\n\t<div class=\"text-right\">\n\t\t<a class=\"btn btn-primary btn_chiudi\" href=\"javascript:void(0)\" onclick=\"location.reload(true);\" title=\"Fermer\"><i class=\"fa fa-times\" aria-hidden=\"true\"><\/i><\/a>\n\t<\/div>\n\t<div class=\"text-center alert-info l--align-middle-vertical\" style=\"height: calc(100% - 50px);\">\n\t\t<div class=\"logo\"><\/div>\n\t\t<div class=\"text-center h-50 w-50\">\n\t\t\t<span class=\"display-3\"><i class=\"fa fa-paper-plane\" aria-hidden=\"true\"><\/i><\/span>\n\t\t\t<h4>L'abonnement \u00e0 la newsletter a \u00e9t\u00e9 effectu\u00e9 avec succ\u00e8s<\/h4>\n\t\t<\/div>\n\t<\/div>\n<\/div>\n\n    <\/div>\n<\/div>\n<\/section>\n\n<section class=\"wao-blocks-container container-fluid mb-0\"\n\t\t>\n    \n<div class=\"wao-blocks-row row\" >\n    \n\n<div class=\"col-12 col-md-6 py-3 g--bkg-dark-04 px-4\"\n     \n\t \n\t>\n        \n\n<h2 class=\"has-text-align-center py-4 wp-block-heading\">Ce qu'ils disent de nous<\/h2>\n\n\n\n<div class=\"mx-auto text-center wao-blocks-recensioni-flickity recensioni-trip recensioni-flickity-38439\"\n        style=\"margin-bottom: 35px\">\n        <blockquote>\n        <div class=\"js--flickity\" data-cellalign=\"center\" data-bglazyload=\"1\" data-freescroll=\"true\" data-wraparound=\"true\" data-autoplay=\"5000\" data-pauseautoplayonhover =\"true\" data-prevnextbuttons=\"false\" data-contain=\"true\" data-pagedots=\"true\" data-draggable=\"false\" data-groupcells=\"1\" data-fade=\"true\" role=\"toolbar\">\n                        <div style=\"width: 100%;\">\n                                        <div>\n                                <img decoding=\"async\" src=\"http:\/\/www.hbrasilia.it\/wp-content\/uploads\/2021\/05\/tripadvisor.svg\" class=\"img-fluid mx-auto pb-3\" alt=\"tripadvisor\">\n                            <\/div>\n                                                <h4><\/h4>\n                        <p>J'ai pass\u00e9 des jours fantastiques dans cet h\u00f4tel. Les propri\u00e9taires et le personnel sont chaleureux et amicaux. Excellente nourriture. Service et entretien excellents. Bon service et propret\u00e9. Je le recommande vivement \u00e0 ceux qui souhaitent passer des vacances paisibles dans un environnement familial et avec leurs amis \u00e0 quatre pattes.<\/p>\n                        <strong>\n                            <i>Tatiana<\/i>\n                        <\/strong>\n                    <\/div>\n                        <div style=\"width: 100%;\">\n                                        <div>\n                                <img decoding=\"async\" src=\"http:\/\/www.hbrasilia.it\/wp-content\/uploads\/2021\/05\/tripadvisor.svg\" class=\"img-fluid mx-auto pb-3\" alt=\"tripadvisor\">\n                            <\/div>\n                                                <h4><\/h4>\n                        <p>H\u00f4tel consigliatissimo !!!! Aujourd'hui est malheureusement le dernier jour ... La propri\u00e9taire Cynthia tr\u00e8s gentille et attentive \u00e0 tout ! !! Propret\u00e9 impeccable, tout le personnel gentil Excellente nourriture et abondante !!! Nous avons pass\u00e9 un excellent moment et avons \u00e9galement accueilli notre chien Angel !!! Le seul point n\u00e9gatif : \u00e0 la fin des vacances, vous aurez quelques kilos en trop ! Que dire ? Allez-y, allez-y ! Nous y reviendrons certainement<\/p>\n                        <strong>\n                            <i>Barbara et Tito<\/i>\n                        <\/strong>\n                    <\/div>\n                        <div style=\"width: 100%;\">\n                                        <div>\n                                <img decoding=\"async\" src=\"http:\/\/www.hbrasilia.it\/wp-content\/uploads\/2021\/05\/tripadvisor.svg\" class=\"img-fluid mx-auto pb-3\" alt=\"tripadvisor\">\n                            <\/div>\n                                                <h4><\/h4>\n                        <p>S\u00e9journ\u00e9 en juillet, pour la deuxi\u00e8me ann\u00e9e nous avons choisi le Brasilia pour nos vacances. Excellente cuisine, environnement propre et accueillant. Le personnel est disponible, amical et jamais intrusif. H\u00f4tel situ\u00e9 pr\u00e8s de la plage et de la promenade, \u00e0 proximit\u00e9 de tous les services ... Je ne peux pas trouver un d\u00e9faut. Recommand\u00e9 !<\/p>\n                        <strong>\n                            <i>Claudia<\/i>\n                        <\/strong>\n                    <\/div>\n                        <div style=\"width: 100%;\">\n                                        <div>\n                                <img decoding=\"async\" src=\"http:\/\/www.hbrasilia.it\/wp-content\/uploads\/2021\/05\/tripadvisor.svg\" class=\"img-fluid mx-auto pb-3\" alt=\"tripadvisor\">\n                            <\/div>\n                                                <h4><\/h4>\n                        <p>Nous avons pass\u00e9 une semaine dans cette structure \u00e0 la fronti\u00e8re avec Gatteo Mare. Nous avons pass\u00e9 un excellent moment, avec un personnel sympathique et surtout avec la propri\u00e9taire, Mme Cynthia. Bonne nourriture simple mais avec beaucoup de choix du petit-d\u00e9jeuner au d\u00eener. Excellent rapport qualit\u00e9-prix ... Nous y reviendrons certainement<\/p>\n                        <strong>\n                            <i>Barbara<\/i>\n                        <\/strong>\n                    <\/div>\n                        <div style=\"width: 100%;\">\n                                        <div>\n                                <img decoding=\"async\" src=\"http:\/\/www.hbrasilia.it\/wp-content\/uploads\/2021\/05\/tripadvisor.svg\" class=\"img-fluid mx-auto pb-3\" alt=\"tripadvisor\">\n                            <\/div>\n                                                <h4><\/h4>\n                        <p>4 jours de pure convivialit\u00e9. A deux pas de la mer, dans la r\u00e9gion du \"tout est possible\" et du \"nous faisons tout pour vous rendre heureux\", ici tout est \u00e0 l'enseigne de ce que vous souhaitez apr\u00e8s une ann\u00e9e de travail. Merci Cinzia et tout le personnel de Brasilia !<\/p>\n                        <strong>\n                            <i>Luca<\/i>\n                        <\/strong>\n                    <\/div>\n                    <\/div>\n    <\/blockquote>\n<\/div>\n    <\/div>\n\n\n<div class=\"col-12 col-md-6 px-0 pt-3 g--bkg-dark-02\"\n     \n\t \n\t>\n        \n\n<h2 class=\"has-text-align-center pt-4 pb-5 text-white wp-block-heading\">O\u00f9 nous sommes<\/h2>\n\n\n\n<iframe class=\"js--lazy-load\" data-src=\"https:\/\/www.google.com\/maps\/embed?pb=!1m14!1m8!1m3!1d11446.495543840614!2d12.4305556!3d44.1736111!3m2!1i1024!2i768!4f13.1!3m3!1m2!1s0x0%3A0x1d0515c4a2e9d7e4!2sHotel%20Brasilia!5e0!3m2!1sit!2sit!4v1620216279004!5m2!1sit!2sit\" width=\"100%\" frameborder=\"0\" style=\"border:0; min-height: 350px; margin-bottom: -9px;\" allowfullscreen=\"\" aria-hidden=\"false\" tabindex=\"0\"><\/iframe>\n    <\/div>\n<\/div>\n<\/section>","protected":false},"excerpt":{"rendered":"","protected":false},"author":1,"featured_media":0,"parent":0,"menu_order":0,"comment_status":"closed","ping_status":"closed","template":"","meta":{"footnotes":""},"class_list":["post-560","page","type-page","status-publish","hentry"],"_links":{"self":[{"href":"https:\/\/www.hbrasilia.it\/fr\/wp-json\/wp\/v2\/pages\/560","targetHints":{"allow":["GET"]}}],"collection":[{"href":"https:\/\/www.hbrasilia.it\/fr\/wp-json\/wp\/v2\/pages"}],"about":[{"href":"https:\/\/www.hbrasilia.it\/fr\/wp-json\/wp\/v2\/types\/page"}],"author":[{"embeddable":true,"href":"https:\/\/www.hbrasilia.it\/fr\/wp-json\/wp\/v2\/users\/1"}],"replies":[{"embeddable":true,"href":"https:\/\/www.hbrasilia.it\/fr\/wp-json\/wp\/v2\/comments?post=560"}],"version-history":[{"count":11,"href":"https:\/\/www.hbrasilia.it\/fr\/wp-json\/wp\/v2\/pages\/560\/revisions"}],"predecessor-version":[{"id":940,"href":"https:\/\/www.hbrasilia.it\/fr\/wp-json\/wp\/v2\/pages\/560\/revisions\/940"}],"wp:attachment":[{"href":"https:\/\/www.hbrasilia.it\/fr\/wp-json\/wp\/v2\/media?parent=560"}],"curies":[{"name":"wp","href":"https:\/\/api.w.org\/{rel}","templated":true}]}}