{"id":550,"date":"2021-05-07T09:39:58","date_gmt":"2021-05-07T07:39:58","guid":{"rendered":"http:\/\/www.hbrasilia.it\/?page_id=550"},"modified":"2026-05-06T16:57:04","modified_gmt":"2026-05-06T14:57:04","slug":"dove-siamo","status":"publish","type":"page","link":"https:\/\/www.hbrasilia.it\/fr\/dove-siamo\/","title":{"rendered":"O\u00f9 nous sommes"},"content":{"rendered":"<section class=\"container-fluid js--lazy-load wao-blocks-gallery-slider-flickity gallery-flickity-93308\" >\n    <article class=\"row\">\n        <div class=\"col-sm-12 p-0 position-relative\">\n            <section class=\"container-fluid js--lazy-load\">\n                <article class=\"row\">\n                    <div class=\"col-sm-12 p-0 position-relative\">\n                        <div class=\"js--flickity l--vh-50-md\" data-cellalign=\"left\" data-bglazyload=\"1\" data-freescroll=\"true\" data-wraparound=\"true\" data-autoplay=\"2000\" data-pauseautoplayonhover =\"true\" data-prevnextbuttons=\"false\" data-contain=\"true\" data-pagedots=\"false\" data-draggable=\"false\" data-groupcells=\"110%\" data-fade=\"true\">\n                                                            <div>\n                                    <div style=\"background: url('http:\/\/www.hbrasilia.it\/wp-content\/uploads\/2021\/05\/facciata.jpg') center center \/ cover no-repeat rgb(250, 250, 250); display: block; width: 100vw;\" class=\"l--vh-50-md\"><\/div>\n                                <\/div>\n                            \n                        <\/div>\n                        <div class=\"position-absolute l--top l--bottom mx-auto l--align-middle-vertical\">\n                            <div class=\"text-over-slider h1 text-quaternary text-center animated zoomIn\" data-anim=\"zoomIn\" data-cof=\"true\" data-cof-rule=\"font-size, 2rem, 2.5rem, 2.5rem, 3rem, 3rem\">\n                                O\u00f9 nous sommes                            <\/div>\n                                                    <\/div>\n                    <\/div>\n                <\/article>\n            <\/section>\n        <\/div>\n    <\/article>\n<\/section>\n\n<section class=\"wao-blocks-container container mb-2\"\n\t\t>\n    \n<div class=\"wao-blocks-row row\" >\n    \n\n<div class=\"col-12 col-md-12 text-center py-5\"\n     \n\t \n\t>\n        \n\n<h1 class=\"wp-block-heading\">Une position strat\u00e9gique, pr\u00e8s de la mer et non loin de Cesenatico<\/h1>\n\n\n\n<div class=\"wao-blocks-immagine-src js--hideme\" \n    data-anim='rubberBand' >\n                    <img decoding=\"async\" src=\"http:\/\/www.hbrasilia.it\/wp-content\/uploads\/2021\/04\/divider-2.png\"  class=\"my-3\"  alt=\"diviseur-2\">\n    <\/div>\n    <\/div>\n<\/div>\n<\/section>\n\n<section class=\"wao-blocks-container container-fluid mb-0 g--bkg-dark-04\"\n\t\t>\n    \n<div class=\"wao-blocks-row row pb-5\" >\n    \n\n<div class=\"col-12 col-lg-6 p-4 d-flex align-items-center  order-lg-1 order-last\"\n     \n\t \n\t>\n        \n<div class=\"box-sx-over\">\n\n\n<h2 class=\"wp-block-heading h3 pb-3 text-uppercase\">150 m\u00e8tres de la mer et pr\u00e8s de Cesenatico<\/h2>\n\n\n\n<p class=\"h4 text-secondary pb-3\">Un emplacement parfait pour ceux qui aiment la mer mais aussi la vie nocturne.<\/p>\n\n\n\n<p>L'h\u00f4tel Brasilia de Villamarina di Cesenatico, est situ\u00e9 dans la Via Aristotle 25, <strong>\u00e0 seulement 150 m\u00e8tres de la mer <\/strong>et \u00e0 quelques kilom\u00e8tres du centre historique de Cesenatico. L'h\u00f4tel Brasilia est situ\u00e9 dans un <strong>emplacement de choix<\/strong> pour ceux qui souhaitent passer ici d'agr\u00e9ables vacances baln\u00e9aires bas\u00e9es sur la plus grande d\u00e9tente et sans la foule des plages les plus c\u00e9l\u00e8bres de la Riviera Romagnola.<\/p>\n\n\n<\/div>\n    <\/div>\n\n\n<div class=\"col-12 col-lg-6 p-0 order-lg-3 order-1\"\n     \n\t \n\t>\n        \n    <figure\n        class=\"wao-blocks-immagine-bkg js--hideme\"\n        style=\"background: url('http:\/\/www.hbrasilia.it\/wp-content\/uploads\/2021\/05\/spiaggia-corallo-cesenatico.jpg') center center \/ cover no-repeat;\"\n        data-anim=\"bounceInRight\" data-cof=\"true\" data-cof-rule=\"min-height, 350px, 350px, 400px, 100%, 100%\" >\n            <\/figure>\n\n    <\/div>\n<\/div>\n\n<div class=\"wao-blocks-row row\" >\n    \n\n<div class=\"col-12 col-lg-6 p-0 order-1\"\n     \n\t \n\t>\n        \n<iframe src=\"https:\/\/www.google.com\/maps\/embed?pb=!1m18!1m12!1m3!1d2861.623700274667!2d12.428366915669981!3d44.17361492663996!2m3!1f0!2f0!3f0!3m2!1i1024!2i768!4f13.1!3m3!1m2!1s0x132cb7f91a59c3cf%3A0x1d0515c4a2e9d7e4!2sHotel%20Brasilia!5e0!3m2!1sit!2sit!4v1620374039406!5m2!1sit!2sit\" width=\"100%\" height=\"100%\" style=\"border:0; min-heigth : 450px\" allowfullscreen=\"\" loading=\"lazy\"><\/iframe>\n    <\/div>\n\n\n<div class=\"col-12 col-lg-6 p-4 d-flex align-items-center  order-lg-1 order-last\"\n     \n\t \n\t>\n        \n<div class=\"box-dx-over\">\n\n\n<h2 class=\"wp-block-heading h3 pb-3 text-uppercase\">Ne vous inqui\u00e9tez pas pour votre voiture, le parking est garanti !<\/h2>\n\n\n\n<p class=\"h4 text-secondary pb-3\">H\u00f4tel facilement accessible et place de parking r\u00e9serv\u00e9e !<\/p>\n\n\n\n<p>\u00c0 l'h\u00f4tel Brasilia <strong>vous pouvez arriver en voiture<\/strong>L'h\u00f4tel offre \u00e0 ses clients un parking r\u00e9serv\u00e9. Si vous souhaitez arriver en voiture, vous pouvez prendre la sortie d'autoroute de Cesena Sud et suivre la route nationale jusqu'\u00e0 la mer de Villamarina di Cesenatico.<\/p>\n\n\n\n<p>Vous pouvez laisser votre voiture directement dans le parking indiqu\u00e9 par l'h\u00f4tel, <strong>par r\u00e9servation<\/strong>.<\/p>\n\n\n<\/div>\n    <\/div>\n<\/div>\n<\/section>\n\n\n<p><\/p>","protected":false},"excerpt":{"rendered":"","protected":false},"author":1,"featured_media":0,"parent":0,"menu_order":0,"comment_status":"closed","ping_status":"closed","template":"","meta":{"footnotes":""},"class_list":["post-550","page","type-page","status-publish","hentry"],"_links":{"self":[{"href":"https:\/\/www.hbrasilia.it\/fr\/wp-json\/wp\/v2\/pages\/550","targetHints":{"allow":["GET"]}}],"collection":[{"href":"https:\/\/www.hbrasilia.it\/fr\/wp-json\/wp\/v2\/pages"}],"about":[{"href":"https:\/\/www.hbrasilia.it\/fr\/wp-json\/wp\/v2\/types\/page"}],"author":[{"embeddable":true,"href":"https:\/\/www.hbrasilia.it\/fr\/wp-json\/wp\/v2\/users\/1"}],"replies":[{"embeddable":true,"href":"https:\/\/www.hbrasilia.it\/fr\/wp-json\/wp\/v2\/comments?post=550"}],"version-history":[{"count":18,"href":"https:\/\/www.hbrasilia.it\/fr\/wp-json\/wp\/v2\/pages\/550\/revisions"}],"predecessor-version":[{"id":1188,"href":"https:\/\/www.hbrasilia.it\/fr\/wp-json\/wp\/v2\/pages\/550\/revisions\/1188"}],"wp:attachment":[{"href":"https:\/\/www.hbrasilia.it\/fr\/wp-json\/wp\/v2\/media?parent=550"}],"curies":[{"name":"wp","href":"https:\/\/api.w.org\/{rel}","templated":true}]}}