{"id":400,"date":"2021-05-06T15:50:08","date_gmt":"2021-05-06T13:50:08","guid":{"rendered":"http:\/\/www.hbrasilia.it\/?page_id=400"},"modified":"2021-05-12T15:01:12","modified_gmt":"2021-05-12T13:01:12","slug":"vacanze-in-sicurezza","status":"publish","type":"page","link":"https:\/\/www.hbrasilia.it\/fr\/vacanze-in-sicurezza\/","title":{"rendered":"Des vacances en toute s\u00e9curit\u00e9"},"content":{"rendered":"<section class=\"container-fluid js--lazy-load wao-blocks-gallery-slider-flickity gallery-flickity-48813\" >\n    <article class=\"row\">\n        <div class=\"col-sm-12 p-0 position-relative\">\n            <section class=\"container-fluid js--lazy-load\">\n                <article class=\"row\">\n                    <div class=\"col-sm-12 p-0 position-relative\">\n                        <div class=\"js--flickity l--vh-50-md\" data-cellalign=\"left\" data-bglazyload=\"1\" data-freescroll=\"true\" data-wraparound=\"true\" data-autoplay=\"2000\" data-pauseautoplayonhover =\"true\" data-prevnextbuttons=\"false\" data-contain=\"true\" data-pagedots=\"false\" data-draggable=\"true\" data-groupcells=\"110%\" data-fade=\"true\">\n                                                            <div>\n                                    <div style=\"background: url('http:\/\/www.hbrasilia.it\/wp-content\/uploads\/2021\/05\/lh-7-dd-i-2.jpg') center center \/ cover no-repeat rgb(250, 250, 250); display: block; width: 100vw;\" class=\"l--vh-50-md\"><\/div>\n                                <\/div>\n                            \n                        <\/div>\n                        <div class=\"position-absolute l--top l--bottom mx-auto l--align-middle-vertical\">\n                            <div class=\"text-over-slider h1 text-quaternary text-center animated zoomIn\" data-anim=\"zoomIn\" data-cof=\"true\" data-cof-rule=\"font-size, 2rem, 2.5rem, 2.5rem, 3rem, 3rem\">\n                                Des vacances en toute s\u00e9curit\u00e9                            <\/div>\n                                                    <\/div>\n                    <\/div>\n                <\/article>\n            <\/section>\n        <\/div>\n    <\/article>\n<\/section>\n\n<section class=\"wao-blocks-container container-fluid mb-2\"\n\t\t>\n    \n<section class=\"wao-blocks-container container mb-0 py-4\"\n\t\t>\n    \n<div class=\"wao-blocks-row row\" >\n    \n\n<div class=\"col-12 col-md-12\"\n     \n\t \n\t>\n        \n\n<div class=\"wao-blocks-accordion\" id=\"accordion\" >\n        <div class=\"card g--bkg-light-04 border-right-0 border-left-0 border-top-0 my-2\">\n        <div class=\"card-header border-0\" id=\"heading_69f5403444c5f0\">\n            <h5 class=\"mb-0 mt-0\">\n                <button class=\"h5 mb-0\" data-toggle=\"collapse\"\n                    data-target=\"#collapse_69f5403444c5f0\" aria-expanded=\"false\"\n                    aria-controls=\"collapse_69f5403444c5f0\" style=\"white-space: normal;\">\n                    &gt; Organisation                <\/button>\n            <\/h5>\n        <\/div>\n        <div id=\"collapse_69f5403444c5f0\" class=\"collapse\" aria-labelledby=\"headingOne\" data-parent=\"#accordion\">\n            <div class=\"card-body\">\n                Pendant votre s\u00e9jour \u00e0 l'h\u00f4tel, afin de prot\u00e9ger votre s\u00e9curit\u00e9 et celle des autres clients, nous vous demandons de respecter la bonne distance sociale. En outre, nous vous demandons de porter un masque s'il n'est pas possible de maintenir votre distance sociale et si vous n'en avez pas, nous vous le fournirons !<br><br>Pour faciliter les proc\u00e9dures d'enregistrement, si vous le pr\u00e9f\u00e9rez, vous pouvez le faire directement en ligne en nous envoyant les donn\u00e9es et les documents des occupants, par e-mail.<br><br>Cinzia et le reste du personnel sont pr\u00eats \u00e0 vous accueillir, en toute s\u00e9curit\u00e9 !            <\/div>\n        <\/div>\n    <\/div>\n        <div class=\"card g--bkg-light-04 border-right-0 border-left-0 border-top-0 my-2\">\n        <div class=\"card-header border-0\" id=\"heading_69f5403444c5f1\">\n            <h5 class=\"mb-0 mt-0\">\n                <button class=\"h5 mb-0\" data-toggle=\"collapse\"\n                    data-target=\"#collapse_69f5403444c5f1\" aria-expanded=\"false\"\n                    aria-controls=\"collapse_69f5403444c5f1\" style=\"white-space: normal;\">\n                    &gt; Espaces communs                <\/button>\n            <\/h5>\n        <\/div>\n        <div id=\"collapse_69f5403444c5f1\" class=\"collapse\" aria-labelledby=\"headingOne\" data-parent=\"#accordion\">\n            <div class=\"card-body\">\n                Dans diff\u00e9rentes parties de l'h\u00f4tel, vous trouverez des distributeurs de d\u00e9sinfectant \u00e0 base d'alcool et des panneaux sp\u00e9ciaux pour vous aider \u00e0 respecter les r\u00e8gles.<br><br>En outre, vous trouverez une signalisation au sol, notamment dans la salle \u00e0 manger et devant le buffet, afin de garantir une bonne distance interpersonnelle.<br><br>Votre sant\u00e9 est vraiment importante pour nous et c'est pourquoi nous avons achet\u00e9 un \u00e9quipement professionnel pour pulv\u00e9riser du peroxyde d'hydrog\u00e8ne dans les zones communes et les chambres.<br><br>En ce qui concerne le nettoyage, nous serons encore plus attentifs que d'habitude et nous nous engagerons \u00e0 assainir fr\u00e9quemment les espaces communs et les chambres.            <\/div>\n        <\/div>\n    <\/div>\n        <div class=\"card g--bkg-light-04 border-right-0 border-left-0 border-top-0 my-2\">\n        <div class=\"card-header border-0\" id=\"heading_69f5403444c5f2\">\n            <h5 class=\"mb-0 mt-0\">\n                <button class=\"h5 mb-0\" data-toggle=\"collapse\"\n                    data-target=\"#collapse_69f5403444c5f2\" aria-expanded=\"false\"\n                    aria-controls=\"collapse_69f5403444c5f2\" style=\"white-space: normal;\">\n                    &gt; Chambres                <\/button>\n            <\/h5>\n        <\/div>\n        <div id=\"collapse_69f5403444c5f2\" class=\"collapse\" aria-labelledby=\"headingOne\" data-parent=\"#accordion\">\n            <div class=\"card-body\">\n                Apr\u00e8s chaque changement de client, les chambres seront correctement assainies avec plus de soin que d'habitude et \u00e0 l'aide d'un atomiseur professionnel de peroxyde d'hydrog\u00e8ne.            <\/div>\n        <\/div>\n    <\/div>\n        <div class=\"card g--bkg-light-04 border-right-0 border-left-0 border-top-0 my-2\">\n        <div class=\"card-header border-0\" id=\"heading_69f5403444c5f3\">\n            <h5 class=\"mb-0 mt-0\">\n                <button class=\"h5 mb-0\" data-toggle=\"collapse\"\n                    data-target=\"#collapse_69f5403444c5f3\" aria-expanded=\"false\"\n                    aria-controls=\"collapse_69f5403444c5f3\" style=\"white-space: normal;\">\n                    &gt; Restaurant                <\/button>\n            <\/h5>\n        <\/div>\n        <div id=\"collapse_69f5403444c5f3\" class=\"collapse\" aria-labelledby=\"headingOne\" data-parent=\"#accordion\">\n            <div class=\"card-body\">\n                Dans notre restaurant, tout ce que vous avez \u00e0 faire est de d\u00e9guster les plats pr\u00e9par\u00e9s par notre chef, nous nous sommes occup\u00e9s du reste.<br>Les tables sont correctement espac\u00e9es, conform\u00e9ment \u00e0 la r\u00e9glementation en vigueur, et tous les repas, ainsi que les boissons au robinet, sont servis directement \u00e0 votre table.<br><br>Le buffet du petit-d\u00e9jeuner, ainsi que celui du d\u00e9jeuner et du d\u00eener, sera prot\u00e9g\u00e9 par des panneaux sp\u00e9ciaux en plexiglas ; les clients pourront choisir ce qu'ils pr\u00e9f\u00e8rent et seront servis \u00e0 table par notre personnel.<br><br>Vous pouvez \u00e9galement demander un panier-repas \u00e0 manger sous le parasol ou dans notre v\u00e9randa accueillante ou \u00e0 emporter, \u00e0 manger o\u00f9 vous voulez.            <\/div>\n        <\/div>\n    <\/div>\n        <div class=\"card g--bkg-light-04 border-right-0 border-left-0 border-top-0 my-2\">\n        <div class=\"card-header border-0\" id=\"heading_69f5403444c5f4\">\n            <h5 class=\"mb-0 mt-0\">\n                <button class=\"h5 mb-0\" data-toggle=\"collapse\"\n                    data-target=\"#collapse_69f5403444c5f4\" aria-expanded=\"false\"\n                    aria-controls=\"collapse_69f5403444c5f4\" style=\"white-space: normal;\">\n                    &gt; Ap\u00e9ritifs, f\u00eates et d\u00eeners typiques                <\/button>\n            <\/h5>\n        <\/div>\n        <div id=\"collapse_69f5403444c5f4\" class=\"collapse\" aria-labelledby=\"headingOne\" data-parent=\"#accordion\">\n            <div class=\"card-body\">\n                Au Brasilia de Cesenatico, nous ne renon\u00e7ons pas \u00e0 nous amuser : cette ann\u00e9e, l'ap\u00e9ritif sera accompagn\u00e9 de musique d'ambiance et sera servi \u00e0 table par notre personnel.            <\/div>\n        <\/div>\n    <\/div>\n        <div class=\"card g--bkg-light-04 border-right-0 border-left-0 border-top-0 my-2\">\n        <div class=\"card-header border-0\" id=\"heading_69f5403444c5f5\">\n            <h5 class=\"mb-0 mt-0\">\n                <button class=\"h5 mb-0\" data-toggle=\"collapse\"\n                    data-target=\"#collapse_69f5403444c5f5\" aria-expanded=\"false\"\n                    aria-controls=\"collapse_69f5403444c5f5\" style=\"white-space: normal;\">\n                    &gt; Plage                <\/button>\n            <\/h5>\n        <\/div>\n        <div id=\"collapse_69f5403444c5f5\" class=\"collapse\" aria-labelledby=\"headingOne\" data-parent=\"#accordion\">\n            <div class=\"card-body\">\n                Cette ann\u00e9e \u00e9galement, nous renouvelons l'accord avec nos \u00e9tablissements de bains de confiance.<br>N'oubliez pas de porter un masque si n\u00e9cessaire et de garder vos distances avec les autres invit\u00e9s.<br><br>Comme l'exige la r\u00e9glementation en vigueur, les parasols sont correctement espac\u00e9s et seront d\u00e9sinfect\u00e9s, ainsi que les transats et les chaises longues, apr\u00e8s chaque changement de client.<br>Cette ann\u00e9e, les entr\u00e9es \u00e0 la plage seront limit\u00e9es, alors pensez \u00e0 r\u00e9server votre parasol le plus t\u00f4t possible !<br><br>Les enfants pourront \u00e9galement s'amuser dans l'aire de jeux qui leur est r\u00e9serv\u00e9e, mais la surveillance d'un adulte et le respect des r\u00e8gles seront n\u00e9cessaires.            <\/div>\n        <\/div>\n    <\/div>\n        <div class=\"card g--bkg-light-04 border-right-0 border-left-0 border-top-0 my-2\">\n        <div class=\"card-header border-0\" id=\"heading_69f5403444c5f6\">\n            <h5 class=\"mb-0 mt-0\">\n                <button class=\"h5 mb-0\" data-toggle=\"collapse\"\n                    data-target=\"#collapse_69f5403444c5f6\" aria-expanded=\"false\"\n                    aria-controls=\"collapse_69f5403444c5f6\" style=\"white-space: normal;\">\n                    &gt; Services aux enfants                <\/button>\n            <\/h5>\n        <\/div>\n        <div id=\"collapse_69f5403444c5f6\" class=\"collapse\" aria-labelledby=\"headingOne\" data-parent=\"#accordion\">\n            <div class=\"card-body\">\n                \u00c0 l'h\u00f4tel Brasilia, nous accordons une attention particuli\u00e8re \u00e0 nos jeunes clients et \u00e0 leur s\u00e9curit\u00e9. Pour cette raison, nous avons d\u00e9cid\u00e9 de limiter l'acc\u00e8s aux aires de jeux et les enfants doivent \u00eatre accompagn\u00e9s d'un parent.<br><br>Tous les jouets utilis\u00e9s seront fr\u00e9quemment d\u00e9sinfect\u00e9s !            <\/div>\n        <\/div>\n    <\/div>\n        <div class=\"card g--bkg-light-04 border-right-0 border-left-0 border-top-0 my-2\">\n        <div class=\"card-header border-0\" id=\"heading_69f5403444c5f7\">\n            <h5 class=\"mb-0 mt-0\">\n                <button class=\"h5 mb-0\" data-toggle=\"collapse\"\n                    data-target=\"#collapse_69f5403444c5f7\" aria-expanded=\"false\"\n                    aria-controls=\"collapse_69f5403444c5f7\" style=\"white-space: normal;\">\n                    &gt; Politiques d'annulation                <\/button>\n            <\/h5>\n        <\/div>\n        <div id=\"collapse_69f5403444c5f7\" class=\"collapse\" aria-labelledby=\"headingOne\" data-parent=\"#accordion\">\n            <div class=\"card-body\">\n                Si vous avez d\u00e9cid\u00e9 de r\u00e9server des vacances \u00e0 l'h\u00f4tel Brasilia de Cesenatico, vous pouvez le faire sans aucun souci. Nous avons rendu notre politique d'annulation plus \u00e9lastique et plus flexible.<br><br>En effet, si vous ne pouvez pas venir, vous serez rembours\u00e9 de la totalit\u00e9 de l'acompte ou nous \u00e9mettrons un bon \u00e0 utiliser pour une autre p\u00e9riode de votre choix.            <\/div>\n        <\/div>\n    <\/div>\n    <\/div>\n    <\/div>\n<\/div>\n<\/section>\n<\/section>\n\n<section class=\"wao-blocks-container container mb-2\"\n\t\t>\n    \n<div class=\"wao-blocks-row row mw-800 mx-auto\" >\n    \n\n<div class=\"col-12 col-md-12 text-center pt-5\"\n     \n\t \n\t>\n        \n\n<h2 class=\"wp-block-heading\">S'abonner \u00e0 la newsletter<\/h2>\n\n\n\n<div class=\"wao-blocks-immagine-src js--hideme\" \n    data-anim='rubberBand' >\n                    <img decoding=\"async\" src=\"http:\/\/www.hbrasilia.it\/wp-content\/uploads\/2021\/04\/divider-2.png\"  class=\"my-3\"  alt=\"diviseur-2\">\n    <\/div>\n    <\/div>\n\n\n<div class=\"col-12 pb-5\"\n     \n\t \n\t>\n        \n<script src=\"https:\/\/www.google.com\/recaptcha\/enterprise.js?render=6LdKs-6Lc3xMIcAAAAAO2K3CkgGUYb6BcsBOk289jP7NUP\"><\/script>\n<div class=\"l--box-newsletter wao-blocks-nav-tab py-4\" >\n    <form class=\"custom\" name=\"iscrizione_newsletter\" id=\"iscrizione_newsletter\" method=\"post\" autocomplete=\"OFF\" action=\"\">\n        <fieldset>\n            <div class=\"form-group row\">\n                <div id=\"newsletter\" class=\"col-12 col-lg-12 mx-auto\">\n<input value=\"on\" type=\"checkbox\" name=\"news_privacy\" id=\"news_privacy\">\n<label for=\"news_privacy\">*\n    <small>\n        <a href=\"javascript:void(0)\" title=\"confidentialit\u00e9\"\n            class=\"privacy link-privacy-policy\" style=\"cursor: pointer;\">\n            J'accepte la confidentialit\u00e9\n        <\/a>\n    <\/small>\n<\/label>\n<\/div>                <div class=\"col-12 col-lg-4 mx-auto\">\n                    <input type=\"text\" class=\"form-control\" id=\"news_nome\" name=\"nome\" placeholder=\"Nom*\">\n                <\/div>\n                <div class=\"col-12 col-lg-4 mx-auto\">\n                    <input type=\"text\" class=\"form-control\" id=\"news_email\" name=\"email\" value=\"\" placeholder=\"Courriel*\">\n                <\/div>\n                                <div class=\"col-12 col-lg-4 mx-auto\">\n                    <button class=\"btn btn-outline-secondary\"type=\"submit\" id=\"iscrizioneNewsletter\">\n                        S'inscrire\n                    <\/button>\n                    <input name=\"dominio\" type=\"hidden\" value=\"https:\/\/www.hbrasilia.it\/fr\/\">\n                    <input name=\"idHotel\" type=\"hidden\" value=\"517\">\n                    <input name=\"lingua\" type=\"hidden\" value=\"it\">\n                <\/div>\n            <\/div>\n        <\/fieldset>\n    <input type=\"hidden\" name=\"trp-form-language\" value=\"fr\"\/><\/form>\n<\/div>\n<div id=\"divAlert\" class=\"h-50 w-50 m-auto alert-info d-none\" style=\"position: fixed; top: 10px; left: 10px; right: 10px; bottom: 10px; z-index: 2000; overflow: auto\">\n\t<div class=\"text-right\">\n\t\t<a class=\"btn btn-primary btn_chiudi\" href=\"javascript:void(0)\" onclick=\"location.reload(true);\" title=\"Fermer\"><i class=\"fa fa-times\" aria-hidden=\"true\"><\/i><\/a>\n\t<\/div>\n\t<div class=\"text-center alert-info l--align-middle-vertical\" style=\"height: calc(100% - 50px);\">\n\t\t<div class=\"logo\"><\/div>\n\t\t<div class=\"text-center h-50 w-50\">\n\t\t\t<span class=\"display-3\"><i class=\"fa fa-paper-plane\" aria-hidden=\"true\"><\/i><\/span>\n\t\t\t<h4>L'abonnement \u00e0 la newsletter a \u00e9t\u00e9 effectu\u00e9 avec succ\u00e8s<\/h4>\n\t\t<\/div>\n\t<\/div>\n<\/div>\n\n    <\/div>\n<\/div>\n<\/section>\n\n<section class=\"wao-blocks-container container-fluid mb-0\"\n\t\t>\n    \n<div class=\"wao-blocks-row row\" >\n    \n\n<div class=\"col-12 col-md-6 py-3 g--bkg-dark-04 px-4\"\n     \n\t \n\t>\n        \n\n<h2 class=\"has-text-align-center py-4 wp-block-heading\">Ce qu'ils disent de nous<\/h2>\n\n\n\n<div class=\"mx-auto text-center wao-blocks-recensioni-flickity recensioni-trip recensioni-flickity-89043\"\n        style=\"margin-bottom: 35px\">\n        <blockquote>\n        <div class=\"js--flickity\" data-cellalign=\"center\" data-bglazyload=\"1\" data-freescroll=\"true\" data-wraparound=\"true\" data-autoplay=\"5000\" data-pauseautoplayonhover =\"true\" data-prevnextbuttons=\"false\" data-contain=\"true\" data-pagedots=\"true\" data-draggable=\"false\" data-groupcells=\"1\" data-fade=\"true\" role=\"toolbar\">\n                        <div style=\"width: 100%;\">\n                                        <div>\n                                <img decoding=\"async\" src=\"http:\/\/www.hbrasilia.it\/wp-content\/uploads\/2021\/05\/tripadvisor.svg\" class=\"img-fluid mx-auto pb-3\" alt=\"tripadvisor\">\n                            <\/div>\n                                                <h4><\/h4>\n                        <p>J'ai pass\u00e9 des jours fantastiques dans cet h\u00f4tel. Les propri\u00e9taires et le personnel sont chaleureux et amicaux. Excellente nourriture. Service et entretien excellents. Bon service et propret\u00e9. Je le recommande vivement \u00e0 ceux qui souhaitent passer des vacances paisibles dans un environnement familial et avec leurs amis \u00e0 quatre pattes.<\/p>\n                        <strong>\n                            <i>Tatiana<\/i>\n                        <\/strong>\n                    <\/div>\n                        <div style=\"width: 100%;\">\n                                        <div>\n                                <img decoding=\"async\" src=\"http:\/\/www.hbrasilia.it\/wp-content\/uploads\/2021\/05\/tripadvisor.svg\" class=\"img-fluid mx-auto pb-3\" alt=\"tripadvisor\">\n                            <\/div>\n                                                <h4><\/h4>\n                        <p>H\u00f4tel consigliatissimo !!!! Aujourd'hui est malheureusement le dernier jour ... La propri\u00e9taire Cynthia tr\u00e8s gentille et attentive \u00e0 tout ! !! Propret\u00e9 impeccable, tout le personnel gentil Excellente nourriture et abondante !!! Nous avons pass\u00e9 un excellent moment et avons \u00e9galement accueilli notre chien Angel !!! Le seul point n\u00e9gatif : \u00e0 la fin des vacances, vous aurez quelques kilos en trop ! Que dire ? Allez-y, allez-y ! Nous y reviendrons certainement<\/p>\n                        <strong>\n                            <i>Barbara et Tito<\/i>\n                        <\/strong>\n                    <\/div>\n                        <div style=\"width: 100%;\">\n                                        <div>\n                                <img decoding=\"async\" src=\"http:\/\/www.hbrasilia.it\/wp-content\/uploads\/2021\/05\/tripadvisor.svg\" class=\"img-fluid mx-auto pb-3\" alt=\"tripadvisor\">\n                            <\/div>\n                                                <h4><\/h4>\n                        <p>S\u00e9journ\u00e9 en juillet, pour la deuxi\u00e8me ann\u00e9e nous avons choisi le Brasilia pour nos vacances. Excellente cuisine, environnement propre et accueillant. Le personnel est disponible, amical et jamais intrusif. H\u00f4tel situ\u00e9 pr\u00e8s de la plage et de la promenade, \u00e0 proximit\u00e9 de tous les services ... Je ne peux pas trouver un d\u00e9faut. Recommand\u00e9 !<\/p>\n                        <strong>\n                            <i>Claudia<\/i>\n                        <\/strong>\n                    <\/div>\n                        <div style=\"width: 100%;\">\n                                        <div>\n                                <img decoding=\"async\" src=\"http:\/\/www.hbrasilia.it\/wp-content\/uploads\/2021\/05\/tripadvisor.svg\" class=\"img-fluid mx-auto pb-3\" alt=\"tripadvisor\">\n                            <\/div>\n                                                <h4><\/h4>\n                        <p>Nous avons pass\u00e9 une semaine dans cette structure \u00e0 la fronti\u00e8re avec Gatteo Mare. Nous avons pass\u00e9 un excellent moment, avec un personnel sympathique et surtout avec la propri\u00e9taire, Mme Cynthia. Bonne nourriture simple mais avec beaucoup de choix du petit-d\u00e9jeuner au d\u00eener. Excellent rapport qualit\u00e9-prix ... Nous y reviendrons certainement<\/p>\n                        <strong>\n                            <i>Barbara<\/i>\n                        <\/strong>\n                    <\/div>\n                        <div style=\"width: 100%;\">\n                                        <div>\n                                <img decoding=\"async\" src=\"http:\/\/www.hbrasilia.it\/wp-content\/uploads\/2021\/05\/tripadvisor.svg\" class=\"img-fluid mx-auto pb-3\" alt=\"tripadvisor\">\n                            <\/div>\n                                                <h4><\/h4>\n                        <p>4 jours de pure convivialit\u00e9. A deux pas de la mer, dans la r\u00e9gion du \"tout est possible\" et du \"nous faisons tout pour vous rendre heureux\", ici tout est \u00e0 l'enseigne de ce que vous souhaitez apr\u00e8s une ann\u00e9e de travail. Merci Cinzia et tout le personnel de Brasilia !<\/p>\n                        <strong>\n                            <i>Luca<\/i>\n                        <\/strong>\n                    <\/div>\n                    <\/div>\n    <\/blockquote>\n<\/div>\n    <\/div>\n\n\n<div class=\"col-12 col-md-6 px-0 pt-3 g--bkg-dark-02\"\n     \n\t \n\t>\n        \n\n<h2 class=\"has-text-align-center pt-4 pb-5 text-white wp-block-heading\">O\u00f9 nous sommes<\/h2>\n\n\n\n<iframe class=\"js--lazy-load\" data-src=\"https:\/\/www.google.com\/maps\/embed?pb=!1m14!1m8!1m3!1d11446.495543840614!2d12.4305556!3d44.1736111!3m2!1i1024!2i768!4f13.1!3m3!1m2!1s0x0%3A0x1d0515c4a2e9d7e4!2sHotel%20Brasilia!5e0!3m2!1sit!2sit!4v1620216279004!5m2!1sit!2sit\" width=\"100%\" frameborder=\"0\" style=\"border:0; min-height: 350px; margin-bottom: -9px;\" allowfullscreen=\"\" aria-hidden=\"false\" tabindex=\"0\"><\/iframe>\n    <\/div>\n<\/div>\n<\/section>\n\n\n<p><\/p>","protected":false},"excerpt":{"rendered":"","protected":false},"author":1,"featured_media":0,"parent":0,"menu_order":0,"comment_status":"closed","ping_status":"closed","template":"","meta":{"footnotes":""},"class_list":["post-400","page","type-page","status-publish","hentry"],"_links":{"self":[{"href":"https:\/\/www.hbrasilia.it\/fr\/wp-json\/wp\/v2\/pages\/400","targetHints":{"allow":["GET"]}}],"collection":[{"href":"https:\/\/www.hbrasilia.it\/fr\/wp-json\/wp\/v2\/pages"}],"about":[{"href":"https:\/\/www.hbrasilia.it\/fr\/wp-json\/wp\/v2\/types\/page"}],"author":[{"embeddable":true,"href":"https:\/\/www.hbrasilia.it\/fr\/wp-json\/wp\/v2\/users\/1"}],"replies":[{"embeddable":true,"href":"https:\/\/www.hbrasilia.it\/fr\/wp-json\/wp\/v2\/comments?post=400"}],"version-history":[{"count":84,"href":"https:\/\/www.hbrasilia.it\/fr\/wp-json\/wp\/v2\/pages\/400\/revisions"}],"predecessor-version":[{"id":895,"href":"https:\/\/www.hbrasilia.it\/fr\/wp-json\/wp\/v2\/pages\/400\/revisions\/895"}],"wp:attachment":[{"href":"https:\/\/www.hbrasilia.it\/fr\/wp-json\/wp\/v2\/media?parent=400"}],"curies":[{"name":"wp","href":"https:\/\/api.w.org\/{rel}","templated":true}]}}