{"id":603,"date":"2021-05-07T10:35:35","date_gmt":"2021-05-07T08:35:35","guid":{"rendered":"http:\/\/www.hbrasilia.it\/?page_id=603"},"modified":"2022-07-06T16:34:14","modified_gmt":"2022-07-06T14:34:14","slug":"listino","status":"publish","type":"page","link":"https:\/\/www.hbrasilia.it\/de\/listino\/","title":{"rendered":"Liste"},"content":{"rendered":"<section class=\"wao-blocks-container container mb-2\"\n\t\t>\n    \n<div class=\"wao-blocks-row row\" >\n    \n\n<div class=\"col-12 col-md-12 text-center py-5\"\n     \n\t \n\t>\n        \n\n<h1 class=\"wp-block-heading\">Liste<\/h1>\n\n\n\n<div class=\"wao-blocks-immagine-src js--hideme\" \n    data-anim='rubberBand' >\n                    <img decoding=\"async\" src=\"http:\/\/www.hbrasilia.it\/wp-content\/uploads\/2021\/04\/divider-2.png\"  class=\"my-3\"  alt=\"Teiler-2\">\n    <\/div>\n\n\n<p>Unsere Preisliste, in der Sie die t\u00e4glichen Kosten pro Zimmer, aufgeteilt nach Zeitraum, finden.<br>Sie k\u00f6nnen zwischen verschiedenen Formeln wie Vollpension, Vollpension mit Getr\u00e4nken zu den Mahlzeiten oder All Inclusive w\u00e4hlen!<\/p>\n\n    <\/div>\n<\/div>\n<\/section>\n\n<section class=\"wao-blocks-container container mb-0 sf-pattern\"\n\t\t>\n    \n<div class=\"wao-blocks-row row\" >\n    \n\n<div class=\"col-12 col-md-12 py-4 px-2\"\n     \n\t \n\t>\n        \n\n\n<style>\n\t.nav-link{\n\t\tborder-radius: 0px 15px 0px 0px !important;\t}\n\t.nav-tabs .nav-item.show .nav-link, .nav-tabs .nav-link.active{\n\t\tborder-radius: 0px 15px 0px 0px !important;\t}\n<\/style>\n\t<div class=\"wao-blocks-listino-v1\" data-cof=\"true\" data-cof-rule=\"\">\n\t\t<div class=\"\" data-vertical-space=\"10\" style=\"z-index: 999;\">\n\t\t\t\t\t\t\t<ul class=\"nav nav-tabs d-flex justify-content-start\" id=\"myTab\" role=\"tablist\">\n\t\t\t\t\t\t\t\t\t\t\t<li class=\"nav-item\">\n\t\t\t\t\t\t\t\t<a class=\"nav-link active btn btn-primary\" id=\"Preisliste-tab\" data-toggle=\"tab\" href=\"#Preisliste\" role=\"tab\" aria-controls=\"Preisliste\" aria-selected=\"true\" title=\"Preisliste\">\n\t\t\t\t\t\t\t\t\tPreisliste\t\t\t\t\t\t\t\t<\/a>\n\t\t\t\t\t\t\t<\/li>\n\t\t\t\t\t\t\t <\/ul>\n\t\t\t\t\t<\/div> \n\t\t<div class=\"tab-content\">\n\t\t\t\t\t\t\t<div class=\"tab-pane fade active show\" id=\"Preisliste\" role=\"tabpanel\" aria-labelledby=\"Preisliste-tab\">\n\t\t\t\t\t\t <h4 class=\"text-center py-1\"> Preisliste <\/h4>\t\t\t\t\t\t\t\t\t\t\t\t\t\t\t\t\t<article class=\"row\">\n\t\t\t\t\t\t\t\t\t\t\t<div class=\"col-12 text-quaternary text-center g--bkg-dark-01\">\n\n\t\t\t\t\t\t\t\t\t\t\t\t\t\t\t\t\t\t\t\t\t\t\t\t\t<h5 class=\"text-quaternary text-center p-2\">Vollpension<\/h5>\n\t\t\t\t\t\t\t\t\t\t\t\t\t\t\t\t\t\t\t\t\t\t\t\t\t\t\t\t\t\t\t\t\t\t\t\t\t<span class=\"\"><\/span>\n\t\t\t\t\t\t\t\t\t\t\t\t\n\t\t\t\t\t\t\t\t\t\t\t<\/div>\n\t\t\t\t\t\t\t\t\t\t\t\t\t\t\t\t\t\t\t\t\t<\/article>\n\n\t\t\t\t\t\t\t\t\t\t<article class=\"row\">\n\t\t\t\t\t\t\t\t\t\t\t\t\t\t\t\t\t\t\t\t\t\t\t<div class=\"col g--bkg-light-04\">\n\t\t\t\t\t\t\t\t\t\t\t\t\t\t\t\t\t\t\t\t\t\t\t\t\t\t\t<div class=\"text-center py-1\">\n\t\t\t\t\t\t\t\t\t\t\t\t\t\t\t<div class=\"\"><\/div>\n\t\t\t\t\t\t\t\t\t\t\t\t\t\t\t\n\t\t\t\t\t\t\t\t\t\t\t\t\t\t\t<div class=\"px-2 py-1\">16\/05 - 30\/06<\/div>\n\n\t\t\t\t\t\t\t\t\t\t\t\t\t\t\t<div class=\"px-2 py-1 text-center h4\">\n\t\t\t\t\t\t\t\t\t\t\t\t\t\t\t\t56 \u20ac \t\t\t\t\t\t\t\t\t\t\t\t\t\t\t\t\t\n\t\t\t\t\t\t\t\t\t\t\t\t\t\t\t<\/div>\n\t\t\t\t\t\t\t\t\t\t\t\t\t\t<\/div>\n\t\t\t\t\t\t\t\t\t\t\t\t\t\t\t\t\t\t\t\t\t\t\t\t\t\t\t\t\t\t\t\t\t\t\t\t\t\t\t<\/div>\n\t\t\t\t\t\t\t\t\t\t\t\t\t\t\t\t\t\t\t\t\t\t\t<div class=\"col g--bkg-light-04\">\n\t\t\t\t\t\t\t\t\t\t\t\t\t\t\t\t\t\t\t\t\t\t\t\t\t\t\t<div class=\"text-center py-1\">\n\t\t\t\t\t\t\t\t\t\t\t\t\t\t\t<div class=\"\"><\/div>\n\t\t\t\t\t\t\t\t\t\t\t\t\t\t\t\n\t\t\t\t\t\t\t\t\t\t\t\t\t\t\t<div class=\"px-2 py-1\">01\/07 - 07\/08<\/div>\n\n\t\t\t\t\t\t\t\t\t\t\t\t\t\t\t<div class=\"px-2 py-1 text-center h4\">\n\t\t\t\t\t\t\t\t\t\t\t\t\t\t\t\t65 \u20ac \t\t\t\t\t\t\t\t\t\t\t\t\t\t\t\t\t\n\t\t\t\t\t\t\t\t\t\t\t\t\t\t\t<\/div>\n\t\t\t\t\t\t\t\t\t\t\t\t\t\t<\/div>\n\t\t\t\t\t\t\t\t\t\t\t\t\t\t\t\t\t\t\t\t\t\t\t\t\t\t\t\t\t\t\t\t\t\t\t\t\t\t\t<\/div>\n\t\t\t\t\t\t\t\t\t\t\t\t\t\t\t\t\t\t\t\t\t\t\t<div class=\"col g--bkg-light-04\">\n\t\t\t\t\t\t\t\t\t\t\t\t\t\t\t\t\t\t\t\t\t\t\t\t\t\t\t<div class=\"text-center py-1\">\n\t\t\t\t\t\t\t\t\t\t\t\t\t\t\t<div class=\"\"><\/div>\n\t\t\t\t\t\t\t\t\t\t\t\t\t\t\t\n\t\t\t\t\t\t\t\t\t\t\t\t\t\t\t<div class=\"px-2 py-1\">08\/08 - 22\/08<\/div>\n\n\t\t\t\t\t\t\t\t\t\t\t\t\t\t\t<div class=\"px-2 py-1 text-center h4\">\n\t\t\t\t\t\t\t\t\t\t\t\t\t\t\t\t75 \u20ac \t\t\t\t\t\t\t\t\t\t\t\t\t\t\t\t\t\n\t\t\t\t\t\t\t\t\t\t\t\t\t\t\t<\/div>\n\t\t\t\t\t\t\t\t\t\t\t\t\t\t<\/div>\n\t\t\t\t\t\t\t\t\t\t\t\t\t\t\t\t\t\t\t\t\t\t\t\t\t\t\t\t\t\t\t\t\t\t\t\t\t\t\t<\/div>\n\t\t\t\t\t\t\t\t\t\t\t\t\t\t\t\t\t\t\t\t\t\t\t<div class=\"col g--bkg-light-04\">\n\t\t\t\t\t\t\t\t\t\t\t\t\t\t\t\t\t\t\t\t\t\t\t\t\t\t\t<div class=\"text-center py-1\">\n\t\t\t\t\t\t\t\t\t\t\t\t\t\t\t<div class=\"\"><\/div>\n\t\t\t\t\t\t\t\t\t\t\t\t\t\t\t\n\t\t\t\t\t\t\t\t\t\t\t\t\t\t\t<div class=\"px-2 py-1\">23\/08 - 31\/08<\/div>\n\n\t\t\t\t\t\t\t\t\t\t\t\t\t\t\t<div class=\"px-2 py-1 text-center h4\">\n\t\t\t\t\t\t\t\t\t\t\t\t\t\t\t\t65 \u20ac \t\t\t\t\t\t\t\t\t\t\t\t\t\t\t\t\t\n\t\t\t\t\t\t\t\t\t\t\t\t\t\t\t<\/div>\n\t\t\t\t\t\t\t\t\t\t\t\t\t\t<\/div>\n\t\t\t\t\t\t\t\t\t\t\t\t\t\t\t\t\t\t\t\t\t\t\t\t\t\t\t\t\t\t\t\t\t\t\t\t\t\t\t<\/div>\n\t\t\t\t\t\t\t\t\t\t\t\t\t\t\t\t\t\t\t\t\t\t\t<div class=\"col g--bkg-light-04\">\n\t\t\t\t\t\t\t\t\t\t\t\t\t\t\t\t\t\t\t\t\t\t\t\t\t\t\t<div class=\"text-center py-1\">\n\t\t\t\t\t\t\t\t\t\t\t\t\t\t\t<div class=\"\"><\/div>\n\t\t\t\t\t\t\t\t\t\t\t\t\t\t\t\n\t\t\t\t\t\t\t\t\t\t\t\t\t\t\t<div class=\"px-2 py-1\">01\/09 - 13\/09<\/div>\n\n\t\t\t\t\t\t\t\t\t\t\t\t\t\t\t<div class=\"px-2 py-1 text-center h4\">\n\t\t\t\t\t\t\t\t\t\t\t\t\t\t\t\t56 \u20ac \t\t\t\t\t\t\t\t\t\t\t\t\t\t\t\t\t\n\t\t\t\t\t\t\t\t\t\t\t\t\t\t\t<\/div>\n\t\t\t\t\t\t\t\t\t\t\t\t\t\t<\/div>\n\t\t\t\t\t\t\t\t\t\t\t\t\t\t\t\t\t\t\t\t\t\t\t\t\t\t\t\t\t\t\t\t\t\t\t\t\t\t\t<\/div>\n\t\t\t\t\t\t\t\t\t\t\t\t\t\t\t\t\t\t\t\t\t<\/article>\n\t\t\t\t\t\t\t\t\t\t\t\t\t\t\t\t\t\t\t<article class=\"row\">\n\t\t\t\t\t\t\t\t\t\t\t<div class=\"col-12 text-quaternary text-center g--bkg-dark-01\">\n\n\t\t\t\t\t\t\t\t\t\t\t\t\t\t\t\t\t\t\t\t\t\t\t\t\t<h5 class=\"text-quaternary text-center p-2\">Vollpension + Getr\u00e4nke<\/h5>\n\t\t\t\t\t\t\t\t\t\t\t\t\t\t\t\t\t\t\t\t\t\t\t\t\t\t\t\t\t\t\t\t\t\t\t\t\t<span class=\"\"><\/span>\n\t\t\t\t\t\t\t\t\t\t\t\t\n\t\t\t\t\t\t\t\t\t\t\t<\/div>\n\t\t\t\t\t\t\t\t\t\t\t\t\t\t\t\t\t\t\t\t\t<\/article>\n\n\t\t\t\t\t\t\t\t\t\t<article class=\"row\">\n\t\t\t\t\t\t\t\t\t\t\t\t\t\t\t\t\t\t\t\t\t\t\t<div class=\"col g--bkg-light-04\">\n\t\t\t\t\t\t\t\t\t\t\t\t\t\t\t\t\t\t\t\t\t\t\t\t\t\t\t<div class=\"text-center py-1\">\n\t\t\t\t\t\t\t\t\t\t\t\t\t\t\t<div class=\"\"><\/div>\n\t\t\t\t\t\t\t\t\t\t\t\t\t\t\t\n\t\t\t\t\t\t\t\t\t\t\t\t\t\t\t<div class=\"px-2 py-1\">16\/05 - 30\/06<\/div>\n\n\t\t\t\t\t\t\t\t\t\t\t\t\t\t\t<div class=\"px-2 py-1 text-center h4\">\n\t\t\t\t\t\t\t\t\t\t\t\t\t\t\t\t60 \u20ac \t\t\t\t\t\t\t\t\t\t\t\t\t\t\t\t\t\n\t\t\t\t\t\t\t\t\t\t\t\t\t\t\t<\/div>\n\t\t\t\t\t\t\t\t\t\t\t\t\t\t<\/div>\n\t\t\t\t\t\t\t\t\t\t\t\t\t\t\t\t\t\t\t\t\t\t\t\t\t\t\t\t\t\t\t\t\t\t\t\t\t\t\t<\/div>\n\t\t\t\t\t\t\t\t\t\t\t\t\t\t\t\t\t\t\t\t\t\t\t<div class=\"col g--bkg-light-04\">\n\t\t\t\t\t\t\t\t\t\t\t\t\t\t\t\t\t\t\t\t\t\t\t\t\t\t\t<div class=\"text-center py-1\">\n\t\t\t\t\t\t\t\t\t\t\t\t\t\t\t<div class=\"\"><\/div>\n\t\t\t\t\t\t\t\t\t\t\t\t\t\t\t\n\t\t\t\t\t\t\t\t\t\t\t\t\t\t\t<div class=\"px-2 py-1\">01\/07 - 07\/08<\/div>\n\n\t\t\t\t\t\t\t\t\t\t\t\t\t\t\t<div class=\"px-2 py-1 text-center h4\">\n\t\t\t\t\t\t\t\t\t\t\t\t\t\t\t\t70 \u20ac \t\t\t\t\t\t\t\t\t\t\t\t\t\t\t\t\t\n\t\t\t\t\t\t\t\t\t\t\t\t\t\t\t<\/div>\n\t\t\t\t\t\t\t\t\t\t\t\t\t\t<\/div>\n\t\t\t\t\t\t\t\t\t\t\t\t\t\t\t\t\t\t\t\t\t\t\t\t\t\t\t\t\t\t\t\t\t\t\t\t\t\t\t<\/div>\n\t\t\t\t\t\t\t\t\t\t\t\t\t\t\t\t\t\t\t\t\t\t\t<div class=\"col g--bkg-light-04\">\n\t\t\t\t\t\t\t\t\t\t\t\t\t\t\t\t\t\t\t\t\t\t\t\t\t\t\t<div class=\"text-center py-1\">\n\t\t\t\t\t\t\t\t\t\t\t\t\t\t\t<div class=\"\"><\/div>\n\t\t\t\t\t\t\t\t\t\t\t\t\t\t\t\n\t\t\t\t\t\t\t\t\t\t\t\t\t\t\t<div class=\"px-2 py-1\">08\/08 - 22\/08<\/div>\n\n\t\t\t\t\t\t\t\t\t\t\t\t\t\t\t<div class=\"px-2 py-1 text-center h4\">\n\t\t\t\t\t\t\t\t\t\t\t\t\t\t\t\t79 \u20ac \t\t\t\t\t\t\t\t\t\t\t\t\t\t\t\t\t\n\t\t\t\t\t\t\t\t\t\t\t\t\t\t\t<\/div>\n\t\t\t\t\t\t\t\t\t\t\t\t\t\t<\/div>\n\t\t\t\t\t\t\t\t\t\t\t\t\t\t\t\t\t\t\t\t\t\t\t\t\t\t\t\t\t\t\t\t\t\t\t\t\t\t\t<\/div>\n\t\t\t\t\t\t\t\t\t\t\t\t\t\t\t\t\t\t\t\t\t\t\t<div class=\"col g--bkg-light-04\">\n\t\t\t\t\t\t\t\t\t\t\t\t\t\t\t\t\t\t\t\t\t\t\t\t\t\t\t<div class=\"text-center py-1\">\n\t\t\t\t\t\t\t\t\t\t\t\t\t\t\t<div class=\"\"><\/div>\n\t\t\t\t\t\t\t\t\t\t\t\t\t\t\t\n\t\t\t\t\t\t\t\t\t\t\t\t\t\t\t<div class=\"px-2 py-1\">23\/08 - 31\/08<\/div>\n\n\t\t\t\t\t\t\t\t\t\t\t\t\t\t\t<div class=\"px-2 py-1 text-center h4\">\n\t\t\t\t\t\t\t\t\t\t\t\t\t\t\t\t69 \u20ac \t\t\t\t\t\t\t\t\t\t\t\t\t\t\t\t\t\n\t\t\t\t\t\t\t\t\t\t\t\t\t\t\t<\/div>\n\t\t\t\t\t\t\t\t\t\t\t\t\t\t<\/div>\n\t\t\t\t\t\t\t\t\t\t\t\t\t\t\t\t\t\t\t\t\t\t\t\t\t\t\t\t\t\t\t\t\t\t\t\t\t\t\t<\/div>\n\t\t\t\t\t\t\t\t\t\t\t\t\t\t\t\t\t\t\t\t\t\t\t<div class=\"col g--bkg-light-04\">\n\t\t\t\t\t\t\t\t\t\t\t\t\t\t\t\t\t\t\t\t\t\t\t\t\t\t\t<div class=\"text-center py-1\">\n\t\t\t\t\t\t\t\t\t\t\t\t\t\t\t<div class=\"\"><\/div>\n\t\t\t\t\t\t\t\t\t\t\t\t\t\t\t\n\t\t\t\t\t\t\t\t\t\t\t\t\t\t\t<div class=\"px-2 py-1\">01\/09 - 13\/09<\/div>\n\n\t\t\t\t\t\t\t\t\t\t\t\t\t\t\t<div class=\"px-2 py-1 text-center h4\">\n\t\t\t\t\t\t\t\t\t\t\t\t\t\t\t\t60 \u20ac \t\t\t\t\t\t\t\t\t\t\t\t\t\t\t\t\t\n\t\t\t\t\t\t\t\t\t\t\t\t\t\t\t<\/div>\n\t\t\t\t\t\t\t\t\t\t\t\t\t\t<\/div>\n\t\t\t\t\t\t\t\t\t\t\t\t\t\t\t\t\t\t\t\t\t\t\t\t\t\t\t\t\t\t\t\t\t\t\t\t\t\t\t<\/div>\n\t\t\t\t\t\t\t\t\t\t\t\t\t\t\t\t\t\t\t\t\t<\/article>\n\t\t\t\t\t\t\t\t\t\t\t\t\t\t\t\t\t\t\t<article class=\"row\">\n\t\t\t\t\t\t\t\t\t\t\t<div class=\"col-12 text-quaternary text-center g--bkg-dark-01\">\n\n\t\t\t\t\t\t\t\t\t\t\t\t\t\t\t\t\t\t\t\t\t\t\t\t\t<h5 class=\"text-quaternary text-center p-2\">All-Inklusive<\/h5>\n\t\t\t\t\t\t\t\t\t\t\t\t\t\t\t\t\t\t\t\t\t\t\t\t\t\t\t\t\t\t\t\t\t\t\t\t\t<span class=\"\"><\/span>\n\t\t\t\t\t\t\t\t\t\t\t\t\n\t\t\t\t\t\t\t\t\t\t\t<\/div>\n\t\t\t\t\t\t\t\t\t\t\t\t\t\t\t\t\t\t\t\t\t<\/article>\n\n\t\t\t\t\t\t\t\t\t\t<article class=\"row\">\n\t\t\t\t\t\t\t\t\t\t\t\t\t\t\t\t\t\t\t\t\t\t\t<div class=\"col g--bkg-light-04\">\n\t\t\t\t\t\t\t\t\t\t\t\t\t\t\t\t\t\t\t\t\t\t\t\t\t\t\t<div class=\"text-center py-1\">\n\t\t\t\t\t\t\t\t\t\t\t\t\t\t\t<div class=\"\"><\/div>\n\t\t\t\t\t\t\t\t\t\t\t\t\t\t\t\n\t\t\t\t\t\t\t\t\t\t\t\t\t\t\t<div class=\"px-2 py-1\">16\/05 - 30\/06<\/div>\n\n\t\t\t\t\t\t\t\t\t\t\t\t\t\t\t<div class=\"px-2 py-1 text-center h4\">\n\t\t\t\t\t\t\t\t\t\t\t\t\t\t\t\t68 \u20ac \t\t\t\t\t\t\t\t\t\t\t\t\t\t\t\t\t\n\t\t\t\t\t\t\t\t\t\t\t\t\t\t\t<\/div>\n\t\t\t\t\t\t\t\t\t\t\t\t\t\t<\/div>\n\t\t\t\t\t\t\t\t\t\t\t\t\t\t\t\t\t\t\t\t\t\t\t\t\t\t\t\t\t\t\t\t\t\t\t\t\t\t\t<\/div>\n\t\t\t\t\t\t\t\t\t\t\t\t\t\t\t\t\t\t\t\t\t\t\t<div class=\"col g--bkg-light-04\">\n\t\t\t\t\t\t\t\t\t\t\t\t\t\t\t\t\t\t\t\t\t\t\t\t\t\t\t<div class=\"text-center py-1\">\n\t\t\t\t\t\t\t\t\t\t\t\t\t\t\t<div class=\"\"><\/div>\n\t\t\t\t\t\t\t\t\t\t\t\t\t\t\t\n\t\t\t\t\t\t\t\t\t\t\t\t\t\t\t<div class=\"px-2 py-1\">01\/07 - 07\/08<\/div>\n\n\t\t\t\t\t\t\t\t\t\t\t\t\t\t\t<div class=\"px-2 py-1 text-center h4\">\n\t\t\t\t\t\t\t\t\t\t\t\t\t\t\t\t79 \u20ac \t\t\t\t\t\t\t\t\t\t\t\t\t\t\t\t\t\n\t\t\t\t\t\t\t\t\t\t\t\t\t\t\t<\/div>\n\t\t\t\t\t\t\t\t\t\t\t\t\t\t<\/div>\n\t\t\t\t\t\t\t\t\t\t\t\t\t\t\t\t\t\t\t\t\t\t\t\t\t\t\t\t\t\t\t\t\t\t\t\t\t\t\t<\/div>\n\t\t\t\t\t\t\t\t\t\t\t\t\t\t\t\t\t\t\t\t\t\t\t<div class=\"col g--bkg-light-04\">\n\t\t\t\t\t\t\t\t\t\t\t\t\t\t\t\t\t\t\t\t\t\t\t\t\t\t\t<div class=\"text-center py-1\">\n\t\t\t\t\t\t\t\t\t\t\t\t\t\t\t<div class=\"\"><\/div>\n\t\t\t\t\t\t\t\t\t\t\t\t\t\t\t\n\t\t\t\t\t\t\t\t\t\t\t\t\t\t\t<div class=\"px-2 py-1\">08\/08 - 22\/08<\/div>\n\n\t\t\t\t\t\t\t\t\t\t\t\t\t\t\t<div class=\"px-2 py-1 text-center h4\">\n\t\t\t\t\t\t\t\t\t\t\t\t\t\t\t\t89 \u20ac \t\t\t\t\t\t\t\t\t\t\t\t\t\t\t\t\t\n\t\t\t\t\t\t\t\t\t\t\t\t\t\t\t<\/div>\n\t\t\t\t\t\t\t\t\t\t\t\t\t\t<\/div>\n\t\t\t\t\t\t\t\t\t\t\t\t\t\t\t\t\t\t\t\t\t\t\t\t\t\t\t\t\t\t\t\t\t\t\t\t\t\t\t<\/div>\n\t\t\t\t\t\t\t\t\t\t\t\t\t\t\t\t\t\t\t\t\t\t\t<div class=\"col g--bkg-light-04\">\n\t\t\t\t\t\t\t\t\t\t\t\t\t\t\t\t\t\t\t\t\t\t\t\t\t\t\t<div class=\"text-center py-1\">\n\t\t\t\t\t\t\t\t\t\t\t\t\t\t\t<div class=\"\"><\/div>\n\t\t\t\t\t\t\t\t\t\t\t\t\t\t\t\n\t\t\t\t\t\t\t\t\t\t\t\t\t\t\t<div class=\"px-2 py-1\">23\/08 - 31\/08<\/div>\n\n\t\t\t\t\t\t\t\t\t\t\t\t\t\t\t<div class=\"px-2 py-1 text-center h4\">\n\t\t\t\t\t\t\t\t\t\t\t\t\t\t\t\t79 \u20ac \t\t\t\t\t\t\t\t\t\t\t\t\t\t\t\t\t\n\t\t\t\t\t\t\t\t\t\t\t\t\t\t\t<\/div>\n\t\t\t\t\t\t\t\t\t\t\t\t\t\t<\/div>\n\t\t\t\t\t\t\t\t\t\t\t\t\t\t\t\t\t\t\t\t\t\t\t\t\t\t\t\t\t\t\t\t\t\t\t\t\t\t\t<\/div>\n\t\t\t\t\t\t\t\t\t\t\t\t\t\t\t\t\t\t\t\t\t\t\t<div class=\"col g--bkg-light-04\">\n\t\t\t\t\t\t\t\t\t\t\t\t\t\t\t\t\t\t\t\t\t\t\t\t\t\t\t<div class=\"text-center py-1\">\n\t\t\t\t\t\t\t\t\t\t\t\t\t\t\t<div class=\"\"><\/div>\n\t\t\t\t\t\t\t\t\t\t\t\t\t\t\t\n\t\t\t\t\t\t\t\t\t\t\t\t\t\t\t<div class=\"px-2 py-1\">01\/09 - 13\/09<\/div>\n\n\t\t\t\t\t\t\t\t\t\t\t\t\t\t\t<div class=\"px-2 py-1 text-center h4\">\n\t\t\t\t\t\t\t\t\t\t\t\t\t\t\t\t68 \u20ac \t\t\t\t\t\t\t\t\t\t\t\t\t\t\t\t\t\n\t\t\t\t\t\t\t\t\t\t\t\t\t\t\t<\/div>\n\t\t\t\t\t\t\t\t\t\t\t\t\t\t<\/div>\n\t\t\t\t\t\t\t\t\t\t\t\t\t\t\t\t\t\t\t\t\t\t\t\t\t\t\t\t\t\t\t\t\t\t\t\t\t\t\t<\/div>\n\t\t\t\t\t\t\t\t\t\t\t\t\t\t\t\t\t\t\t\t\t<\/article>\n\t\t\t\t\t\t\t\t\t\t\t\t\t\t\t\t<div class=\"row g--bkg-dark-04 mt-4\">\n\t\t\t\t\t\t\t\t\t\t\t\t\t\t\t\t\t<h3 class=\"p-4\">Preislistenhinweise <\/h3>\t\n\t\t\t\t\t\t\t\t\t\t\t\t\t\t\t\t\t\t\t\t\t\t\t\t\t\t\t<div class=\"p-4\">\n\t\t\t\t\t\t\t\t\t\t\t<p>Die Preise verstehen sich pro Person und Tag mit Vollpension bei einem Mindestaufenthalt von 3 Tagen.&nbsp;<\/p><p><br><\/p><p>Formel B&amp;b von \u20ac 38 bis \u20ac 40 pro Person mindestens 3 Tage.<\/p><p><br><\/p><p><br><\/p><p><br><\/p><p>Die Preise verstehen sich zuz\u00fcglich der Kurtaxe in H\u00f6he von 1,00 \u20ac pro Tag und Person \u00fcber 14 Jahre f\u00fcr maximal 7 aufeinanderfolgende N\u00e4chte.<\/p><p><br><\/p><p><br><\/p><p><br><\/p><p>Alles inbegriffen&nbsp;<\/p><p><br><\/p><p>Im Preis inbegriffen sind 1 Sonnenschirm und 2 Sonnenliegen pro Zimmer, Getr\u00e4nke zu den Mahlzeiten. F\u00fcr Kinder gibt es Erm\u00e4\u00dfigungen.&nbsp;&nbsp;<\/p><p><br><\/p><p><br><\/p><p><br><\/p><p>Kostenlose Dienstleistungen im Hotel<\/p><p><br><\/p><p>Klimaanlage im Speisesaal und im Zimmer<\/p><p>Parkplatz<\/p><p>Fahrr\u00e4der<\/p><p>W-LAN<\/p><p>Kinderspielplatz und Animation am Strand<\/p><p><br><\/p><p><br><\/p><p>Erm\u00e4\u00dfigungen<\/p><p><br><\/p><p>3. Bett -10%.&nbsp;<\/p><p>4. Bett -20%.<\/p><p>Nicht eingenommene Mahlzeiten werden nicht abgezogen, es besteht die M\u00f6glichkeit, stattdessen ein Lunchpaket anzufordern.<\/p><p><br><\/p><p><br><\/p><p><br><\/p><p>Kinder (unter 18 Jahren)<\/p><p><br><\/p><p>Kinder bis zu 3 Jahren kostenlos (1 Kind pro Familie) au\u00dfer vom 4.08. bis 24.08.<\/p><p>bis zu 6 Jahren -50%.<\/p><p>von 6 bis 15 Jahren -30%.&nbsp;<\/p><p>Der Preis f\u00fcr Kleinkinder ist zu vereinbaren.<\/p><p><br><\/p><p><br><\/p><p>Halbpension - \u20ac 5,00 au\u00dfer in der Zeit vom 4.08. bis 24.08.<\/p><p><br><\/p><p><br><\/p><p><br><\/p><p>Zuschl\u00e4ge<\/p><p><br><\/p><p>Einzelzimmer: + \u20ac 15,00&nbsp;<\/p><p>Aufenthalt weniger als 3 Tage: + \u20ac 3,00 pro Person<\/p><p>Klimaanlage ohne Aufpreis&nbsp;<\/p><p>f\u00fcr 4-k\u00f6pfige Freunde: 30 \u20ac f\u00fcr die Endreinigung des Zimmers<\/p><p>Erm\u00e4\u00dfigungen k\u00f6nnen nicht kombiniert werden<\/p><p><br><\/p><p>Die Wohnung ist von 11.00 Uhr am ersten Tag bis 10.00 Uhr am letzten Tag verf\u00fcgbar.<\/p><p><br><\/p><p>Die Kaution von 150\u20ac wird nicht zur\u00fcckerstattet, kann aber f\u00fcr einen n\u00e4chsten Urlaub in unserem Hotel in der Saison 2024 wiederverwendet werden.<\/p><p><br><\/p><p><br><\/p><p><br><\/p><p>Bankverbindung f\u00fcr die \u00dcberweisung der Kaution<\/p><p><br><\/p><p>IBAN IT20F07067822 000000201461<\/p><p><br><\/p><p>KREDITGENOSSENSCHAFT<\/p><p><br><\/p><p>KREDITGENOSSENSCHAFT ROMAGNOLO<\/p>\t\t\t\t\t\t\t\t\t\t<\/div>\n\t\t\t\t\t\t\t\t\t\t\n\t\t\t\t\t\t\t<\/div>\n\t\t\t\t\t\t\t\t\t\t<\/div> \t\t<\/div>\n\t<\/div>\n    <\/div>\n<\/div>\n<\/section>","protected":false},"excerpt":{"rendered":"","protected":false},"author":1,"featured_media":0,"parent":0,"menu_order":0,"comment_status":"closed","ping_status":"closed","template":"","meta":{"footnotes":""},"class_list":["post-603","page","type-page","status-publish","hentry"],"_links":{"self":[{"href":"https:\/\/www.hbrasilia.it\/de\/wp-json\/wp\/v2\/pages\/603","targetHints":{"allow":["GET"]}}],"collection":[{"href":"https:\/\/www.hbrasilia.it\/de\/wp-json\/wp\/v2\/pages"}],"about":[{"href":"https:\/\/www.hbrasilia.it\/de\/wp-json\/wp\/v2\/types\/page"}],"author":[{"embeddable":true,"href":"https:\/\/www.hbrasilia.it\/de\/wp-json\/wp\/v2\/users\/1"}],"replies":[{"embeddable":true,"href":"https:\/\/www.hbrasilia.it\/de\/wp-json\/wp\/v2\/comments?post=603"}],"version-history":[{"count":8,"href":"https:\/\/www.hbrasilia.it\/de\/wp-json\/wp\/v2\/pages\/603\/revisions"}],"predecessor-version":[{"id":936,"href":"https:\/\/www.hbrasilia.it\/de\/wp-json\/wp\/v2\/pages\/603\/revisions\/936"}],"wp:attachment":[{"href":"https:\/\/www.hbrasilia.it\/de\/wp-json\/wp\/v2\/media?parent=603"}],"curies":[{"name":"wp","href":"https:\/\/api.w.org\/{rel}","templated":true}]}}