{"id":59,"date":"2021-04-28T09:53:34","date_gmt":"2021-04-28T07:53:34","guid":{"rendered":"http:\/\/www.hbrasilia.it\/?page_id=59"},"modified":"2026-05-06T17:00:00","modified_gmt":"2026-05-06T15:00:00","slug":"ristorante","status":"publish","type":"page","link":"https:\/\/www.hbrasilia.it\/de\/ristorante\/","title":{"rendered":"Restaurant"},"content":{"rendered":"<section class=\"container-fluid js--lazy-load wao-blocks-gallery-slider-flickity gallery-flickity-37672\" >\n    <article class=\"row\">\n        <div class=\"col-sm-12 p-0 position-relative\">\n            <section class=\"container-fluid js--lazy-load\">\n                <article class=\"row\">\n                    <div class=\"col-sm-12 p-0 position-relative\">\n                        <div class=\"js--flickity l--vh-75-md\" data-cellalign=\"left\" data-bglazyload=\"1\" data-freescroll=\"true\" data-wraparound=\"true\" data-autoplay=\"3000\" data-pauseautoplayonhover =\"true\" data-prevnextbuttons=\"false\" data-contain=\"true\" data-pagedots=\"false\" data-draggable=\"false\" data-groupcells=\"110%\" data-fade=\"true\">\n                                                            <div>\n                                    <div style=\"background: url('http:\/\/www.hbrasilia.it\/wp-content\/uploads\/2025\/12\/top-risto-2025.jpg') center center \/ cover no-repeat rgb(250, 250, 250); display: block; width: 100vw;\" class=\"l--vh-75-md\"><\/div>\n                                <\/div>\n                                                            <div>\n                                    <div style=\"background: url('http:\/\/www.hbrasilia.it\/wp-content\/uploads\/2024\/11\/top-risto-02.jpg') center center \/ cover no-repeat rgb(250, 250, 250); display: block; width: 100vw;\" class=\"l--vh-75-md\"><\/div>\n                                <\/div>\n                                                            <div>\n                                    <div style=\"background: url('http:\/\/www.hbrasilia.it\/wp-content\/uploads\/2024\/11\/top-risto.jpg') center center \/ cover no-repeat rgb(250, 250, 250); display: block; width: 100vw;\" class=\"l--vh-75-md\"><\/div>\n                                <\/div>\n                                                            <div>\n                                    <div style=\"background: url('http:\/\/www.hbrasilia.it\/wp-content\/uploads\/2024\/11\/cucina-top.jpg') center center \/ cover no-repeat rgb(250, 250, 250); display: block; width: 100vw;\" class=\"l--vh-75-md\"><\/div>\n                                <\/div>\n                            \n                        <\/div>\n                        <div class=\"position-absolute l--top l--bottom mx-auto l--align-middle-vertical\">\n                            <div class=\"text-over-slider h1 text-quaternary text-center animated zoomIn\" data-anim=\"zoomIn\" data-cof=\"true\" data-cof-rule=\"font-size, 2rem, 2.5rem, 2.5rem, 3rem, 3rem\">\n                                Restaurant                            <\/div>\n                                                    <\/div>\n                    <\/div>\n                <\/article>\n            <\/section>\n        <\/div>\n    <\/article>\n<\/section>\n\n<section class=\"wao-blocks-container container mb-2\"\n\t\t>\n    \n<div class=\"wao-blocks-row row\" >\n    \n\n<div class=\"col-12 col-md-12 text-center py-5\"\n     \n\t \n\t>\n        \n\n<h1 class=\"wp-block-heading\">Ein Meer aus Geschmack und Tradition<\/h1>\n\n\n\n<div class=\"wao-blocks-immagine-src\" \n    >\n                    <img decoding=\"async\" src=\"http:\/\/www.hbrasilia.it\/wp-content\/uploads\/2021\/04\/divider-2.png\"  class=\"my-3\"  alt=\"Teiler-2\">\n    <\/div>\n\n\n<p>Das klimatisierte Restaurant ist eines der Juwelen in der Krone unseres Hotels. Jeden Tag k\u00f6nnen unsere G\u00e4ste k\u00f6stliche traditionelle Gerichte genie\u00dfen, die von unserem K\u00fcchenchef sorgf\u00e4ltig zubereitet werden. <strong>unsere K\u00f6chin Michele.<\/strong><\/p>\n\n    <\/div>\n<\/div>\n<\/section>\n\n<section class=\"wao-blocks-container container-fluid mb-0 g--bkg-dark-04\"\n\t\t>\n    \n<div class=\"wao-blocks-row row pb-5\" >\n    \n\n<div class=\"col-12 col-lg-6 p-4 d-flex align-items-center  order-lg-1 order-last\"\n     \n\t \n\t>\n        \n<div class=\"box-sx-over my-4\">\n\n\n<h2 class=\"wp-block-heading h3 pb-3 text-uppercase\">Jeden Tag neue Vorschl\u00e4ge vom Chefkoch<\/h2>\n\n\n\n<p class=\"h4 text-secondary pb-3\">Der Geschmack der Romagna in jedem Gericht<\/p>\n\n\n\n<p>Unser K\u00fcchenchef Michele schl\u00e4gt jeden Tag vor<strong> Men\u00fcwahl zwischen Fleisch und Fisch<\/strong>. Alle Gerichte werden mit frischen und erstklassigen Produkten zubereitet.<\/p>\n\n\n\n<p>Im Restaurant finden Sie auch ein <strong>reichhaltiges Buffet mit Gem\u00fcse und Vorspeisen<\/strong>so einladend, dass selbst die J\u00fcngsten fasziniert sein werden!<\/p>\n\n\n\n<p>Au\u00dferdem ist unser K\u00fcchenchef bereit, alternative Men\u00fcs vorzubereiten f\u00fcr <strong>jede Art von Intoleranz<\/strong> (wird zum Zeitpunkt der Buchung mitgeteilt).<\/p>\n\n\n\n<p>Das Restaurant ist zum Fr\u00fchst\u00fcck von 8.00 bis 10.00 Uhr ge\u00f6ffnet; zum Mittagessen ab 12.30 Uhr und zum Abendessen ist der Einlass um 19.30 Uhr.<\/p>\n\n\n<\/div>\n    <\/div>\n\n\n<div class=\"col-12 col-lg-6 p-0 order-lg-3 order-1\"\n     \n\t \n\t>\n        \n\n\t  \t<div class=\"container p-0 l--h-100\">\n\t\t\t<div class=\"row l--gallery-grid l--h-100\">\n\t\t\t\t<div class=\"col-md-6 col-sm-12 l--h-50 l--p-gall\"><div style=\"background-image: url('http:\/\/www.hbrasilia.it\/wp-content\/uploads\/2025\/12\/risto-brasilia-02-400x600.jpg?w=100&h=100&q=80&fit=crop);\" class=\"l--w-100 l--h-100 gallery-camere\">\n\t\t\t\t\t<a href=\"http:\/\/www.hbrasilia.it\/wp-content\/uploads\/2025\/12\/risto-brasilia-02.jpg\" \n\t\t\t\t\t\trel=\"ilightBox\" \n\t\t\t\t\t\tclass=\"d-block l--h-100 text-right min-h-100\" title=\"Galerie \u00f6ffnen\"><img decoding=\"async\" src=\"https:\/\/www.hbrasilia.it\/wp-content\/themes\/wao-theme\/inc\/img\/ico-plus.png\" class=\"img-fluid p-2\"><\/a> \t\t\t\t\t<\/div><\/div><div class=\"col-md-6 col-sm-12 l--h-50 l--p-gall\"><div style=\"background-image: url('http:\/\/www.hbrasilia.it\/wp-content\/uploads\/2025\/12\/risto-brasilia-03-400x600.jpg?w=100&h=100&q=80&fit=crop);\" class=\"l--w-100 l--h-100 hidden-sm-down  gallery-camere\">\n\t\t\t\t\t<a href=\"http:\/\/www.hbrasilia.it\/wp-content\/uploads\/2025\/12\/risto-brasilia-03.jpg\" \n\t\t\t\t\t\trel=\"ilightBox\" \n\t\t\t\t\t\tclass=\"d-block l--h-100 text-right min-h-100\" title=\"Galerie \u00f6ffnen\"><img decoding=\"async\" src=\"https:\/\/www.hbrasilia.it\/wp-content\/themes\/wao-theme\/inc\/img\/ico-plus.png\" class=\"img-fluid p-2\"><\/a> \t\t\t\t\t<\/div><\/div><div class=\"col-md-6 col-sm-12 l--h-50 l--p-gall\"><div style=\"background-image: url('http:\/\/www.hbrasilia.it\/wp-content\/uploads\/2024\/11\/cucina-02-338x600.jpg?w=100&h=100&q=80&fit=crop);\" class=\"l--w-100 l--h-100 hidden-sm-down  gallery-camere\">\n\t\t\t\t\t<a href=\"http:\/\/www.hbrasilia.it\/wp-content\/uploads\/2024\/11\/cucina-02.jpg\" \n\t\t\t\t\t\trel=\"ilightBox\" \n\t\t\t\t\t\tclass=\"d-block l--h-100 text-right min-h-100\" title=\"Galerie \u00f6ffnen\"><img decoding=\"async\" src=\"https:\/\/www.hbrasilia.it\/wp-content\/themes\/wao-theme\/inc\/img\/ico-plus.png\" class=\"img-fluid p-2\"><\/a> \t\t\t\t\t<\/div><\/div><div class=\"col-md-6 col-sm-12 l--h-50 l--p-gall\"><div style=\"background-image: url('http:\/\/www.hbrasilia.it\/wp-content\/uploads\/2024\/11\/ristorante-brasilia-01-362x600.jpg?w=100&h=100&q=80&fit=crop);\" class=\"l--w-100 l--h-100 hidden-sm-down  gallery-camere\">\n\t\t\t\t\t<a href=\"http:\/\/www.hbrasilia.it\/wp-content\/uploads\/2024\/11\/ristorante-brasilia-01.jpg\" \n\t\t\t\t\t\trel=\"ilightBox\" \n\t\t\t\t\t\tclass=\"d-block l--h-100 text-right min-h-100\" title=\"Galerie \u00f6ffnen\"><img decoding=\"async\" src=\"https:\/\/www.hbrasilia.it\/wp-content\/themes\/wao-theme\/inc\/img\/ico-plus.png\" class=\"img-fluid p-2\"><\/a> \t\t\t\t\t<\/div>      \n        \t\t<\/div>\n        \t<\/div>\n    \t<\/div>\n    <\/div>\n<\/div>\n\n<div class=\"wao-blocks-row row\" >\n    \n\n<div class=\"col-12 col-lg-6 p-0 order-1\"\n     \n\t \n\t>\n        \n    <figure\n        class=\"wao-blocks-immagine-bkg js--hideme\"\n        style=\"background: url('http:\/\/www.hbrasilia.it\/wp-content\/uploads\/2024\/11\/colazione-brasilia-683x1024.jpg') center center \/ cover no-repeat;\"\n        data-anim=\"bounceInLeft\" data-cof=\"true\" data-cof-rule=\"min-height, 350px, 350px, 400px, 100%, 100%\" >\n            <\/figure>\n\n    <\/div>\n\n\n<div class=\"col-12 col-lg-6 p-4 d-flex align-items-center  order-lg-1 order-last\"\n     \n\t \n\t>\n        \n<div class=\"box-dx-over my-4\">\n\n\n<h2 class=\"wp-block-heading h3 pb-3 text-uppercase\">Jede Menge Betreuung f\u00fcr die Kinder!<\/h2>\n\n\n\n<p class=\"h4 text-secondary pb-3\">Wir lieben es, unsere kleinen G\u00e4ste zu verw\u00f6hnen<\/p>\n\n\n\n<p>Kinder finden im Restaurant <strong>farbiges Kunststoffbesteck und Teller<\/strong>, L\u00e4tzchen mit niedlichen Motiven und Hochst\u00fchle, um es bei den Familienmahlzeiten bequem zu haben!<\/p>\n\n\n<\/div>\n    <\/div>\n<\/div>\n<\/section>","protected":false},"excerpt":{"rendered":"","protected":false},"author":1,"featured_media":0,"parent":0,"menu_order":0,"comment_status":"closed","ping_status":"closed","template":"","meta":{"footnotes":""},"class_list":["post-59","page","type-page","status-publish","hentry"],"_links":{"self":[{"href":"https:\/\/www.hbrasilia.it\/de\/wp-json\/wp\/v2\/pages\/59","targetHints":{"allow":["GET"]}}],"collection":[{"href":"https:\/\/www.hbrasilia.it\/de\/wp-json\/wp\/v2\/pages"}],"about":[{"href":"https:\/\/www.hbrasilia.it\/de\/wp-json\/wp\/v2\/types\/page"}],"author":[{"embeddable":true,"href":"https:\/\/www.hbrasilia.it\/de\/wp-json\/wp\/v2\/users\/1"}],"replies":[{"embeddable":true,"href":"https:\/\/www.hbrasilia.it\/de\/wp-json\/wp\/v2\/comments?post=59"}],"version-history":[{"count":17,"href":"https:\/\/www.hbrasilia.it\/de\/wp-json\/wp\/v2\/pages\/59\/revisions"}],"predecessor-version":[{"id":1191,"href":"https:\/\/www.hbrasilia.it\/de\/wp-json\/wp\/v2\/pages\/59\/revisions\/1191"}],"wp:attachment":[{"href":"https:\/\/www.hbrasilia.it\/de\/wp-json\/wp\/v2\/media?parent=59"}],"curies":[{"name":"wp","href":"https:\/\/api.w.org\/{rel}","templated":true}]}}