{"id":560,"date":"2021-05-07T09:53:05","date_gmt":"2021-05-07T07:53:05","guid":{"rendered":"http:\/\/www.hbrasilia.it\/?page_id=560"},"modified":"2026-05-06T17:01:47","modified_gmt":"2026-05-06T15:01:47","slug":"spiagge","status":"publish","type":"page","link":"https:\/\/www.hbrasilia.it\/de\/spiagge\/","title":{"rendered":"Str\u00e4nde"},"content":{"rendered":"<section class=\"container-fluid js--lazy-load wao-blocks-gallery-slider-flickity gallery-flickity-54744\" >\n    <article class=\"row\">\n        <div class=\"col-sm-12 p-0 position-relative\">\n            <section class=\"container-fluid js--lazy-load\">\n                <article class=\"row\">\n                    <div class=\"col-sm-12 p-0 position-relative\">\n                        <div class=\"js--flickity l--vh-50-md\" data-cellalign=\"left\" data-bglazyload=\"1\" data-freescroll=\"true\" data-wraparound=\"true\" data-autoplay=\"2000\" data-pauseautoplayonhover =\"true\" data-prevnextbuttons=\"false\" data-contain=\"true\" data-pagedots=\"false\" data-draggable=\"true\" data-groupcells=\"110%\" data-fade=\"true\">\n                                                            <div>\n                                    <div style=\"background: url('http:\/\/www.hbrasilia.it\/wp-content\/uploads\/2021\/05\/z-1-q-ev-ul.jpg') center center \/ cover no-repeat rgb(250, 250, 250); display: block; width: 100vw;\" class=\"l--vh-50-md\"><\/div>\n                                <\/div>\n                            \n                        <\/div>\n                        <div class=\"position-absolute l--top l--bottom mx-auto l--align-middle-vertical\">\n                            <div class=\"text-over-slider h1 text-quaternary text-center animated zoomIn\" data-anim=\"zoomIn\" data-cof=\"true\" data-cof-rule=\"font-size, 2rem, 2.5rem, 2.5rem, 3rem, 3rem\">\n                                                            <\/div>\n                                                    <\/div>\n                    <\/div>\n                <\/article>\n            <\/section>\n        <\/div>\n    <\/article>\n<\/section>\n\n<section class=\"wao-blocks-container container mb-2\"\n\t\t>\n    \n<div class=\"wao-blocks-row row\" >\n    \n\n<div class=\"col-12 col-md-12 text-center py-5\"\n     \n\t \n\t>\n        \n\n<h1 class=\"wp-block-heading\">Unsere Partnerstr\u00e4nde<\/h1>\n\n\n\n<div class=\"wao-blocks-immagine-src js--hideme\" \n    data-anim='rubberBand' >\n                    <img decoding=\"async\" src=\"http:\/\/www.hbrasilia.it\/wp-content\/uploads\/2021\/04\/divider-2.png\"  class=\"my-3\"  alt=\"Teiler-2\">\n    <\/div>\n\n\n<p>Unser Hotel ist <strong>in \u00dcbereinstimmung mit vier Strandb\u00e4dern <\/strong>und die G\u00e4ste k\u00f6nnen je nach ihren Bed\u00fcrfnissen w\u00e4hlen, welche sie bevorzugen. Alle Str\u00e4nde sind mit jeglichem Komfort ausgestattet, um maximale Entspannung zu gew\u00e4hrleisten, und in jedem von ihnen gibt es Unterhaltung f\u00fcr Erwachsene und Kinder!<\/p>\n\n    <\/div>\n<\/div>\n<\/section>\n\n<section class=\"wao-blocks-container container-fluid mb-0 g--bkg-dark-04\"\n\t\t>\n    \n<div class=\"wao-blocks-row row pb-5\" >\n    \n\n<div class=\"col-12 col-lg-6 p-4 d-flex align-items-center  order-lg-1 order-last\"\n     \n\t \n\t>\n        \n<div class=\"box-sx-over\">\n\n\n<h2 class=\"wp-block-heading h3 pb-3 text-uppercase\">Badezimmer Mailand<\/h2>\n\n\n\n<p>Eines der zu unserem Hotel geh\u00f6renden B\u00e4der ist das <strong>Badezimmer Mailand Nummer 46<\/strong>. Am Strand gibt es viele interessante Angebote wie die Leseecke mit B\u00fcchern, die man direkt am Strand lesen oder von zu Hause mitbringen kann, <strong>Wickeltisch f\u00fcr kleine G\u00e4ste<\/strong>, Kinderbereich, kostenloses Wifi, Partybereich mit Pavillon f\u00fcr Schatten w\u00e4hrend der hei\u00dfesten Stunden des Tages, M\u00f6glichkeit von Duschen mit hei\u00dfem und kaltem Wasser und viel <strong>Spiele und Strandtennis- und Basketballpl\u00e4tze<\/strong>. Dar\u00fcber hinaus bietet das Bagno Milano Unterhaltung f\u00fcr Erwachsene und Kinder mit einem Miniclub den ganzen Tag \u00fcber, Muskelerweckung auf dem Sand, Gruppent\u00e4nze und Wasseraerobic.<\/p>\n\n\n<\/div>\n    <\/div>\n\n\n<div class=\"col-12 col-lg-6 p-0 order-lg-3 order-1\"\n     \n\t \n\t>\n        \n    <figure\n        class=\"wao-blocks-immagine-bkg js--hideme\"\n        style=\"background: url('http:\/\/www.hbrasilia.it\/wp-content\/uploads\/2021\/05\/brasilia-bagno-milano.jpg') center center \/ cover no-repeat;\"\n        data-anim=\"bounceInRight\" data-cof=\"true\" data-cof-rule=\"min-height, 350px, 350px, 400px, 100%, 100%\" >\n            <\/figure>\n\n    <\/div>\n<\/div>\n\n<div class=\"wao-blocks-row row pb-5\" >\n    \n\n<div class=\"col-12 col-lg-6 p-0 order-1\"\n     \n\t \n\t>\n        \n    <figure\n        class=\"wao-blocks-immagine-bkg js--hideme\"\n        style=\"background: url('http:\/\/www.hbrasilia.it\/wp-content\/uploads\/2021\/05\/spiaggia-corallo-cesenatico-1.jpg') center center \/ cover no-repeat;\"\n        data-anim=\"bounceInLeft\" data-cof=\"true\" data-cof-rule=\"min-height, 350px, 350px, 400px, 100%, 100%\" >\n            <\/figure>\n\n    <\/div>\n\n\n<div class=\"col-12 col-lg-6 p-4 d-flex align-items-center  order-last\"\n     \n\t \n\t>\n        \n<div class=\"box-dx-over\">\n\n\n<h2 class=\"wp-block-heading h3 pb-3 text-uppercase\">Korallenbad<\/h2>\n\n\n\n<p>Das Bagno Corallo befindet sich ebenfalls in der Viale Carducci und ist <strong>bei Nummer 45<\/strong>. Eine der gro\u00dfartigen Eigenschaften dieses Bades ist der Zugang und die vielen Einrichtungen f\u00fcr diejenigen, die ihre eigenen mitbringen wollen <strong>H\u00fcndchen am Strand<\/strong>.<\/p>\n\n\n\n<p>Bagno Corallo hat in der Tat eine<strong>exklusiver reservierter Bereich<\/strong> den Kunden des Etablissements, die es lieben, in Begleitung ihres Vierbeiners unter dem Sonnenschirm zu entspannen, einfach ein paar einfache Regeln beachten.<\/p>\n\n\n<\/div>\n    <\/div>\n<\/div>\n\n<div class=\"wao-blocks-row row pb-5\" >\n    \n\n<div class=\"col-12 col-lg-6 p-4 d-flex align-items-center  order-lg-1 order-last\"\n     \n\t \n\t>\n        \n<div class=\"box-sx-over\">\n\n\n<h2 class=\"wp-block-heading h3 pb-3 text-uppercase\">Ideal-Bad<\/h2>\n\n\n\n<p>Bagno Ideal, ist die Badeanstalt<strong> Nummer 47 <\/strong>in Viale Carducci, ebenfalls in Villamarina di Cesenatico. Bagno Ideal ist bekannt f\u00fcr seine <strong>eleganter Strand mit wei\u00dfen Sonnenschirmen<\/strong> und eine sch\u00f6ne Panoramaterrasse, auf der man einen guten <strong>Cocktails bei Sonnenuntergang<\/strong>. Dieses Strandbad hat einen sch\u00f6nen Garten, in dem Sie leckere Snacks genie\u00dfen oder ein paar Schnappsch\u00fcsse \u00fcber das kostenlose WLAN teilen k\u00f6nnen.<\/p>\n\n\n<\/div>\n    <\/div>\n\n\n<div class=\"col-12 col-lg-6 p-0 order-lg-3 order-1\"\n     \n\t \n\t>\n        \n    <figure\n        class=\"wao-blocks-immagine-bkg js--hideme\"\n        style=\"background: url('http:\/\/www.hbrasilia.it\/wp-content\/uploads\/2021\/05\/spiaggia-ideal-cesenatico.jpg') center center \/ cover no-repeat;\"\n        data-anim=\"bounceInRight\" data-cof=\"true\" data-cof-rule=\"min-height, 350px, 350px, 400px, 100%, 100%\" >\n            <\/figure>\n\n    <\/div>\n<\/div>\n\n<div class=\"wao-blocks-row row pb-5\" >\n    \n\n<div class=\"col-12 col-lg-6 p-0 order-1\"\n     \n\t \n\t>\n        \n    <figure\n        class=\"wao-blocks-immagine-bkg js--hideme\"\n        style=\"background: url('http:\/\/www.hbrasilia.it\/wp-content\/uploads\/2021\/05\/brasilia-bagno-roberto.jpg') center center \/ cover no-repeat;\"\n        data-anim=\"bounceInLeft\" data-cof=\"true\" data-cof-rule=\"min-height, 350px, 350px, 400px, 100%, 100%\" >\n            <\/figure>\n\n    <\/div>\n\n\n<div class=\"col-12 col-lg-6 p-4 d-flex align-items-center  order-last\"\n     \n\t \n\t>\n        \n<div class=\"box-dx-over\">\n\n\n<h2 class=\"wp-block-heading h3 pb-3 text-uppercase\">Roberto Badezimmer<\/h2>\n\n\n\n<p>Bagno Roberto ist die vierte Badeanstalt, die einen Vertrag mit uns hat und <strong>ist Nummer 43<\/strong>. <strong>Geeignet f\u00fcr Familien<\/strong> f\u00fcr seine Dienstleistungen, wie z.B. das Babyzimmer mit warmer Dusche f\u00fcr die Kleinen, den eingez\u00e4unten Babypark und die Spiele f\u00fcr die Gr\u00f6\u00dferen mit Tischtennisplatte und Tischfu\u00dfball. Bagno Roberto ist eine Badeanstalt, wo Sie auch am Strand zu Mittag oder zu Abend essen k\u00f6nnen.<strong> Panoramaterrasse oder der Barraum<\/strong>. Die Produkte, die sie verwenden, sind immer frisch und die K\u00fcche ist bekannt f\u00fcr die Verwendung von Qualit\u00e4tsrohstoffen.<\/p>\n\n\n<\/div>\n    <\/div>\n<\/div>\n<\/section>\n\n<section class=\"wao-blocks-container container mb-2\"\n\t\t>\n    \n<div class=\"wao-blocks-row row mw-800 mx-auto\" >\n    \n\n<div class=\"col-12 col-md-12 text-center pt-5\"\n     \n\t \n\t>\n        \n\n<h2 class=\"wp-block-heading\">Abonnieren Sie den Newsletter<\/h2>\n\n\n\n<div class=\"wao-blocks-immagine-src js--hideme\" \n    data-anim='rubberBand' >\n                    <img decoding=\"async\" src=\"http:\/\/www.hbrasilia.it\/wp-content\/uploads\/2021\/04\/divider-2.png\"  class=\"my-3\"  alt=\"Teiler-2\">\n    <\/div>\n    <\/div>\n\n\n<div class=\"col-12 pb-5\"\n     \n\t \n\t>\n        \n<script src=\"https:\/\/www.google.com\/recaptcha\/enterprise.js?render=6LdKs-6Lc3xMIcAAAAAO2K3CkgGUYb6BcsBOk289jP7NUP\"><\/script>\n<div class=\"l--box-newsletter wao-blocks-nav-tab py-4\" >\n    <form class=\"custom\" name=\"iscrizione_newsletter\" id=\"iscrizione_newsletter\" method=\"post\" autocomplete=\"OFF\" action=\"\">\n        <fieldset>\n            <div class=\"form-group row\">\n                <div id=\"newsletter\" class=\"col-12 col-lg-12 mx-auto\">\n<input value=\"on\" type=\"checkbox\" name=\"news_privacy\" id=\"news_privacy\">\n<label for=\"news_privacy\">*\n    <small>\n        <a href=\"javascript:void(0)\" title=\"Datenschutz\"\n            class=\"privacy link-privacy-policy\" style=\"cursor: pointer;\">\n            Ich akzeptiere Datenschutz\n        <\/a>\n    <\/small>\n<\/label>\n<\/div>                <div class=\"col-12 col-lg-4 mx-auto\">\n                    <input type=\"text\" class=\"form-control\" id=\"news_nome\" name=\"nome\" placeholder=\"Name*\">\n                <\/div>\n                <div class=\"col-12 col-lg-4 mx-auto\">\n                    <input type=\"text\" class=\"form-control\" id=\"news_email\" name=\"email\" value=\"\" placeholder=\"E-Mail*\">\n                <\/div>\n                                <div class=\"col-12 col-lg-4 mx-auto\">\n                    <button class=\"btn btn-outline-secondary\"type=\"submit\" id=\"iscrizioneNewsletter\">\n                        Anmelden\n                    <\/button>\n                    <input name=\"dominio\" type=\"hidden\" value=\"https:\/\/www.hbrasilia.it\/de\/\">\n                    <input name=\"idHotel\" type=\"hidden\" value=\"517\">\n                    <input name=\"lingua\" type=\"hidden\" value=\"it\">\n                <\/div>\n            <\/div>\n        <\/fieldset>\n    <input type=\"hidden\" name=\"trp-form-language\" value=\"de\"\/><\/form>\n<\/div>\n<div id=\"divAlert\" class=\"h-50 w-50 m-auto alert-info d-none\" style=\"position: fixed; top: 10px; left: 10px; right: 10px; bottom: 10px; z-index: 2000; overflow: auto\">\n\t<div class=\"text-right\">\n\t\t<a class=\"btn btn-primary btn_chiudi\" href=\"javascript:void(0)\" onclick=\"location.reload(true);\" title=\"Schlie\u00dfen\"><i class=\"fa fa-times\" aria-hidden=\"true\"><\/i><\/a>\n\t<\/div>\n\t<div class=\"text-center alert-info l--align-middle-vertical\" style=\"height: calc(100% - 50px);\">\n\t\t<div class=\"logo\"><\/div>\n\t\t<div class=\"text-center h-50 w-50\">\n\t\t\t<span class=\"display-3\"><i class=\"fa fa-paper-plane\" aria-hidden=\"true\"><\/i><\/span>\n\t\t\t<h4>Newsletter-Abonnement erfolgreich abgeschlossen<\/h4>\n\t\t<\/div>\n\t<\/div>\n<\/div>\n\n    <\/div>\n<\/div>\n<\/section>\n\n<section class=\"wao-blocks-container container-fluid mb-0\"\n\t\t>\n    \n<div class=\"wao-blocks-row row\" >\n    \n\n<div class=\"col-12 col-md-6 py-3 g--bkg-dark-04 px-4\"\n     \n\t \n\t>\n        \n\n<h2 class=\"has-text-align-center py-4 wp-block-heading\">Was sie \u00fcber uns sagen<\/h2>\n\n\n\n<div class=\"mx-auto text-center wao-blocks-recensioni-flickity recensioni-trip recensioni-flickity-43077\"\n        style=\"margin-bottom: 35px\">\n        <blockquote>\n        <div class=\"js--flickity\" data-cellalign=\"center\" data-bglazyload=\"1\" data-freescroll=\"true\" data-wraparound=\"true\" data-autoplay=\"5000\" data-pauseautoplayonhover =\"true\" data-prevnextbuttons=\"false\" data-contain=\"true\" data-pagedots=\"true\" data-draggable=\"false\" data-groupcells=\"1\" data-fade=\"true\" role=\"toolbar\">\n                        <div style=\"width: 100%;\">\n                                        <div>\n                                <img decoding=\"async\" src=\"http:\/\/www.hbrasilia.it\/wp-content\/uploads\/2021\/05\/tripadvisor.svg\" class=\"img-fluid mx-auto pb-3\" alt=\"tripadvisor\">\n                            <\/div>\n                                                <h4><\/h4>\n                        <p>Haben fantastische Tage in diesem Hotel verbracht. Besitzer und Personal warm und freundlich. Ausgezeichnetes Essen. Ausgezeichneter Service und Housekeeping. Guter Service und Sauberkeit. Ich empfehle es sehr f\u00fcr diejenigen, die einen ruhigen Urlaub in einer famili\u00e4ren Umgebung und mit ihren vierbeinigen Freunden verbringen wollen.<\/p>\n                        <strong>\n                            <i>Tatjana<\/i>\n                        <\/strong>\n                    <\/div>\n                        <div style=\"width: 100%;\">\n                                        <div>\n                                <img decoding=\"async\" src=\"http:\/\/www.hbrasilia.it\/wp-content\/uploads\/2021\/05\/tripadvisor.svg\" class=\"img-fluid mx-auto pb-3\" alt=\"tripadvisor\">\n                            <\/div>\n                                                <h4><\/h4>\n                        <p>Hotel consigliatissimo!!!! Heute leider der letzte Tag ... Der Besitzer Cynthia sehr freundlich und aufmerksam auf alles!!! Tadellose Sauberkeit, das gesamte Personal freundlich Ausgezeichnetes Essen und reichlich!!! Wir hatten eine tolle Zeit und haben auch unseren Hund Angel begr\u00fc\u00dft!!! Einziger Wermutstropfen: Am Ende des Urlaubs haben Sie ein paar Pfunde mehr! Was soll ich sagen? Geh hin Geh hin! Wir werden auf jeden Fall wiederkommen<\/p>\n                        <strong>\n                            <i>Barbara und Tito<\/i>\n                        <\/strong>\n                    <\/div>\n                        <div style=\"width: 100%;\">\n                                        <div>\n                                <img decoding=\"async\" src=\"http:\/\/www.hbrasilia.it\/wp-content\/uploads\/2021\/05\/tripadvisor.svg\" class=\"img-fluid mx-auto pb-3\" alt=\"tripadvisor\">\n                            <\/div>\n                                                <h4><\/h4>\n                        <p>Wir waren im Juli dort und haben das zweite Jahr das Brasilia f\u00fcr unseren Urlaub gew\u00e4hlt. Ausgezeichnete K\u00fcche, saubere und einladende Umgebung. Personal verf\u00fcgbar, freundlich und nie aufdringlich. Hotel in der N\u00e4he des Strandes und der Promenade, bequem zu allen Dienstleistungen ... Ich kann keinen Makel finden. Empfohlen!<\/p>\n                        <strong>\n                            <i>Claudia<\/i>\n                        <\/strong>\n                    <\/div>\n                        <div style=\"width: 100%;\">\n                                        <div>\n                                <img decoding=\"async\" src=\"http:\/\/www.hbrasilia.it\/wp-content\/uploads\/2021\/05\/tripadvisor.svg\" class=\"img-fluid mx-auto pb-3\" alt=\"tripadvisor\">\n                            <\/div>\n                                                <h4><\/h4>\n                        <p>Wir haben eine Woche in dieser Struktur an der Grenze zu Gatteo Mare verbracht. Wir hatten eine tolle Zeit, freundliches Personal so besonders die Besitzerin Frau Cynthia. Gutes Essen einfach aber mit viel Auswahl vom Fr\u00fchst\u00fcck bis zum Abendessen. Ausgezeichnetes Preis-Leistungs-Verh\u00e4ltnis ... Wir werden auf jeden Fall wiederkommen<\/p>\n                        <strong>\n                            <i>Barbara<\/i>\n                        <\/strong>\n                    <\/div>\n                        <div style=\"width: 100%;\">\n                                        <div>\n                                <img decoding=\"async\" src=\"http:\/\/www.hbrasilia.it\/wp-content\/uploads\/2021\/05\/tripadvisor.svg\" class=\"img-fluid mx-auto pb-3\" alt=\"tripadvisor\">\n                            <\/div>\n                                                <h4><\/h4>\n                        <p>4 Tage Freundlichkeit pur. Zwei Schritte vom Meer entfernt, in der Region, in der alles m\u00f6glich ist und \"wir alles tun, um Sie gl\u00fccklich zu machen\", steht hier alles im Zeichen dessen, was Sie sich nach einem Jahr Arbeit w\u00fcnschen. Vielen Dank an Cinzia und alle Mitarbeiter des Brasilia!<\/p>\n                        <strong>\n                            <i>Luca<\/i>\n                        <\/strong>\n                    <\/div>\n                    <\/div>\n    <\/blockquote>\n<\/div>\n    <\/div>\n\n\n<div class=\"col-12 col-md-6 px-0 pt-3 g--bkg-dark-02\"\n     \n\t \n\t>\n        \n\n<h2 class=\"has-text-align-center pt-4 pb-5 text-white wp-block-heading\">Wo wir sind<\/h2>\n\n\n\n<iframe class=\"js--lazy-load\" data-src=\"https:\/\/www.google.com\/maps\/embed?pb=!1m14!1m8!1m3!1d11446.495543840614!2d12.4305556!3d44.1736111!3m2!1i1024!2i768!4f13.1!3m3!1m2!1s0x0%3A0x1d0515c4a2e9d7e4!2sHotel%20Brasilia!5e0!3m2!1sit!2sit!4v1620216279004!5m2!1sit!2sit\" width=\"100%\" frameborder=\"0\" style=\"border:0; min-height: 350px; margin-bottom: -9px;\" allowfullscreen=\"\" aria-hidden=\"false\" tabindex=\"0\"><\/iframe>\n    <\/div>\n<\/div>\n<\/section>","protected":false},"excerpt":{"rendered":"","protected":false},"author":1,"featured_media":0,"parent":0,"menu_order":0,"comment_status":"closed","ping_status":"closed","template":"","meta":{"footnotes":""},"class_list":["post-560","page","type-page","status-publish","hentry"],"_links":{"self":[{"href":"https:\/\/www.hbrasilia.it\/de\/wp-json\/wp\/v2\/pages\/560","targetHints":{"allow":["GET"]}}],"collection":[{"href":"https:\/\/www.hbrasilia.it\/de\/wp-json\/wp\/v2\/pages"}],"about":[{"href":"https:\/\/www.hbrasilia.it\/de\/wp-json\/wp\/v2\/types\/page"}],"author":[{"embeddable":true,"href":"https:\/\/www.hbrasilia.it\/de\/wp-json\/wp\/v2\/users\/1"}],"replies":[{"embeddable":true,"href":"https:\/\/www.hbrasilia.it\/de\/wp-json\/wp\/v2\/comments?post=560"}],"version-history":[{"count":12,"href":"https:\/\/www.hbrasilia.it\/de\/wp-json\/wp\/v2\/pages\/560\/revisions"}],"predecessor-version":[{"id":1195,"href":"https:\/\/www.hbrasilia.it\/de\/wp-json\/wp\/v2\/pages\/560\/revisions\/1195"}],"wp:attachment":[{"href":"https:\/\/www.hbrasilia.it\/de\/wp-json\/wp\/v2\/media?parent=560"}],"curies":[{"name":"wp","href":"https:\/\/api.w.org\/{rel}","templated":true}]}}