{"id":550,"date":"2021-05-07T09:39:58","date_gmt":"2021-05-07T07:39:58","guid":{"rendered":"http:\/\/www.hbrasilia.it\/?page_id=550"},"modified":"2021-06-04T09:30:39","modified_gmt":"2021-06-04T07:30:39","slug":"dove-siamo","status":"publish","type":"page","link":"https:\/\/www.hbrasilia.it\/de\/dove-siamo\/","title":{"rendered":"Wo wir sind"},"content":{"rendered":"<section class=\"container-fluid js--lazy-load wao-blocks-gallery-slider-flickity gallery-flickity-78538\" >\n    <article class=\"row\">\n        <div class=\"col-sm-12 p-0 position-relative\">\n            <section class=\"container-fluid js--lazy-load\">\n                <article class=\"row\">\n                    <div class=\"col-sm-12 p-0 position-relative\">\n                        <div class=\"js--flickity l--vh-50-md\" data-cellalign=\"left\" data-bglazyload=\"1\" data-freescroll=\"true\" data-wraparound=\"true\" data-autoplay=\"2000\" data-pauseautoplayonhover =\"true\" data-prevnextbuttons=\"false\" data-contain=\"true\" data-pagedots=\"false\" data-draggable=\"false\" data-groupcells=\"110%\" data-fade=\"true\">\n                                                            <div>\n                                    <div style=\"background: url('http:\/\/www.hbrasilia.it\/wp-content\/uploads\/2021\/05\/facciata.jpg') center center \/ cover no-repeat rgb(250, 250, 250); display: block; width: 100vw;\" class=\"l--vh-50-md\"><\/div>\n                                <\/div>\n                            \n                        <\/div>\n                        <div class=\"position-absolute l--top l--bottom mx-auto l--align-middle-vertical\">\n                            <div class=\"text-over-slider h1 text-quaternary text-center animated zoomIn\" data-anim=\"zoomIn\" data-cof=\"true\" data-cof-rule=\"font-size, 2rem, 2.5rem, 2.5rem, 3rem, 3rem\">\n                                Wo wir sind                            <\/div>\n                                                    <\/div>\n                    <\/div>\n                <\/article>\n            <\/section>\n        <\/div>\n    <\/article>\n<\/section>\n\n<section class=\"wao-blocks-container container mb-2\"\n\t\t>\n    \n<div class=\"wao-blocks-row row\" >\n    \n\n<div class=\"col-12 col-md-12 text-center py-5\"\n     \n\t \n\t>\n        \n\n<h1 class=\"wp-block-heading\">Eine strategische Lage, in der N\u00e4he des Meeres und nicht weit von Cesenatico<\/h1>\n\n\n\n<div class=\"wao-blocks-immagine-src js--hideme\" \n    data-anim='rubberBand' >\n                    <img decoding=\"async\" src=\"http:\/\/www.hbrasilia.it\/wp-content\/uploads\/2021\/04\/divider-2.png\"  class=\"my-3\"  alt=\"Teiler-2\">\n    <\/div>\n    <\/div>\n<\/div>\n<\/section>\n\n<section class=\"wao-blocks-container container-fluid mb-0 g--bkg-dark-04\"\n\t\t>\n    \n<div class=\"wao-blocks-row row pb-5\" >\n    \n\n<div class=\"col-12 col-lg-6 p-4 d-flex align-items-center  order-lg-1 order-last\"\n     \n\t \n\t>\n        \n<div class=\"box-sx-over\">\n\n\n<h3 class=\"pb-3 text-uppercase wp-block-heading\">150 Meter vom Meer entfernt und in der N\u00e4he von Cesenatico<\/h3>\n\n\n\n<h4 class=\"text-secondary pb-3 wp-block-heading\">Ein perfekter Ort f\u00fcr diejenigen, die das Meer, aber auch das Nachtleben lieben.<\/h4>\n\n\n\n<p>Das Hotel Brasilia von Villamarina di Cesenatico, befindet sich in der Via Aristotle 25, <strong>nur 150 Meter vom Meer entfernt <\/strong>und nur wenige Kilometer vom historischen Zentrum von Cesenatico entfernt. Das Hotel Brasilia befindet sich in einem <strong>Toplage<\/strong> f\u00fcr diejenigen, die hier einen angenehmen Badeurlaub verbringen m\u00f6chten, der auf gr\u00f6\u00dftm\u00f6glicher Entspannung basiert und ohne die Menschenmassen der ber\u00fchmtesten Str\u00e4nde der Riviera Romagnola.<\/p>\n\n\n<\/div>\n    <\/div>\n\n\n<div class=\"col-12 col-lg-6 p-0 order-lg-3 order-1\"\n     \n\t \n\t>\n        \n    <figure\n        class=\"wao-blocks-immagine-bkg js--hideme\"\n        style=\"background: url('http:\/\/www.hbrasilia.it\/wp-content\/uploads\/2021\/05\/spiaggia-corallo-cesenatico.jpg') center center \/ cover no-repeat;\"\n        data-anim=\"bounceInRight\" data-cof=\"true\" data-cof-rule=\"min-height, 350px, 350px, 400px, 100%, 100%\" >\n            <\/figure>\n\n    <\/div>\n<\/div>\n\n<div class=\"wao-blocks-row row\" >\n    \n\n<div class=\"col-12 col-lg-6 p-0 order-1\"\n     \n\t \n\t>\n        \n<iframe src=\"https:\/\/www.google.com\/maps\/embed?pb=!1m18!1m12!1m3!1d2861.623700274667!2d12.428366915669981!3d44.17361492663996!2m3!1f0!2f0!3f0!3m2!1i1024!2i768!4f13.1!3m3!1m2!1s0x132cb7f91a59c3cf%3A0x1d0515c4a2e9d7e4!2sHotel%20Brasilia!5e0!3m2!1sit!2sit!4v1620374039406!5m2!1sit!2sit\" width=\"100%\" height=\"100%\" style=\"border:0; min-heigth : 450px\" allowfullscreen=\"\" loading=\"lazy\"><\/iframe>\n    <\/div>\n\n\n<div class=\"col-12 col-lg-6 p-4 d-flex align-items-center  order-lg-1 order-last\"\n     \n\t \n\t>\n        \n<div class=\"box-dx-over\">\n\n\n<h3 class=\"pb-3 text-uppercase wp-block-heading\">Machen Sie sich keine Sorgen um Ihr Auto, Parken ist garantiert!<\/h3>\n\n\n\n<h4 class=\"text-secondary pb-3 wp-block-heading\">Hotel leicht erreichbar und reservierter Parkplatz!<\/h4>\n\n\n\n<p>Im Hotel Brasilia <strong>Sie k\u00f6nnen mit dem Auto anreisen<\/strong>Das Hotel bietet seinen G\u00e4sten einen reservierten Parkplatz. Wenn Sie mit dem Auto anreisen m\u00f6chten, k\u00f6nnen Sie die Autobahnausfahrt Cesena Sud nehmen und auf der Staatsstra\u00dfe bis zum Meer von Villamarina di Cesenatico fahren.<\/p>\n\n\n\n<p>Sie k\u00f6nnen Ihr Auto direkt auf dem vom Hotel angegebenen Parkplatz abstellen, <strong>unter Vorbehalt<\/strong>.<\/p>\n\n\n<\/div>\n    <\/div>\n<\/div>\n<\/section>\n\n\n<p><\/p>","protected":false},"excerpt":{"rendered":"","protected":false},"author":1,"featured_media":0,"parent":0,"menu_order":0,"comment_status":"closed","ping_status":"closed","template":"","meta":{"footnotes":""},"class_list":["post-550","page","type-page","status-publish","hentry"],"_links":{"self":[{"href":"https:\/\/www.hbrasilia.it\/de\/wp-json\/wp\/v2\/pages\/550","targetHints":{"allow":["GET"]}}],"collection":[{"href":"https:\/\/www.hbrasilia.it\/de\/wp-json\/wp\/v2\/pages"}],"about":[{"href":"https:\/\/www.hbrasilia.it\/de\/wp-json\/wp\/v2\/types\/page"}],"author":[{"embeddable":true,"href":"https:\/\/www.hbrasilia.it\/de\/wp-json\/wp\/v2\/users\/1"}],"replies":[{"embeddable":true,"href":"https:\/\/www.hbrasilia.it\/de\/wp-json\/wp\/v2\/comments?post=550"}],"version-history":[{"count":17,"href":"https:\/\/www.hbrasilia.it\/de\/wp-json\/wp\/v2\/pages\/550\/revisions"}],"predecessor-version":[{"id":931,"href":"https:\/\/www.hbrasilia.it\/de\/wp-json\/wp\/v2\/pages\/550\/revisions\/931"}],"wp:attachment":[{"href":"https:\/\/www.hbrasilia.it\/de\/wp-json\/wp\/v2\/media?parent=550"}],"curies":[{"name":"wp","href":"https:\/\/api.w.org\/{rel}","templated":true}]}}