{"id":490,"date":"2021-05-06T17:24:58","date_gmt":"2021-05-06T15:24:58","guid":{"rendered":"http:\/\/www.hbrasilia.it\/?page_id=490"},"modified":"2026-05-06T16:55:24","modified_gmt":"2026-05-06T14:55:24","slug":"camere","status":"publish","type":"page","link":"https:\/\/www.hbrasilia.it\/de\/camere\/","title":{"rendered":"R\u00e4ume"},"content":{"rendered":"<section class=\"container-fluid js--lazy-load wao-blocks-gallery-slider-flickity gallery-flickity-27234\" >\n    <article class=\"row\">\n        <div class=\"col-sm-12 p-0 position-relative\">\n            <section class=\"container-fluid js--lazy-load\">\n                <article class=\"row\">\n                    <div class=\"col-sm-12 p-0 position-relative\">\n                        <div class=\"js--flickity l--vh-75-md\" data-cellalign=\"left\" data-bglazyload=\"1\" data-freescroll=\"true\" data-wraparound=\"true\" data-autoplay=\"2000\" data-pauseautoplayonhover =\"true\" data-prevnextbuttons=\"false\" data-contain=\"true\" data-pagedots=\"false\" data-draggable=\"true\" data-groupcells=\"110%\" data-fade=\"true\">\n                                                            <div>\n                                    <div style=\"background: url('http:\/\/www.hbrasilia.it\/wp-content\/uploads\/2024\/11\/top-camere.jpg') center center \/ cover no-repeat rgb(250, 250, 250); display: block; width: 100vw;\" class=\"l--vh-75-md\"><\/div>\n                                <\/div>\n                            \n                        <\/div>\n                        <div class=\"position-absolute l--top l--bottom mx-auto l--align-middle-vertical\">\n                            <div class=\"text-over-slider h1 text-quaternary text-center animated zoomIn\" data-anim=\"zoomIn\" data-cof=\"true\" data-cof-rule=\"font-size, 2rem, 2.5rem, 2.5rem, 3rem, 3rem\">\n                                R\u00e4ume                            <\/div>\n                                                    <\/div>\n                    <\/div>\n                <\/article>\n            <\/section>\n        <\/div>\n    <\/article>\n<\/section>\n\n<section class=\"wao-blocks-container container mb-2 py-3\"\n\t\t>\n    \n<div class=\"wao-blocks-row row\" >\n    \n\n<div class=\"col-12 col-md-12 text-center py-5\"\n     \n\t \n\t>\n        \n\n<h1 class=\"wp-block-heading\">Die Zimmer des Hotels Brasilia<\/h1>\n\n\n\n<div class=\"wao-blocks-immagine-src js--hideme\" \n    data-anim='rubberBand' >\n                    <img decoding=\"async\" src=\"http:\/\/www.hbrasilia.it\/wp-content\/uploads\/2021\/04\/divider-2.png\"  class=\"my-3\"  alt=\"Teiler-2\">\n    <\/div>\n\n\n<p>Hier finden Sie Zimmer <strong>f\u00fcr jeden Bedarf geeignet <\/strong>und mit allen Annehmlichkeiten.<br>Jede Etage kann auch bequem mit dem Aufzug erreicht werden.<\/p>\n\n    <\/div>\n<\/div>\n<\/section>\n\n<section class=\"wao-blocks-container container-fluid mb-0 g--bkg-dark-04\"\n\t\t>\n    \n<div class=\"wao-blocks-row row pb-3\" >\n    \n\n<div class=\"col-12 col-lg-6 p-4 d-flex align-items-center  order-lg-1 order-last\"\n     \n\t \n\t>\n        \n<div class=\"box-sx-over my-4\">\n\n\n<h2 class=\"wp-block-heading h3 pb-3 text-uppercase\">Klassische Zimmer, gehobener Service<\/h2>\n\n\n\n<p class=\"h4 text-secondary pb-3\">Komfort ist das A und O im Urlaub!<\/p>\n\n\n\n<p>Alle Zimmer im Brasilia Hotel sind klassisch und <strong>mit Balkon<\/strong>bequem f\u00fcr diejenigen, die mit einem vierbeinigen Freund reisen.<\/p>\n\n\n\n<p><strong>In jedem Zimmer finden Sie:<\/strong><\/p>\n\n\n\n<ul class=\"wp-block-list\">\n<li>Klimatisierung<\/li>\n\n\n\n<li>kostenloses W-LAN<\/li>\n\n\n\n<li>sicher<\/li>\n\n\n\n<li>Flachbildfernseher<\/li>\n\n\n\n<li>Haartrockner<\/li>\n\n\n\n<li>Duschkabine<\/li>\n<\/ul>\n\n\n\n<p>Die Zimmer sind <strong>mit Sorgfalt eingerichtet<\/strong>damit sich alle unsere G\u00e4ste wie zu Hause f\u00fchlen, in einer komfortablen und entspannenden Umgebung.<\/p>\n\n\n<\/div>\n    <\/div>\n\n\n<div class=\"col-12 col-lg-6 p-0 order-lg-3 order-1 colonna-gallery-camere js--hideme\"\n    data-anim=\"bounceInRight\"\n     \n\t \n\t>\n        \n\n\t  \t<div class=\"container p-0 l--h-100\">\n\t\t\t<div class=\"row l--gallery-grid l--h-100\">\n\t\t\t\t<div class=\"col-md-6 col-sm-12 l--h-50 l--p-gall\"><div style=\"background-image: url('http:\/\/www.hbrasilia.it\/wp-content\/uploads\/2024\/11\/camera-001-400x600.jpg?w=100&h=100&q=80&fit=crop);\" class=\"l--w-100 l--h-100 gallery-camere\">\n\t\t\t\t\t<a href=\"http:\/\/www.hbrasilia.it\/wp-content\/uploads\/2024\/11\/camera-001-683x1024.jpg\" \n\t\t\t\t\t\trel=\"ilightBox\" \n\t\t\t\t\t\tclass=\"d-block l--h-100 text-right min-h-100\" title=\"Galerie \u00f6ffnen\"><img decoding=\"async\" src=\"https:\/\/www.hbrasilia.it\/wp-content\/themes\/wao-theme\/inc\/img\/ico-plus.png\" class=\"img-fluid p-2\"><\/a> \t\t\t\t\t<\/div><\/div><div class=\"col-md-6 col-sm-12 l--h-50 l--p-gall\"><div style=\"background-image: url('http:\/\/www.hbrasilia.it\/wp-content\/uploads\/2024\/11\/camera-002-400x600.jpg?w=100&h=100&q=80&fit=crop);\" class=\"l--w-100 l--h-100 hidden-sm-down  gallery-camere\">\n\t\t\t\t\t<a href=\"http:\/\/www.hbrasilia.it\/wp-content\/uploads\/2024\/11\/camera-002-683x1024.jpg\" \n\t\t\t\t\t\trel=\"ilightBox\" \n\t\t\t\t\t\tclass=\"d-block l--h-100 text-right min-h-100\" title=\"Galerie \u00f6ffnen\"><img decoding=\"async\" src=\"https:\/\/www.hbrasilia.it\/wp-content\/themes\/wao-theme\/inc\/img\/ico-plus.png\" class=\"img-fluid p-2\"><\/a> \t\t\t\t\t<\/div><\/div><div class=\"col-md-6 col-sm-12 l--h-50 l--p-gall\"><div style=\"background-image: url('http:\/\/www.hbrasilia.it\/wp-content\/uploads\/2024\/11\/camera-003-450x600.jpg?w=100&h=100&q=80&fit=crop);\" class=\"l--w-100 l--h-100 hidden-sm-down  gallery-camere\">\n\t\t\t\t\t<a href=\"http:\/\/www.hbrasilia.it\/wp-content\/uploads\/2024\/11\/camera-003-768x1024.jpg\" \n\t\t\t\t\t\trel=\"ilightBox\" \n\t\t\t\t\t\tclass=\"d-block l--h-100 text-right min-h-100\" title=\"Galerie \u00f6ffnen\"><img decoding=\"async\" src=\"https:\/\/www.hbrasilia.it\/wp-content\/themes\/wao-theme\/inc\/img\/ico-plus.png\" class=\"img-fluid p-2\"><\/a> \t\t\t\t\t<\/div><\/div><div class=\"col-md-6 col-sm-12 l--h-50 l--p-gall\"><div style=\"background-image: url('http:\/\/www.hbrasilia.it\/wp-content\/uploads\/2021\/05\/camera-6-600x354.jpg?w=100&h=100&q=80&fit=crop);\" class=\"l--w-100 l--h-100 hidden-sm-down  gallery-camere\">\n\t\t\t\t\t<a href=\"http:\/\/www.hbrasilia.it\/wp-content\/uploads\/2021\/05\/camera-6.jpg\" \n\t\t\t\t\t\trel=\"ilightBox\" \n\t\t\t\t\t\tclass=\"d-block l--h-100 text-right min-h-100\" title=\"Galerie \u00f6ffnen\"><img decoding=\"async\" src=\"https:\/\/www.hbrasilia.it\/wp-content\/themes\/wao-theme\/inc\/img\/ico-plus.png\" class=\"img-fluid p-2\"><\/a> \t\t\t\t\t<\/div>      \n        \t\t<\/div>\n        \t<\/div>\n    \t<\/div>\n    <\/div>\n<\/div>\n\n<div class=\"wao-blocks-row row\" >\n    \n\n<div class=\"col-12 col-lg-6 p-0 order-lg-3 order-1 colonna-gallery-camere js--hideme\"\n    data-anim=\"bounceInLeft\"\n     \n\t \n\t>\n        \n\n\t  \t<div class=\"container p-0 l--h-100\">\n\t\t\t<div class=\"row l--gallery-grid l--h-100\">\n\t\t\t\t<div class=\"col-md-6 col-sm-12 l--h-50 l--p-gall\"><div style=\"background-image: url('http:\/\/www.hbrasilia.it\/wp-content\/uploads\/2024\/11\/camera-005-600x400.jpg?w=100&h=100&q=80&fit=crop);\" class=\"l--w-100 l--h-100 gallery-camere\">\n\t\t\t\t\t<a href=\"http:\/\/www.hbrasilia.it\/wp-content\/uploads\/2024\/11\/camera-005-1024x682.jpg\" \n\t\t\t\t\t\trel=\"ilightBox\" \n\t\t\t\t\t\tclass=\"d-block l--h-100 text-right min-h-100\" title=\"Galerie \u00f6ffnen\"><img decoding=\"async\" src=\"https:\/\/www.hbrasilia.it\/wp-content\/themes\/wao-theme\/inc\/img\/ico-plus.png\" class=\"img-fluid p-2\"><\/a> \t\t\t\t\t<\/div><\/div><div class=\"col-md-6 col-sm-12 l--h-50 l--p-gall\"><div style=\"background-image: url('http:\/\/www.hbrasilia.it\/wp-content\/uploads\/2021\/05\/camera-3-600x338.jpg?w=100&h=100&q=80&fit=crop);\" class=\"l--w-100 l--h-100 hidden-sm-down  gallery-camere\">\n\t\t\t\t\t<a href=\"http:\/\/www.hbrasilia.it\/wp-content\/uploads\/2021\/05\/camera-3-1024x576.jpg\" \n\t\t\t\t\t\trel=\"ilightBox\" \n\t\t\t\t\t\tclass=\"d-block l--h-100 text-right min-h-100\" title=\"Galerie \u00f6ffnen\"><img decoding=\"async\" src=\"https:\/\/www.hbrasilia.it\/wp-content\/themes\/wao-theme\/inc\/img\/ico-plus.png\" class=\"img-fluid p-2\"><\/a> \t\t\t\t\t<\/div><\/div><div class=\"col-md-6 col-sm-12 l--h-50 l--p-gall\"><div style=\"background-image: url('http:\/\/www.hbrasilia.it\/wp-content\/uploads\/2024\/11\/camera-006-400x600.jpg?w=100&h=100&q=80&fit=crop);\" class=\"l--w-100 l--h-100 hidden-sm-down  gallery-camere\">\n\t\t\t\t\t<a href=\"http:\/\/www.hbrasilia.it\/wp-content\/uploads\/2024\/11\/camera-006-683x1024.jpg\" \n\t\t\t\t\t\trel=\"ilightBox\" \n\t\t\t\t\t\tclass=\"d-block l--h-100 text-right min-h-100\" title=\"Galerie \u00f6ffnen\"><img decoding=\"async\" src=\"https:\/\/www.hbrasilia.it\/wp-content\/themes\/wao-theme\/inc\/img\/ico-plus.png\" class=\"img-fluid p-2\"><\/a> \t\t\t\t\t<\/div><\/div><div class=\"col-md-6 col-sm-12 l--h-50 l--p-gall\"><div style=\"background-image: url('http:\/\/www.hbrasilia.it\/wp-content\/uploads\/2024\/11\/camera-004-400x600.jpg?w=100&h=100&q=80&fit=crop);\" class=\"l--w-100 l--h-100 hidden-sm-down  gallery-camere\">\n\t\t\t\t\t<a href=\"http:\/\/www.hbrasilia.it\/wp-content\/uploads\/2024\/11\/camera-004-683x1024.jpg\" \n\t\t\t\t\t\trel=\"ilightBox\" \n\t\t\t\t\t\tclass=\"d-block l--h-100 text-right min-h-100\" title=\"Galerie \u00f6ffnen\"><img decoding=\"async\" src=\"https:\/\/www.hbrasilia.it\/wp-content\/themes\/wao-theme\/inc\/img\/ico-plus.png\" class=\"img-fluid p-2\"><\/a> \t\t\t\t\t<\/div>      \n        \t\t<\/div>\n        \t<\/div>\n    \t<\/div>\n\n\n<p><\/p>\n\n    <\/div>\n\n\n<div class=\"col-12 col-lg-6 p-4 d-flex align-items-center  order-last\"\n     \n\t \n\t>\n        \n<div class=\"box-dx-over my-4\">\n\n\n<h2 class=\"wp-block-heading h3 pb-3 text-uppercase\">Familienzimmer mit Balkon<\/h2>\n\n\n\n<p class=\"h4 text-secondary pb-3\">Komfort f\u00fcr die ganze Familie und mehr<\/p>\n\n\n\n<p>Unsere Zimmer sind perfekt f\u00fcr Familienreisende. <strong>Sie sind ger\u00e4umig und haben einen Balkon<\/strong> um mehr Platz zu haben!<\/p>\n\n\n\n<p>Dank der hervorragenden <strong>Lage in der N\u00e4he des Meeres<\/strong>An den k\u00fchleren Abenden k\u00f6nnen Sie das Fenster offen lassen und sich von der Meeresbrise einlullen lassen, ohne die Klimaanlage benutzen zu m\u00fcssen!<\/p>\n\n\n<\/div>\n    <\/div>\n<\/div>\n<\/section>\n\n<section class=\"wao-blocks-container container mb-2\"\n\t\t>\n    \n<div class=\"wao-blocks-row row mw-800 mx-auto\" >\n    \n\n<div class=\"col-12 col-md-12 text-center pt-5\"\n     \n\t \n\t>\n        \n\n<h2 class=\"wp-block-heading\">Abonnieren Sie den Newsletter<\/h2>\n\n\n\n<div class=\"wao-blocks-immagine-src js--hideme\" \n    data-anim='rubberBand' >\n                    <img decoding=\"async\" src=\"http:\/\/www.hbrasilia.it\/wp-content\/uploads\/2021\/04\/divider-2.png\"  class=\"my-3\"  alt=\"Teiler-2\">\n    <\/div>\n    <\/div>\n\n\n<div class=\"col-12 pb-5\"\n     \n\t \n\t>\n        \n<script src=\"https:\/\/www.google.com\/recaptcha\/enterprise.js?render=6LdKs-6Lc3xMIcAAAAAO2K3CkgGUYb6BcsBOk289jP7NUP\"><\/script>\n<div class=\"l--box-newsletter wao-blocks-nav-tab py-4\" >\n    <form class=\"custom\" name=\"iscrizione_newsletter\" id=\"iscrizione_newsletter\" method=\"post\" autocomplete=\"OFF\" action=\"\">\n        <fieldset>\n            <div class=\"form-group row\">\n                <div id=\"newsletter\" class=\"col-12 col-lg-12 mx-auto\">\n<input value=\"on\" type=\"checkbox\" name=\"news_privacy\" id=\"news_privacy\">\n<label for=\"news_privacy\">*\n    <small>\n        <a href=\"javascript:void(0)\" title=\"Datenschutz\"\n            class=\"privacy link-privacy-policy\" style=\"cursor: pointer;\">\n            Ich akzeptiere Datenschutz\n        <\/a>\n    <\/small>\n<\/label>\n<\/div>                <div class=\"col-12 col-lg-4 mx-auto\">\n                    <input type=\"text\" class=\"form-control\" id=\"news_nome\" name=\"nome\" placeholder=\"Name*\">\n                <\/div>\n                <div class=\"col-12 col-lg-4 mx-auto\">\n                    <input type=\"text\" class=\"form-control\" id=\"news_email\" name=\"email\" value=\"\" placeholder=\"E-Mail*\">\n                <\/div>\n                                <div class=\"col-12 col-lg-4 mx-auto\">\n                    <button class=\"btn btn-outline-secondary\"type=\"submit\" id=\"iscrizioneNewsletter\">\n                        Anmelden\n                    <\/button>\n                    <input name=\"dominio\" type=\"hidden\" value=\"https:\/\/www.hbrasilia.it\/de\/\">\n                    <input name=\"idHotel\" type=\"hidden\" value=\"517\">\n                    <input name=\"lingua\" type=\"hidden\" value=\"it\">\n                <\/div>\n            <\/div>\n        <\/fieldset>\n    <input type=\"hidden\" name=\"trp-form-language\" value=\"de\"\/><\/form>\n<\/div>\n<div id=\"divAlert\" class=\"h-50 w-50 m-auto alert-info d-none\" style=\"position: fixed; top: 10px; left: 10px; right: 10px; bottom: 10px; z-index: 2000; overflow: auto\">\n\t<div class=\"text-right\">\n\t\t<a class=\"btn btn-primary btn_chiudi\" href=\"javascript:void(0)\" onclick=\"location.reload(true);\" title=\"Schlie\u00dfen\"><i class=\"fa fa-times\" aria-hidden=\"true\"><\/i><\/a>\n\t<\/div>\n\t<div class=\"text-center alert-info l--align-middle-vertical\" style=\"height: calc(100% - 50px);\">\n\t\t<div class=\"logo\"><\/div>\n\t\t<div class=\"text-center h-50 w-50\">\n\t\t\t<span class=\"display-3\"><i class=\"fa fa-paper-plane\" aria-hidden=\"true\"><\/i><\/span>\n\t\t\t<h4>Newsletter-Abonnement erfolgreich abgeschlossen<\/h4>\n\t\t<\/div>\n\t<\/div>\n<\/div>\n\n    <\/div>\n<\/div>\n<\/section>\n\n<section class=\"wao-blocks-container container-fluid mb-0\"\n\t\t>\n    \n<div class=\"wao-blocks-row row\" >\n    \n\n<div class=\"col-12 col-md-6 py-3 g--bkg-dark-04 px-4\"\n     \n\t \n\t>\n        \n\n<h2 class=\"has-text-align-center py-4 wp-block-heading\">Was sie \u00fcber uns sagen<\/h2>\n\n\n\n<div class=\"mx-auto text-center wao-blocks-recensioni-flickity recensioni-trip recensioni-flickity-344\"\n        style=\"margin-bottom: 35px\">\n        <blockquote>\n        <div class=\"js--flickity\" data-cellalign=\"center\" data-bglazyload=\"1\" data-freescroll=\"true\" data-wraparound=\"true\" data-autoplay=\"5000\" data-pauseautoplayonhover =\"true\" data-prevnextbuttons=\"false\" data-contain=\"true\" data-pagedots=\"true\" data-draggable=\"false\" data-groupcells=\"1\" data-fade=\"true\" role=\"toolbar\">\n                        <div style=\"width: 100%;\">\n                                        <div>\n                                <img decoding=\"async\" src=\"http:\/\/www.hbrasilia.it\/wp-content\/uploads\/2021\/05\/tripadvisor.svg\" class=\"img-fluid mx-auto pb-3\" alt=\"tripadvisor\">\n                            <\/div>\n                                                <h4><\/h4>\n                        <p>Haben fantastische Tage in diesem Hotel verbracht. Besitzer und Personal warm und freundlich. Ausgezeichnetes Essen. Ausgezeichneter Service und Housekeeping. Guter Service und Sauberkeit. Ich empfehle es sehr f\u00fcr diejenigen, die einen ruhigen Urlaub in einer famili\u00e4ren Umgebung und mit ihren vierbeinigen Freunden verbringen wollen.<\/p>\n                        <strong>\n                            <i>Tatjana<\/i>\n                        <\/strong>\n                    <\/div>\n                        <div style=\"width: 100%;\">\n                                        <div>\n                                <img decoding=\"async\" src=\"http:\/\/www.hbrasilia.it\/wp-content\/uploads\/2021\/05\/tripadvisor.svg\" class=\"img-fluid mx-auto pb-3\" alt=\"tripadvisor\">\n                            <\/div>\n                                                <h4><\/h4>\n                        <p>Hotel consigliatissimo!!!! Heute leider der letzte Tag ... Der Besitzer Cynthia sehr freundlich und aufmerksam auf alles!!! Tadellose Sauberkeit, das gesamte Personal freundlich Ausgezeichnetes Essen und reichlich!!! Wir hatten eine tolle Zeit und haben auch unseren Hund Angel begr\u00fc\u00dft!!! Einziger Wermutstropfen: Am Ende des Urlaubs haben Sie ein paar Pfunde mehr! Was soll ich sagen? Geh hin Geh hin! Wir werden auf jeden Fall wiederkommen<\/p>\n                        <strong>\n                            <i>Barbara und Tito<\/i>\n                        <\/strong>\n                    <\/div>\n                        <div style=\"width: 100%;\">\n                                        <div>\n                                <img decoding=\"async\" src=\"http:\/\/www.hbrasilia.it\/wp-content\/uploads\/2021\/05\/tripadvisor.svg\" class=\"img-fluid mx-auto pb-3\" alt=\"tripadvisor\">\n                            <\/div>\n                                                <h4><\/h4>\n                        <p>Wir waren im Juli dort und haben das zweite Jahr das Brasilia f\u00fcr unseren Urlaub gew\u00e4hlt. Ausgezeichnete K\u00fcche, saubere und einladende Umgebung. Personal verf\u00fcgbar, freundlich und nie aufdringlich. Hotel in der N\u00e4he des Strandes und der Promenade, bequem zu allen Dienstleistungen ... Ich kann keinen Makel finden. Empfohlen!<\/p>\n                        <strong>\n                            <i>Claudia<\/i>\n                        <\/strong>\n                    <\/div>\n                        <div style=\"width: 100%;\">\n                                        <div>\n                                <img decoding=\"async\" src=\"http:\/\/www.hbrasilia.it\/wp-content\/uploads\/2021\/05\/tripadvisor.svg\" class=\"img-fluid mx-auto pb-3\" alt=\"tripadvisor\">\n                            <\/div>\n                                                <h4><\/h4>\n                        <p>Wir haben eine Woche in dieser Struktur an der Grenze zu Gatteo Mare verbracht. Wir hatten eine tolle Zeit, freundliches Personal so besonders die Besitzerin Frau Cynthia. Gutes Essen einfach aber mit viel Auswahl vom Fr\u00fchst\u00fcck bis zum Abendessen. Ausgezeichnetes Preis-Leistungs-Verh\u00e4ltnis ... Wir werden auf jeden Fall wiederkommen<\/p>\n                        <strong>\n                            <i>Barbara<\/i>\n                        <\/strong>\n                    <\/div>\n                        <div style=\"width: 100%;\">\n                                        <div>\n                                <img decoding=\"async\" src=\"http:\/\/www.hbrasilia.it\/wp-content\/uploads\/2021\/05\/tripadvisor.svg\" class=\"img-fluid mx-auto pb-3\" alt=\"tripadvisor\">\n                            <\/div>\n                                                <h4><\/h4>\n                        <p>4 Tage Freundlichkeit pur. Zwei Schritte vom Meer entfernt, in der Region, in der alles m\u00f6glich ist und \"wir alles tun, um Sie gl\u00fccklich zu machen\", steht hier alles im Zeichen dessen, was Sie sich nach einem Jahr Arbeit w\u00fcnschen. Vielen Dank an Cinzia und alle Mitarbeiter des Brasilia!<\/p>\n                        <strong>\n                            <i>Luca<\/i>\n                        <\/strong>\n                    <\/div>\n                    <\/div>\n    <\/blockquote>\n<\/div>\n    <\/div>\n\n\n<div class=\"col-12 col-md-6 px-0 pt-3 g--bkg-dark-02\"\n     \n\t \n\t>\n        \n\n<h2 class=\"has-text-align-center pt-4 pb-5 text-white wp-block-heading\">Wo wir sind<\/h2>\n\n\n\n<iframe class=\"js--lazy-load\" data-src=\"https:\/\/www.google.com\/maps\/embed?pb=!1m14!1m8!1m3!1d11446.495543840614!2d12.4305556!3d44.1736111!3m2!1i1024!2i768!4f13.1!3m3!1m2!1s0x0%3A0x1d0515c4a2e9d7e4!2sHotel%20Brasilia!5e0!3m2!1sit!2sit!4v1620216279004!5m2!1sit!2sit\" width=\"100%\" frameborder=\"0\" style=\"border:0; min-height: 350px; margin-bottom: -9px;\" allowfullscreen=\"\" aria-hidden=\"false\" tabindex=\"0\"><\/iframe>\n    <\/div>\n<\/div>\n<\/section>","protected":false},"excerpt":{"rendered":"","protected":false},"author":1,"featured_media":0,"parent":0,"menu_order":0,"comment_status":"closed","ping_status":"closed","template":"","meta":{"footnotes":""},"class_list":["post-490","page","type-page","status-publish","hentry"],"_links":{"self":[{"href":"https:\/\/www.hbrasilia.it\/de\/wp-json\/wp\/v2\/pages\/490","targetHints":{"allow":["GET"]}}],"collection":[{"href":"https:\/\/www.hbrasilia.it\/de\/wp-json\/wp\/v2\/pages"}],"about":[{"href":"https:\/\/www.hbrasilia.it\/de\/wp-json\/wp\/v2\/types\/page"}],"author":[{"embeddable":true,"href":"https:\/\/www.hbrasilia.it\/de\/wp-json\/wp\/v2\/users\/1"}],"replies":[{"embeddable":true,"href":"https:\/\/www.hbrasilia.it\/de\/wp-json\/wp\/v2\/comments?post=490"}],"version-history":[{"count":40,"href":"https:\/\/www.hbrasilia.it\/de\/wp-json\/wp\/v2\/pages\/490\/revisions"}],"predecessor-version":[{"id":1187,"href":"https:\/\/www.hbrasilia.it\/de\/wp-json\/wp\/v2\/pages\/490\/revisions\/1187"}],"wp:attachment":[{"href":"https:\/\/www.hbrasilia.it\/de\/wp-json\/wp\/v2\/media?parent=490"}],"curies":[{"name":"wp","href":"https:\/\/api.w.org\/{rel}","templated":true}]}}