{"id":400,"date":"2021-05-06T15:50:08","date_gmt":"2021-05-06T13:50:08","guid":{"rendered":"http:\/\/www.hbrasilia.it\/?page_id=400"},"modified":"2021-05-12T15:01:12","modified_gmt":"2021-05-12T13:01:12","slug":"vacanze-in-sicurezza","status":"publish","type":"page","link":"https:\/\/www.hbrasilia.it\/de\/vacanze-in-sicurezza\/","title":{"rendered":"Urlaub in Sicherheit"},"content":{"rendered":"<section class=\"container-fluid js--lazy-load wao-blocks-gallery-slider-flickity gallery-flickity-46951\" >\n    <article class=\"row\">\n        <div class=\"col-sm-12 p-0 position-relative\">\n            <section class=\"container-fluid js--lazy-load\">\n                <article class=\"row\">\n                    <div class=\"col-sm-12 p-0 position-relative\">\n                        <div class=\"js--flickity l--vh-50-md\" data-cellalign=\"left\" data-bglazyload=\"1\" data-freescroll=\"true\" data-wraparound=\"true\" data-autoplay=\"2000\" data-pauseautoplayonhover =\"true\" data-prevnextbuttons=\"false\" data-contain=\"true\" data-pagedots=\"false\" data-draggable=\"true\" data-groupcells=\"110%\" data-fade=\"true\">\n                                                            <div>\n                                    <div style=\"background: url('http:\/\/www.hbrasilia.it\/wp-content\/uploads\/2021\/05\/lh-7-dd-i-2.jpg') center center \/ cover no-repeat rgb(250, 250, 250); display: block; width: 100vw;\" class=\"l--vh-50-md\"><\/div>\n                                <\/div>\n                            \n                        <\/div>\n                        <div class=\"position-absolute l--top l--bottom mx-auto l--align-middle-vertical\">\n                            <div class=\"text-over-slider h1 text-quaternary text-center animated zoomIn\" data-anim=\"zoomIn\" data-cof=\"true\" data-cof-rule=\"font-size, 2rem, 2.5rem, 2.5rem, 3rem, 3rem\">\n                                Urlaub in Sicherheit                            <\/div>\n                                                    <\/div>\n                    <\/div>\n                <\/article>\n            <\/section>\n        <\/div>\n    <\/article>\n<\/section>\n\n<section class=\"wao-blocks-container container-fluid mb-2\"\n\t\t>\n    \n<section class=\"wao-blocks-container container mb-0 py-4\"\n\t\t>\n    \n<div class=\"wao-blocks-row row\" >\n    \n\n<div class=\"col-12 col-md-12\"\n     \n\t \n\t>\n        \n\n<div class=\"wao-blocks-accordion\" id=\"accordion\" >\n        <div class=\"card g--bkg-light-04 border-right-0 border-left-0 border-top-0 my-2\">\n        <div class=\"card-header border-0\" id=\"heading_69f54075bf1160\">\n            <h5 class=\"mb-0 mt-0\">\n                <button class=\"h5 mb-0\" data-toggle=\"collapse\"\n                    data-target=\"#collapse_69f54075bf1160\" aria-expanded=\"false\"\n                    aria-controls=\"collapse_69f54075bf1160\" style=\"white-space: normal;\">\n                    &gt; Organisation                <\/button>\n            <\/h5>\n        <\/div>\n        <div id=\"collapse_69f54075bf1160\" class=\"collapse\" aria-labelledby=\"headingOne\" data-parent=\"#accordion\">\n            <div class=\"card-body\">\n                W\u00e4hrend Ihres Aufenthaltes im Hotel bitten wir Sie, zu Ihrer Sicherheit und der der anderen G\u00e4ste die richtige soziale Distanz zu wahren. Au\u00dferdem bitten wir Sie, eine Maske zu tragen, wenn es nicht m\u00f6glich ist, die soziale Distanz zu wahren. Wenn Sie keine haben, stellen wir Ihnen eine zur Verf\u00fcgung!<br><br>Um das Einchecken zu erleichtern, k\u00f6nnen Sie es, wenn Sie es bevorzugen, direkt online machen, indem Sie uns die Daten und Dokumente der Bewohner per E-Mail schicken.<br><br>Cinzia und der Rest des Personals sind bereit, Sie zu empfangen, in v\u00f6lliger Sicherheit!            <\/div>\n        <\/div>\n    <\/div>\n        <div class=\"card g--bkg-light-04 border-right-0 border-left-0 border-top-0 my-2\">\n        <div class=\"card-header border-0\" id=\"heading_69f54075bf1161\">\n            <h5 class=\"mb-0 mt-0\">\n                <button class=\"h5 mb-0\" data-toggle=\"collapse\"\n                    data-target=\"#collapse_69f54075bf1161\" aria-expanded=\"false\"\n                    aria-controls=\"collapse_69f54075bf1161\" style=\"white-space: normal;\">\n                    &gt; Gemeinsame R\u00e4ume                <\/button>\n            <\/h5>\n        <\/div>\n        <div id=\"collapse_69f54075bf1161\" class=\"collapse\" aria-labelledby=\"headingOne\" data-parent=\"#accordion\">\n            <div class=\"card-body\">\n                In verschiedenen Bereichen des Hotels finden Sie Spender mit Desinfektionsmittel auf Alkoholbasis und spezielle Schilder, die Ihnen helfen, die Regeln einzuhalten.<br><br>Zus\u00e4tzlich finden Sie eine Bodenbeschilderung, auch im Speisesaal und vor dem Buffet, um den richtigen Abstand zwischen den Personen zu gew\u00e4hrleisten.<br><br>Ihre Gesundheit ist uns wirklich wichtig und deshalb haben wir eine professionelle Ausr\u00fcstung angeschafft, um Wasserstoffperoxid in den Gemeinschaftsbereichen und Zimmern zu verspr\u00fchen.<br><br>Was die Reinigung anbelangt, werden wir noch mehr Aufmerksamkeit als sonst aufwenden und uns verpflichten, die Gemeinschaftsbereiche und -r\u00e4ume h\u00e4ufig zu desinfizieren.            <\/div>\n        <\/div>\n    <\/div>\n        <div class=\"card g--bkg-light-04 border-right-0 border-left-0 border-top-0 my-2\">\n        <div class=\"card-header border-0\" id=\"heading_69f54075bf1162\">\n            <h5 class=\"mb-0 mt-0\">\n                <button class=\"h5 mb-0\" data-toggle=\"collapse\"\n                    data-target=\"#collapse_69f54075bf1162\" aria-expanded=\"false\"\n                    aria-controls=\"collapse_69f54075bf1162\" style=\"white-space: normal;\">\n                    &gt; R\u00e4ume                <\/button>\n            <\/h5>\n        <\/div>\n        <div id=\"collapse_69f54075bf1162\" class=\"collapse\" aria-labelledby=\"headingOne\" data-parent=\"#accordion\">\n            <div class=\"card-body\">\n                Nach jedem G\u00e4stewechsel werden die Zimmer mit gr\u00f6\u00dferer Sorgfalt als \u00fcblich und mit Hilfe eines professionellen Wasserstoffperoxid-Zerst\u00e4ubers ordentlich desinfiziert.            <\/div>\n        <\/div>\n    <\/div>\n        <div class=\"card g--bkg-light-04 border-right-0 border-left-0 border-top-0 my-2\">\n        <div class=\"card-header border-0\" id=\"heading_69f54075bf1163\">\n            <h5 class=\"mb-0 mt-0\">\n                <button class=\"h5 mb-0\" data-toggle=\"collapse\"\n                    data-target=\"#collapse_69f54075bf1163\" aria-expanded=\"false\"\n                    aria-controls=\"collapse_69f54075bf1163\" style=\"white-space: normal;\">\n                    &gt; Restaurant                <\/button>\n            <\/h5>\n        <\/div>\n        <div id=\"collapse_69f54075bf1163\" class=\"collapse\" aria-labelledby=\"headingOne\" data-parent=\"#accordion\">\n            <div class=\"card-body\">\n                In unserem Restaurant m\u00fcssen Sie nur noch die von unserem K\u00fcchenchef zubereiteten Speisen genie\u00dfen, um den Rest haben wir uns gek\u00fcmmert.<br>Die Tische haben die richtigen Abst\u00e4nde, entsprechen den geltenden Vorschriften und alle Speisen sowie die Getr\u00e4nke vom Fass werden direkt an Ihrem Tisch serviert.<br><br>Sowohl das Fr\u00fchst\u00fccksbuffet als auch das Mittag- und Abendessen werden durch spezielle Plexiglasscheiben gesch\u00fctzt; die Kunden k\u00f6nnen w\u00e4hlen, was sie bevorzugen und werden von unserem Personal am Tisch bedient.<br><br>Alternativ k\u00f6nnen Sie um ein Lunchpaket bitten, das Sie unter dem Sonnenschirm oder auf unserer gem\u00fctlichen Veranda verzehren k\u00f6nnen oder zum Mitnehmen, um es dort zu essen, wo Sie es w\u00fcnschen.            <\/div>\n        <\/div>\n    <\/div>\n        <div class=\"card g--bkg-light-04 border-right-0 border-left-0 border-top-0 my-2\">\n        <div class=\"card-header border-0\" id=\"heading_69f54075bf1164\">\n            <h5 class=\"mb-0 mt-0\">\n                <button class=\"h5 mb-0\" data-toggle=\"collapse\"\n                    data-target=\"#collapse_69f54075bf1164\" aria-expanded=\"false\"\n                    aria-controls=\"collapse_69f54075bf1164\" style=\"white-space: normal;\">\n                    &gt; Aperitifs, Partys und typische Abendessen                <\/button>\n            <\/h5>\n        <\/div>\n        <div id=\"collapse_69f54075bf1164\" class=\"collapse\" aria-labelledby=\"headingOne\" data-parent=\"#accordion\">\n            <div class=\"card-body\">\n                Im Brasilia in Cesenatico verzichten wir nicht auf Spa\u00df: In diesem Jahr wird unser Aperitif von H\u00f6rmusik begleitet und von unserem Personal am Tisch serviert.            <\/div>\n        <\/div>\n    <\/div>\n        <div class=\"card g--bkg-light-04 border-right-0 border-left-0 border-top-0 my-2\">\n        <div class=\"card-header border-0\" id=\"heading_69f54075bf1165\">\n            <h5 class=\"mb-0 mt-0\">\n                <button class=\"h5 mb-0\" data-toggle=\"collapse\"\n                    data-target=\"#collapse_69f54075bf1165\" aria-expanded=\"false\"\n                    aria-controls=\"collapse_69f54075bf1165\" style=\"white-space: normal;\">\n                    &gt; Strand                <\/button>\n            <\/h5>\n        <\/div>\n        <div id=\"collapse_69f54075bf1165\" class=\"collapse\" aria-labelledby=\"headingOne\" data-parent=\"#accordion\">\n            <div class=\"card-body\">\n                Auch in diesem Jahr erneuern wir die Vereinbarung mit unseren vertrauten Badeanstalten.<br>Denken Sie daran, bei Bedarf eine Maske zu tragen und Abstand zu anderen G\u00e4sten zu halten.<br><br>Die Schirme sind gem\u00e4\u00df den geltenden Vorschriften in ausreichendem Abstand aufgestellt und werden, wie auch die Liegest\u00fchle und Liegen, nach jedem G\u00e4stewechsel desinfiziert.<br>Dieses Jahr ist der Zutritt zum Strand begrenzt, also denken Sie daran, Ihren Schirm so schnell wie m\u00f6glich zu reservieren!<br><br>Die Kinder k\u00f6nnen sich auch in dem f\u00fcr sie reservierten Spielbereich vergn\u00fcgen; allerdings ist die Aufsicht durch Erwachsene und die Einhaltung der Regeln erforderlich.            <\/div>\n        <\/div>\n    <\/div>\n        <div class=\"card g--bkg-light-04 border-right-0 border-left-0 border-top-0 my-2\">\n        <div class=\"card-header border-0\" id=\"heading_69f54075bf1166\">\n            <h5 class=\"mb-0 mt-0\">\n                <button class=\"h5 mb-0\" data-toggle=\"collapse\"\n                    data-target=\"#collapse_69f54075bf1166\" aria-expanded=\"false\"\n                    aria-controls=\"collapse_69f54075bf1166\" style=\"white-space: normal;\">\n                    &gt; Kinderservices                <\/button>\n            <\/h5>\n        <\/div>\n        <div id=\"collapse_69f54075bf1166\" class=\"collapse\" aria-labelledby=\"headingOne\" data-parent=\"#accordion\">\n            <div class=\"card-body\">\n                Im Hotel Brasilia achten wir besonders auf unsere jungen G\u00e4ste und deren Sicherheit. Aus diesem Grund haben wir beschlossen, den Zugang zu den Spielbereichen zu begrenzen und Kinder m\u00fcssen von einem Elternteil begleitet werden.<br><br>Alle verwendeten Spielzeuge werden regelm\u00e4\u00dfig desinfiziert!            <\/div>\n        <\/div>\n    <\/div>\n        <div class=\"card g--bkg-light-04 border-right-0 border-left-0 border-top-0 my-2\">\n        <div class=\"card-header border-0\" id=\"heading_69f54075bf1167\">\n            <h5 class=\"mb-0 mt-0\">\n                <button class=\"h5 mb-0\" data-toggle=\"collapse\"\n                    data-target=\"#collapse_69f54075bf1167\" aria-expanded=\"false\"\n                    aria-controls=\"collapse_69f54075bf1167\" style=\"white-space: normal;\">\n                    &gt; Stornierungsbedingungen                <\/button>\n            <\/h5>\n        <\/div>\n        <div id=\"collapse_69f54075bf1167\" class=\"collapse\" aria-labelledby=\"headingOne\" data-parent=\"#accordion\">\n            <div class=\"card-body\">\n                Wenn Sie sich entschieden haben, einen Urlaub im Hotel Brasilia in Cesenatico zu buchen, k\u00f6nnen Sie dies ohne Sorgen tun. Wir haben unsere Stornierungsbedingungen elastischer und flexibler gestaltet.<br><br>Wenn Sie nicht kommen k\u00f6nnen, wird Ihnen die gesamte Anzahlung zur\u00fcckerstattet oder wir stellen Ihnen einen Gutschein aus, den Sie f\u00fcr einen anderen Zeitraum Ihrer Wahl verwenden k\u00f6nnen.            <\/div>\n        <\/div>\n    <\/div>\n    <\/div>\n    <\/div>\n<\/div>\n<\/section>\n<\/section>\n\n<section class=\"wao-blocks-container container mb-2\"\n\t\t>\n    \n<div class=\"wao-blocks-row row mw-800 mx-auto\" >\n    \n\n<div class=\"col-12 col-md-12 text-center pt-5\"\n     \n\t \n\t>\n        \n\n<h2 class=\"wp-block-heading\">Abonnieren Sie den Newsletter<\/h2>\n\n\n\n<div class=\"wao-blocks-immagine-src js--hideme\" \n    data-anim='rubberBand' >\n                    <img decoding=\"async\" src=\"http:\/\/www.hbrasilia.it\/wp-content\/uploads\/2021\/04\/divider-2.png\"  class=\"my-3\"  alt=\"Teiler-2\">\n    <\/div>\n    <\/div>\n\n\n<div class=\"col-12 pb-5\"\n     \n\t \n\t>\n        \n<script src=\"https:\/\/www.google.com\/recaptcha\/enterprise.js?render=6LdKs-6Lc3xMIcAAAAAO2K3CkgGUYb6BcsBOk289jP7NUP\"><\/script>\n<div class=\"l--box-newsletter wao-blocks-nav-tab py-4\" >\n    <form class=\"custom\" name=\"iscrizione_newsletter\" id=\"iscrizione_newsletter\" method=\"post\" autocomplete=\"OFF\" action=\"\">\n        <fieldset>\n            <div class=\"form-group row\">\n                <div id=\"newsletter\" class=\"col-12 col-lg-12 mx-auto\">\n<input value=\"on\" type=\"checkbox\" name=\"news_privacy\" id=\"news_privacy\">\n<label for=\"news_privacy\">*\n    <small>\n        <a href=\"javascript:void(0)\" title=\"Datenschutz\"\n            class=\"privacy link-privacy-policy\" style=\"cursor: pointer;\">\n            Ich akzeptiere Datenschutz\n        <\/a>\n    <\/small>\n<\/label>\n<\/div>                <div class=\"col-12 col-lg-4 mx-auto\">\n                    <input type=\"text\" class=\"form-control\" id=\"news_nome\" name=\"nome\" placeholder=\"Name*\">\n                <\/div>\n                <div class=\"col-12 col-lg-4 mx-auto\">\n                    <input type=\"text\" class=\"form-control\" id=\"news_email\" name=\"email\" value=\"\" placeholder=\"E-Mail*\">\n                <\/div>\n                                <div class=\"col-12 col-lg-4 mx-auto\">\n                    <button class=\"btn btn-outline-secondary\"type=\"submit\" id=\"iscrizioneNewsletter\">\n                        Anmelden\n                    <\/button>\n                    <input name=\"dominio\" type=\"hidden\" value=\"https:\/\/www.hbrasilia.it\/de\/\">\n                    <input name=\"idHotel\" type=\"hidden\" value=\"517\">\n                    <input name=\"lingua\" type=\"hidden\" value=\"it\">\n                <\/div>\n            <\/div>\n        <\/fieldset>\n    <input type=\"hidden\" name=\"trp-form-language\" value=\"de\"\/><\/form>\n<\/div>\n<div id=\"divAlert\" class=\"h-50 w-50 m-auto alert-info d-none\" style=\"position: fixed; top: 10px; left: 10px; right: 10px; bottom: 10px; z-index: 2000; overflow: auto\">\n\t<div class=\"text-right\">\n\t\t<a class=\"btn btn-primary btn_chiudi\" href=\"javascript:void(0)\" onclick=\"location.reload(true);\" title=\"Schlie\u00dfen\"><i class=\"fa fa-times\" aria-hidden=\"true\"><\/i><\/a>\n\t<\/div>\n\t<div class=\"text-center alert-info l--align-middle-vertical\" style=\"height: calc(100% - 50px);\">\n\t\t<div class=\"logo\"><\/div>\n\t\t<div class=\"text-center h-50 w-50\">\n\t\t\t<span class=\"display-3\"><i class=\"fa fa-paper-plane\" aria-hidden=\"true\"><\/i><\/span>\n\t\t\t<h4>Newsletter-Abonnement erfolgreich abgeschlossen<\/h4>\n\t\t<\/div>\n\t<\/div>\n<\/div>\n\n    <\/div>\n<\/div>\n<\/section>\n\n<section class=\"wao-blocks-container container-fluid mb-0\"\n\t\t>\n    \n<div class=\"wao-blocks-row row\" >\n    \n\n<div class=\"col-12 col-md-6 py-3 g--bkg-dark-04 px-4\"\n     \n\t \n\t>\n        \n\n<h2 class=\"has-text-align-center py-4 wp-block-heading\">Was sie \u00fcber uns sagen<\/h2>\n\n\n\n<div class=\"mx-auto text-center wao-blocks-recensioni-flickity recensioni-trip recensioni-flickity-81431\"\n        style=\"margin-bottom: 35px\">\n        <blockquote>\n        <div class=\"js--flickity\" data-cellalign=\"center\" data-bglazyload=\"1\" data-freescroll=\"true\" data-wraparound=\"true\" data-autoplay=\"5000\" data-pauseautoplayonhover =\"true\" data-prevnextbuttons=\"false\" data-contain=\"true\" data-pagedots=\"true\" data-draggable=\"false\" data-groupcells=\"1\" data-fade=\"true\" role=\"toolbar\">\n                        <div style=\"width: 100%;\">\n                                        <div>\n                                <img decoding=\"async\" src=\"http:\/\/www.hbrasilia.it\/wp-content\/uploads\/2021\/05\/tripadvisor.svg\" class=\"img-fluid mx-auto pb-3\" alt=\"tripadvisor\">\n                            <\/div>\n                                                <h4><\/h4>\n                        <p>Haben fantastische Tage in diesem Hotel verbracht. Besitzer und Personal warm und freundlich. Ausgezeichnetes Essen. Ausgezeichneter Service und Housekeeping. Guter Service und Sauberkeit. Ich empfehle es sehr f\u00fcr diejenigen, die einen ruhigen Urlaub in einer famili\u00e4ren Umgebung und mit ihren vierbeinigen Freunden verbringen wollen.<\/p>\n                        <strong>\n                            <i>Tatjana<\/i>\n                        <\/strong>\n                    <\/div>\n                        <div style=\"width: 100%;\">\n                                        <div>\n                                <img decoding=\"async\" src=\"http:\/\/www.hbrasilia.it\/wp-content\/uploads\/2021\/05\/tripadvisor.svg\" class=\"img-fluid mx-auto pb-3\" alt=\"tripadvisor\">\n                            <\/div>\n                                                <h4><\/h4>\n                        <p>Hotel consigliatissimo!!!! Heute leider der letzte Tag ... Der Besitzer Cynthia sehr freundlich und aufmerksam auf alles!!! Tadellose Sauberkeit, das gesamte Personal freundlich Ausgezeichnetes Essen und reichlich!!! Wir hatten eine tolle Zeit und haben auch unseren Hund Angel begr\u00fc\u00dft!!! Einziger Wermutstropfen: Am Ende des Urlaubs haben Sie ein paar Pfunde mehr! Was soll ich sagen? Geh hin Geh hin! Wir werden auf jeden Fall wiederkommen<\/p>\n                        <strong>\n                            <i>Barbara und Tito<\/i>\n                        <\/strong>\n                    <\/div>\n                        <div style=\"width: 100%;\">\n                                        <div>\n                                <img decoding=\"async\" src=\"http:\/\/www.hbrasilia.it\/wp-content\/uploads\/2021\/05\/tripadvisor.svg\" class=\"img-fluid mx-auto pb-3\" alt=\"tripadvisor\">\n                            <\/div>\n                                                <h4><\/h4>\n                        <p>Wir waren im Juli dort und haben das zweite Jahr das Brasilia f\u00fcr unseren Urlaub gew\u00e4hlt. Ausgezeichnete K\u00fcche, saubere und einladende Umgebung. Personal verf\u00fcgbar, freundlich und nie aufdringlich. Hotel in der N\u00e4he des Strandes und der Promenade, bequem zu allen Dienstleistungen ... Ich kann keinen Makel finden. Empfohlen!<\/p>\n                        <strong>\n                            <i>Claudia<\/i>\n                        <\/strong>\n                    <\/div>\n                        <div style=\"width: 100%;\">\n                                        <div>\n                                <img decoding=\"async\" src=\"http:\/\/www.hbrasilia.it\/wp-content\/uploads\/2021\/05\/tripadvisor.svg\" class=\"img-fluid mx-auto pb-3\" alt=\"tripadvisor\">\n                            <\/div>\n                                                <h4><\/h4>\n                        <p>Wir haben eine Woche in dieser Struktur an der Grenze zu Gatteo Mare verbracht. Wir hatten eine tolle Zeit, freundliches Personal so besonders die Besitzerin Frau Cynthia. Gutes Essen einfach aber mit viel Auswahl vom Fr\u00fchst\u00fcck bis zum Abendessen. Ausgezeichnetes Preis-Leistungs-Verh\u00e4ltnis ... Wir werden auf jeden Fall wiederkommen<\/p>\n                        <strong>\n                            <i>Barbara<\/i>\n                        <\/strong>\n                    <\/div>\n                        <div style=\"width: 100%;\">\n                                        <div>\n                                <img decoding=\"async\" src=\"http:\/\/www.hbrasilia.it\/wp-content\/uploads\/2021\/05\/tripadvisor.svg\" class=\"img-fluid mx-auto pb-3\" alt=\"tripadvisor\">\n                            <\/div>\n                                                <h4><\/h4>\n                        <p>4 Tage Freundlichkeit pur. Zwei Schritte vom Meer entfernt, in der Region, in der alles m\u00f6glich ist und \"wir alles tun, um Sie gl\u00fccklich zu machen\", steht hier alles im Zeichen dessen, was Sie sich nach einem Jahr Arbeit w\u00fcnschen. Vielen Dank an Cinzia und alle Mitarbeiter des Brasilia!<\/p>\n                        <strong>\n                            <i>Luca<\/i>\n                        <\/strong>\n                    <\/div>\n                    <\/div>\n    <\/blockquote>\n<\/div>\n    <\/div>\n\n\n<div class=\"col-12 col-md-6 px-0 pt-3 g--bkg-dark-02\"\n     \n\t \n\t>\n        \n\n<h2 class=\"has-text-align-center pt-4 pb-5 text-white wp-block-heading\">Wo wir sind<\/h2>\n\n\n\n<iframe class=\"js--lazy-load\" data-src=\"https:\/\/www.google.com\/maps\/embed?pb=!1m14!1m8!1m3!1d11446.495543840614!2d12.4305556!3d44.1736111!3m2!1i1024!2i768!4f13.1!3m3!1m2!1s0x0%3A0x1d0515c4a2e9d7e4!2sHotel%20Brasilia!5e0!3m2!1sit!2sit!4v1620216279004!5m2!1sit!2sit\" width=\"100%\" frameborder=\"0\" style=\"border:0; min-height: 350px; margin-bottom: -9px;\" allowfullscreen=\"\" aria-hidden=\"false\" tabindex=\"0\"><\/iframe>\n    <\/div>\n<\/div>\n<\/section>\n\n\n<p><\/p>","protected":false},"excerpt":{"rendered":"","protected":false},"author":1,"featured_media":0,"parent":0,"menu_order":0,"comment_status":"closed","ping_status":"closed","template":"","meta":{"footnotes":""},"class_list":["post-400","page","type-page","status-publish","hentry"],"_links":{"self":[{"href":"https:\/\/www.hbrasilia.it\/de\/wp-json\/wp\/v2\/pages\/400","targetHints":{"allow":["GET"]}}],"collection":[{"href":"https:\/\/www.hbrasilia.it\/de\/wp-json\/wp\/v2\/pages"}],"about":[{"href":"https:\/\/www.hbrasilia.it\/de\/wp-json\/wp\/v2\/types\/page"}],"author":[{"embeddable":true,"href":"https:\/\/www.hbrasilia.it\/de\/wp-json\/wp\/v2\/users\/1"}],"replies":[{"embeddable":true,"href":"https:\/\/www.hbrasilia.it\/de\/wp-json\/wp\/v2\/comments?post=400"}],"version-history":[{"count":84,"href":"https:\/\/www.hbrasilia.it\/de\/wp-json\/wp\/v2\/pages\/400\/revisions"}],"predecessor-version":[{"id":895,"href":"https:\/\/www.hbrasilia.it\/de\/wp-json\/wp\/v2\/pages\/400\/revisions\/895"}],"wp:attachment":[{"href":"https:\/\/www.hbrasilia.it\/de\/wp-json\/wp\/v2\/media?parent=400"}],"curies":[{"name":"wp","href":"https:\/\/api.w.org\/{rel}","templated":true}]}}